{"id":729162,"date":"2025-08-27T20:51:15","date_gmt":"2025-08-27T17:51:15","guid":{"rendered":"https:\/\/roveyayinevi.com.tr\/index.php\/urun\/utopyalar-iyidir\/"},"modified":"2026-04-16T02:37:02","modified_gmt":"2026-04-15T23:37:02","slug":"utopyalar-iyidir","status":"publish","type":"product","link":"https:\/\/roveyayinevi.com.tr\/index.php\/urun\/utopyalar-iyidir\/","title":{"rendered":"\u00dctopyalar \u0130yidir"},"content":{"rendered":"<p>\u201cAcaba, diyorum; toplumdan \u00e7ok bireye a\u011f\u0131rl\u0131k veren, bir toplum tasar\u0131m\u0131 \u00f6nerisi getirmek yerine, bir ya\u015fam kurtaran \u00fctopya da olamaz m\u0131? Ele\u015ftiriden \u00e7ok vaat ta\u015f\u0131yan, zenginle\u015ftiren, b\u00fct\u00fcn sanatlardan el alm\u0131\u015f bir \u00fctopya? Hani \u00fctopyan\u0131n aya\u011f\u0131 yere basmaz diye d\u00fc\u015f\u00fcn\u00fcl\u00fcr ya, kanad\u0131 ile biraz nefes verse, olmaz m\u0131? Belki olur&#8230; \u00dctopya bu ya!\u201d   Akatl\u0131\u2019n\u0131n soran ve sorgulayan bir deneme \u00fcslubu kullanarak, yal\u0131n ve g\u00f6steri\u015ften uzak bir dille kaleme ald\u0131\u011f\u0131 felsefe yaz\u0131lar\u0131 T\u00fcrkiye\u2019nin felsefe tarihinde \u00f6nemli bir yer tutar. \u00c7\u00fcnk\u00fc T\u00fcrkiye\u2019de felsefe dendi\u011finde elinde tuttu\u011fu sis lambas\u0131yla yolu \u00fczerine d\u00fc\u015fen puslara, g\u00f6lgeli kuytulara \u0131\u015f\u0131k d\u00fc\u015f\u00fcrmeye, ayd\u0131nlatmaya \u00e7al\u0131\u015fm\u0131\u015f biridir kendisi.   F\u00fcsun Akatl\u0131\u2019n\u0131n, K\u0131rm\u0131z\u0131 Kedi Yay\u0131nevi taraf\u0131ndan yay\u0131mlanan b\u00fct\u00fcn yaz\u0131lar\u0131n\u0131n bu son cildinde hayat\u0131n\u0131 adad\u0131\u011f\u0131, \u00f6\u011fretmenli\u011fini yapt\u0131\u011f\u0131 felsefe \u00fczerine olan yaz\u0131lar\u0131n\u0131 toplad\u0131k. Kendisinin de dedi\u011fi gibi: \u201cBu yaz\u0131lar\u0131n; bir edebiyat\u00e7\u0131n\u0131n felsefeci yan\u0131 ile, bir felsefecinin edebiyat\u00e7\u0131 yan\u0131n\u0131n elele verdi\u011fi denemeler olarak okunmas\u0131 dile\u011fiyle&#8230;\u201d <\/p>\n","protected":false},"excerpt":{"rendered":"<p>\u201cAcaba, diyorum; toplumdan \u00e7ok bireye a\u011f\u0131rl\u0131k veren, bir toplum tasar\u0131m\u0131 \u00f6nerisi getirmek yerine, bir ya\u015fam kurtaran \u00fctopya da olamaz m\u0131? Ele\u015ftiriden \u00e7ok vaat ta\u015f\u0131yan, zenginle\u015ftiren, b\u00fct\u00fcn<span class=\"excerpt-hellip\"> [\u2026]<\/span><\/p>\n","protected":false},"featured_media":0,"template":"","meta":{"_monsterinsights_skip_tracking":false,"_monsterinsights_sitenote_active":false,"_monsterinsights_sitenote_note":"","_monsterinsights_sitenote_category":0},"product_brand":[],"product_cat":[13072,12291],"product_tag":[],"class_list":{"0":"post-729162","1":"product","2":"type-product","3":"status-publish","5":"product_cat-arastirma-inceleme-referans","6":"product_cat-edebiyat","7":"pa_cilt-ciltsiz","8":"pa_tur-kitap","9":"pa_yayinevi-kirmizi-kedi-yayinevi","10":"pa_yazar-fusun-akatli","12":"first","13":"instock","14":"sale","15":"shipping-taxable","16":"purchasable","17":"product-type-simple"},"_links":{"self":[{"href":"https:\/\/roveyayinevi.com.tr\/index.php\/wp-json\/wp\/v2\/product\/729162","targetHints":{"allow":["GET"]}}],"collection":[{"href":"https:\/\/roveyayinevi.com.tr\/index.php\/wp-json\/wp\/v2\/product"}],"about":[{"href":"https:\/\/roveyayinevi.com.tr\/index.php\/wp-json\/wp\/v2\/types\/product"}],"wp:attachment":[{"href":"https:\/\/roveyayinevi.com.tr\/index.php\/wp-json\/wp\/v2\/media?parent=729162"}],"wp:term":[{"taxonomy":"product_brand","embeddable":true,"href":"https:\/\/roveyayinevi.com.tr\/index.php\/wp-json\/wp\/v2\/product_brand?post=729162"},{"taxonomy":"product_cat","embeddable":true,"href":"https:\/\/roveyayinevi.com.tr\/index.php\/wp-json\/wp\/v2\/product_cat?post=729162"},{"taxonomy":"product_tag","embeddable":true,"href":"https:\/\/roveyayinevi.com.tr\/index.php\/wp-json\/wp\/v2\/product_tag?post=729162"}],"curies":[{"name":"wp","href":"https:\/\/api.w.org\/{rel}","templated":true}]}}