{"id":729161,"date":"2025-08-27T20:51:14","date_gmt":"2025-08-27T17:51:14","guid":{"rendered":"https:\/\/roveyayinevi.com.tr\/index.php\/urun\/pinin-tarihi\/"},"modified":"2026-04-16T02:37:02","modified_gmt":"2026-04-15T23:37:02","slug":"pinin-tarihi","status":"publish","type":"product","link":"https:\/\/roveyayinevi.com.tr\/index.php\/urun\/pinin-tarihi\/","title":{"rendered":"Pi\u2019nin Tarihi"},"content":{"rendered":"<p>Matematikle aram\u0131z iyi olmasa bile \u00e7o\u011fumuz bir \u03c0 say\u0131s\u0131 oldu\u011funu biliriz, hatta daha sorulmadan bir \u00fc\u00e7 virg\u00fcl on d\u00f6rt sabiti \u00e7\u0131k\u0131verir muhtemelen a\u011fz\u0131m\u0131zdan. Farkl\u0131 hesaplama y\u00f6ntemleriyle az \u00e7ok birbirine yak\u0131n tahminler y\u00fcr\u00fct\u00fclerek binlerce y\u0131l \u00f6ncesinden, \u00fcstelik \u00fc\u00e7 farkl\u0131 k\u0131tada Yunan, Pers, Hint, \u00c7in, \u0130slam gibi bamba\u015fka k\u00fclt\u00fcrler, medeniyetler i\u00e7inde varl\u0131k bulan kadim bir bilgi ne de olsa. Y\u00fczy\u0131llar boyunca, en do\u011fru de\u011feri bulma, virg\u00fcl\u00fcn ard\u0131nda uzay\u0131p giden sonu gelmez ondal\u0131k say\u0131 dizisinde ula\u015f\u0131labilecek en u\u00e7 rakama varma kayg\u0131s\u0131yla yazd\u0131rd\u0131\u011f\u0131 hik\u00e2yelerle matematik tarihi i\u00e7inde ayr\u0131 bir yer tuttu\u011fu kesin. Ar\u015fimet\u2019ten Newton\u2019a pek \u00e7ok dehan\u0131n sadece de\u011ferini de\u011fil, ayn\u0131 zamanda do\u011fas\u0131n\u0131 da ortaya koymak i\u00e7in yo\u011fun u\u011fra\u015flar verdi\u011fi \u03c0 say\u0131s\u0131n\u0131n gizemi bug\u00fcne de\u011fin felsefeden do\u011fabilimlerine hem teorik hem pratik bir\u00e7ok alanda geli\u015fimin \u00f6n\u00fcn\u00fc a\u00e7m\u0131\u015f g\u00f6r\u00fcn\u00fcyor. 2009\u2019dan bu yana t\u00fcm d\u00fcnyada her sene \u00fc\u00e7\u00fcnc\u00fc ay\u0131n 14. g\u00fcn\u00fc bayram\u0131 kutlanan \u03c0, gen\u00e7leri matemati\u011fe \u00f6zendirecek bir merak konusu olarak cazibesini h\u00e2l\u00e2 koruyor. <\/p>\n","protected":false},"excerpt":{"rendered":"<p>Matematikle aram\u0131z iyi olmasa bile \u00e7o\u011fumuz bir \u03c0 say\u0131s\u0131 oldu\u011funu biliriz, hatta daha sorulmadan bir \u00fc\u00e7 virg\u00fcl on d\u00f6rt sabiti \u00e7\u0131k\u0131verir muhtemelen a\u011fz\u0131m\u0131zdan. Farkl\u0131 hesaplama y\u00f6ntemleriyle<span class=\"excerpt-hellip\"> [\u2026]<\/span><\/p>\n","protected":false},"featured_media":0,"template":"","meta":{"_monsterinsights_skip_tracking":false,"_monsterinsights_sitenote_active":false,"_monsterinsights_sitenote_note":"","_monsterinsights_sitenote_category":0},"product_brand":[],"product_cat":[13005,16724],"product_tag":[],"class_list":{"0":"post-729161","1":"product","2":"type-product","3":"status-publish","5":"product_cat-bilim-muhendislik","6":"product_cat-matematik","7":"pa_cilt-ciltsiz","8":"pa_tur-kitap","9":"pa_yayinevi-kirmizi-kedi-yayinevi","10":"pa_yazar-pietro-greco","12":"first","13":"instock","14":"sale","15":"shipping-taxable","16":"purchasable","17":"product-type-simple"},"_links":{"self":[{"href":"https:\/\/roveyayinevi.com.tr\/index.php\/wp-json\/wp\/v2\/product\/729161","targetHints":{"allow":["GET"]}}],"collection":[{"href":"https:\/\/roveyayinevi.com.tr\/index.php\/wp-json\/wp\/v2\/product"}],"about":[{"href":"https:\/\/roveyayinevi.com.tr\/index.php\/wp-json\/wp\/v2\/types\/product"}],"wp:attachment":[{"href":"https:\/\/roveyayinevi.com.tr\/index.php\/wp-json\/wp\/v2\/media?parent=729161"}],"wp:term":[{"taxonomy":"product_brand","embeddable":true,"href":"https:\/\/roveyayinevi.com.tr\/index.php\/wp-json\/wp\/v2\/product_brand?post=729161"},{"taxonomy":"product_cat","embeddable":true,"href":"https:\/\/roveyayinevi.com.tr\/index.php\/wp-json\/wp\/v2\/product_cat?post=729161"},{"taxonomy":"product_tag","embeddable":true,"href":"https:\/\/roveyayinevi.com.tr\/index.php\/wp-json\/wp\/v2\/product_tag?post=729161"}],"curies":[{"name":"wp","href":"https:\/\/api.w.org\/{rel}","templated":true}]}}