{"id":729159,"date":"2025-08-27T20:51:12","date_gmt":"2025-08-27T17:51:12","guid":{"rendered":"https:\/\/roveyayinevi.com.tr\/index.php\/urun\/ayni-benim-gibi-farkli\/"},"modified":"2026-04-16T02:37:02","modified_gmt":"2026-04-15T23:37:02","slug":"ayni-benim-gibi-farkli","status":"publish","type":"product","link":"https:\/\/roveyayinevi.com.tr\/index.php\/urun\/ayni-benim-gibi-farkli\/","title":{"rendered":"Ayn\u0131 Benim Gibi Farkl\u0131"},"content":{"rendered":"<p>K\u0131rm\u0131z\u0131lar, k\u0131m\u0131z\u0131 olmay\u0131 Sar\u0131lar, sar\u0131 olmay\u0131 Maviler, mavi olmay\u0131   SEV\u0130YORLARDI.   Ama bir sorun vard\u0131.   K\u0131rm\u0131z\u0131lar, Mavileri Maviler, Sar\u0131lar\u0131 Sar\u0131lar, K\u0131rm\u0131z\u0131lar\u0131 SEVM\u0130YORLARDI.    Sonra bir g\u00fcn her \u015fey de\u011fi\u015fti.FARKLI bir hik\u00e2ye.<\/p>\n","protected":false},"excerpt":{"rendered":"<p>K\u0131rm\u0131z\u0131lar, k\u0131m\u0131z\u0131 olmay\u0131 Sar\u0131lar, sar\u0131 olmay\u0131 Maviler, mavi olmay\u0131 SEV\u0130YORLARDI. Ama bir sorun vard\u0131. K\u0131rm\u0131z\u0131lar, Mavileri Maviler, Sar\u0131lar\u0131 Sar\u0131lar, K\u0131rm\u0131z\u0131lar\u0131 SEVM\u0130YORLARDI. Sonra bir g\u00fcn her \u015fey<span class=\"excerpt-hellip\"> [\u2026]<\/span><\/p>\n","protected":false},"featured_media":0,"template":"","meta":{"_monsterinsights_skip_tracking":false,"_monsterinsights_sitenote_active":false,"_monsterinsights_sitenote_note":"","_monsterinsights_sitenote_category":0},"product_brand":[],"product_cat":[12274,12523],"product_tag":[],"class_list":{"0":"post-729159","1":"product","2":"type-product","3":"status-publish","5":"product_cat-cocuk-ve-genclik-kitaplari","6":"product_cat-masallar","7":"pa_cilt-ciltsiz","8":"pa_tur-kitap","9":"pa_yayinevi-sincap-kitap","10":"pa_yazar-tom-mclaughlin","12":"first","13":"instock","14":"sale","15":"shipping-taxable","16":"purchasable","17":"product-type-simple"},"_links":{"self":[{"href":"https:\/\/roveyayinevi.com.tr\/index.php\/wp-json\/wp\/v2\/product\/729159","targetHints":{"allow":["GET"]}}],"collection":[{"href":"https:\/\/roveyayinevi.com.tr\/index.php\/wp-json\/wp\/v2\/product"}],"about":[{"href":"https:\/\/roveyayinevi.com.tr\/index.php\/wp-json\/wp\/v2\/types\/product"}],"wp:attachment":[{"href":"https:\/\/roveyayinevi.com.tr\/index.php\/wp-json\/wp\/v2\/media?parent=729159"}],"wp:term":[{"taxonomy":"product_brand","embeddable":true,"href":"https:\/\/roveyayinevi.com.tr\/index.php\/wp-json\/wp\/v2\/product_brand?post=729159"},{"taxonomy":"product_cat","embeddable":true,"href":"https:\/\/roveyayinevi.com.tr\/index.php\/wp-json\/wp\/v2\/product_cat?post=729159"},{"taxonomy":"product_tag","embeddable":true,"href":"https:\/\/roveyayinevi.com.tr\/index.php\/wp-json\/wp\/v2\/product_tag?post=729159"}],"curies":[{"name":"wp","href":"https:\/\/api.w.org\/{rel}","templated":true}]}}