{"id":729156,"date":"2025-08-27T20:51:10","date_gmt":"2025-08-27T17:51:10","guid":{"rendered":"https:\/\/roveyayinevi.com.tr\/index.php\/urun\/cicek-ekspresi\/"},"modified":"2026-04-16T02:37:02","modified_gmt":"2026-04-15T23:37:02","slug":"cicek-ekspresi","status":"publish","type":"product","link":"https:\/\/roveyayinevi.com.tr\/index.php\/urun\/cicek-ekspresi\/","title":{"rendered":"\u00c7i\u00e7ek Ekspresi"},"content":{"rendered":"<p>Masallar\u0131n sonsuza dek yok oldu\u011fu bir d\u00fcnyay\u0131 d\u00fc\u015f\u00fcn\u00fcn. T\u00fcm masal kahramanlar\u0131n\u0131n unutuldu\u011fu, masal s\u00f6zc\u00fc\u011f\u00fcn\u00fcn dahi yok oldu\u011fu bir d\u00fcnya\u2026 Can, uykudan \u00f6nce dinledi\u011fi her masal\u0131 r\u00fcyas\u0131na ta\u015f\u0131r. Kimi zaman ejderhalarla sava\u015fan bir \u015f\u00f6valye olur, kimi zaman koskocaman devlerle arkada\u015fl\u0131k kurar. Bu kez Can kendini, onu dinledi\u011fimiz b\u00fct\u00fcn masallar\u0131n olu\u015ftu\u011fu yere, Masallar Diyar\u0131\u2019na g\u00f6t\u00fcren \u00c7i\u00e7ek Ekspresi\u2019nde bulur. Nil, Yi\u011fit ve Narin de bu yolculukta ona e\u015flik eder. Pinokyo, Peter Pan, Rapunzel veya Nasreddin Hoca ile kar\u015f\u0131la\u015fabilecekleri bu diyarda masal kahramanlar\u0131 b\u00fcy\u00fck bir tehlikenin i\u00e7indedir. K\u00f6t\u00fcl\u00fck \u00e7i\u00e7ekleri, masallar\u0131 de\u011fi\u015ftirerek mutsuz yeni sonlar haz\u0131rlarken Can ve arkada\u015flar\u0131 sevgi, cesaret, merhamet ve d\u00fcr\u00fcstl\u00fckle onlara kar\u015f\u0131 durabilecekler mi?\u015eimdi \u00c7i\u00e7ek Ekspresi ile birlikte bu yolculu\u011fa \u00e7\u0131kmay\u0131 kabul ediyorsan kitab\u0131n kapa\u011f\u0131n\u0131 a\u00e7! \u00c7abuk ol! Masallar Diyar\u0131\u2019na varmak \u00fczereyiz!<\/p>\n","protected":false},"excerpt":{"rendered":"<p>Masallar\u0131n sonsuza dek yok oldu\u011fu bir d\u00fcnyay\u0131 d\u00fc\u015f\u00fcn\u00fcn. T\u00fcm masal kahramanlar\u0131n\u0131n unutuldu\u011fu, masal s\u00f6zc\u00fc\u011f\u00fcn\u00fcn dahi yok oldu\u011fu bir d\u00fcnya\u2026 Can, uykudan \u00f6nce dinledi\u011fi her masal\u0131 r\u00fcyas\u0131na<span class=\"excerpt-hellip\"> [\u2026]<\/span><\/p>\n","protected":false},"featured_media":0,"template":"","meta":{"_monsterinsights_skip_tracking":false,"_monsterinsights_sitenote_active":false,"_monsterinsights_sitenote_note":"","_monsterinsights_sitenote_category":0},"product_brand":[],"product_cat":[12275,12274],"product_tag":[],"class_list":{"0":"post-729156","1":"product","2":"type-product","3":"status-publish","5":"product_cat-6-12-yas-kitaplari","6":"product_cat-cocuk-ve-genclik-kitaplari","7":"pa_cilt-ciltsiz","8":"pa_tur-kitap","9":"pa_yayinevi-genc-timas","10":"pa_yazar-ozgur-balpinar","12":"first","13":"instock","14":"sale","15":"shipping-taxable","16":"purchasable","17":"product-type-simple"},"_links":{"self":[{"href":"https:\/\/roveyayinevi.com.tr\/index.php\/wp-json\/wp\/v2\/product\/729156","targetHints":{"allow":["GET"]}}],"collection":[{"href":"https:\/\/roveyayinevi.com.tr\/index.php\/wp-json\/wp\/v2\/product"}],"about":[{"href":"https:\/\/roveyayinevi.com.tr\/index.php\/wp-json\/wp\/v2\/types\/product"}],"wp:attachment":[{"href":"https:\/\/roveyayinevi.com.tr\/index.php\/wp-json\/wp\/v2\/media?parent=729156"}],"wp:term":[{"taxonomy":"product_brand","embeddable":true,"href":"https:\/\/roveyayinevi.com.tr\/index.php\/wp-json\/wp\/v2\/product_brand?post=729156"},{"taxonomy":"product_cat","embeddable":true,"href":"https:\/\/roveyayinevi.com.tr\/index.php\/wp-json\/wp\/v2\/product_cat?post=729156"},{"taxonomy":"product_tag","embeddable":true,"href":"https:\/\/roveyayinevi.com.tr\/index.php\/wp-json\/wp\/v2\/product_tag?post=729156"}],"curies":[{"name":"wp","href":"https:\/\/api.w.org\/{rel}","templated":true}]}}