{"id":729155,"date":"2025-08-27T20:51:09","date_gmt":"2025-08-27T17:51:09","guid":{"rendered":"https:\/\/roveyayinevi.com.tr\/index.php\/urun\/aynali-baba-ile-raci\/"},"modified":"2026-04-16T02:37:02","modified_gmt":"2026-04-15T23:37:02","slug":"aynali-baba-ile-raci","status":"publish","type":"product","link":"https:\/\/roveyayinevi.com.tr\/index.php\/urun\/aynali-baba-ile-raci\/","title":{"rendered":"Aynal\u0131 Baba ile Raci"},"content":{"rendered":"<p>Aynal\u0131 Baba ney\u2019ine \u00fcfleyince, kahraman\u0131m\u0131z R\u00e2c\u00ee, uzak diyarlara do\u011fru yolculuklara \u00e7\u0131k\u0131yor.Sen de ona kat\u0131l\u0131r m\u0131s\u0131n? Anka ku\u015fu ile gezegenler aras\u0131nda dola\u015fmak ister misin?Hint padi\u015fah\u0131n\u0131n o\u011flu olmaya veya muhte\u015fem bir kar\u0131nca \u015fehrinde ya\u015famaya ne dersin?Cab\u00fclka\u2019dan tek g\u00f6zl\u00fc, tek kollu ve tek ayakl\u0131 varl\u0131klarla Cab\u00fclsa\u2019ya seyahate \u00e7\u0131kmaya var m\u0131s\u0131n?Milset \u015fehrinin harabelerinde \u00fclkenizin kaderini de\u011fi\u015ftirecek form\u00fclleri aramak ister misin?Kar\u0131ncalar \u015fehrinin sokaklar\u0131nda dola\u015f\u0131p kar\u0131ncalar\u0131n ileri gelen \u00e2limleriyle bilimsel bir toplant\u0131ya kat\u0131lmak nas\u0131l bir duygudur sence?\u00d6yleyse haz\u0131rlan!Aynal\u0131 Baba ney\u2019ini eline ald\u0131!\u00dcflemek \u00fczere!<\/p>\n","protected":false},"excerpt":{"rendered":"<p>Aynal\u0131 Baba ney\u2019ine \u00fcfleyince, kahraman\u0131m\u0131z R\u00e2c\u00ee, uzak diyarlara do\u011fru yolculuklara \u00e7\u0131k\u0131yor.Sen de ona kat\u0131l\u0131r m\u0131s\u0131n? Anka ku\u015fu ile gezegenler aras\u0131nda dola\u015fmak ister misin?Hint padi\u015fah\u0131n\u0131n o\u011flu olmaya<span class=\"excerpt-hellip\"> [\u2026]<\/span><\/p>\n","protected":false},"featured_media":0,"template":"","meta":{"_monsterinsights_skip_tracking":false,"_monsterinsights_sitenote_active":false,"_monsterinsights_sitenote_note":"","_monsterinsights_sitenote_category":0},"product_brand":[],"product_cat":[12275,12274],"product_tag":[],"class_list":{"0":"post-729155","1":"product","2":"type-product","3":"status-publish","5":"product_cat-6-12-yas-kitaplari","6":"product_cat-cocuk-ve-genclik-kitaplari","7":"pa_cilt-ciltsiz","8":"pa_tur-kitap","9":"pa_yayinevi-genc-timas","10":"pa_yazar-abdullah-harmanci","12":"first","13":"instock","14":"sale","15":"shipping-taxable","16":"purchasable","17":"product-type-simple"},"_links":{"self":[{"href":"https:\/\/roveyayinevi.com.tr\/index.php\/wp-json\/wp\/v2\/product\/729155","targetHints":{"allow":["GET"]}}],"collection":[{"href":"https:\/\/roveyayinevi.com.tr\/index.php\/wp-json\/wp\/v2\/product"}],"about":[{"href":"https:\/\/roveyayinevi.com.tr\/index.php\/wp-json\/wp\/v2\/types\/product"}],"wp:attachment":[{"href":"https:\/\/roveyayinevi.com.tr\/index.php\/wp-json\/wp\/v2\/media?parent=729155"}],"wp:term":[{"taxonomy":"product_brand","embeddable":true,"href":"https:\/\/roveyayinevi.com.tr\/index.php\/wp-json\/wp\/v2\/product_brand?post=729155"},{"taxonomy":"product_cat","embeddable":true,"href":"https:\/\/roveyayinevi.com.tr\/index.php\/wp-json\/wp\/v2\/product_cat?post=729155"},{"taxonomy":"product_tag","embeddable":true,"href":"https:\/\/roveyayinevi.com.tr\/index.php\/wp-json\/wp\/v2\/product_tag?post=729155"}],"curies":[{"name":"wp","href":"https:\/\/api.w.org\/{rel}","templated":true}]}}