{"id":729153,"date":"2025-08-27T20:51:07","date_gmt":"2025-08-27T17:51:07","guid":{"rendered":"https:\/\/roveyayinevi.com.tr\/index.php\/urun\/hisseli-kissalar\/"},"modified":"2026-04-16T02:37:02","modified_gmt":"2026-04-15T23:37:02","slug":"hisseli-kissalar","status":"publish","type":"product","link":"https:\/\/roveyayinevi.com.tr\/index.php\/urun\/hisseli-kissalar\/","title":{"rendered":"Hisseli K\u0131ssalar"},"content":{"rendered":"<p>Modern \u0130talyan edebiyat\u0131nda derin etkileri olan; Umberto Saba, Eugenio Montale ve \u00f6zellikle Giuseppe Ungaretti gibi \u00f6nemli \u015fairler i\u00e7in bir model ve usta say\u0131lan Giacomo Leopardi\u2019nin (1798-1837) Hisseli K\u0131ssalar\u2019\u0131 ilk kez T\u00fcrk\u00e7e\u2019de. Avrupa Romantik ak\u0131m\u0131n\u0131n en \u00fcnl\u00fc yazarlar\u0131ndan Leopardi\u2019nin bu \u00f6nemli eserini Kemal Atakay\u2019\u0131n \u00f6zenli \u00e7evirisiyle okuyacaks\u0131n\u0131z.<\/p>\n","protected":false},"excerpt":{"rendered":"<p>Modern \u0130talyan edebiyat\u0131nda derin etkileri olan; Umberto Saba, Eugenio Montale ve \u00f6zellikle Giuseppe Ungaretti gibi \u00f6nemli \u015fairler i\u00e7in bir model ve usta say\u0131lan Giacomo Leopardi\u2019nin (1798-1837)<span class=\"excerpt-hellip\"> [\u2026]<\/span><\/p>\n","protected":false},"featured_media":0,"template":"","meta":{"_monsterinsights_skip_tracking":false,"_monsterinsights_sitenote_active":false,"_monsterinsights_sitenote_note":"","_monsterinsights_sitenote_category":0},"product_brand":[],"product_cat":[16038,12388],"product_tag":[],"class_list":{"0":"post-729153","1":"product","2":"type-product","3":"status-publish","5":"product_cat-arastirma-inceleme-referans-felsefe","6":"product_cat-felsefe","7":"pa_cilt-ciltsiz","8":"pa_tur-kitap","9":"pa_yayinevi-yapi-kredi-yayinlari","10":"pa_yazar-giacomo-leopardi","12":"first","13":"instock","14":"sale","15":"shipping-taxable","16":"purchasable","17":"product-type-simple"},"_links":{"self":[{"href":"https:\/\/roveyayinevi.com.tr\/index.php\/wp-json\/wp\/v2\/product\/729153","targetHints":{"allow":["GET"]}}],"collection":[{"href":"https:\/\/roveyayinevi.com.tr\/index.php\/wp-json\/wp\/v2\/product"}],"about":[{"href":"https:\/\/roveyayinevi.com.tr\/index.php\/wp-json\/wp\/v2\/types\/product"}],"wp:attachment":[{"href":"https:\/\/roveyayinevi.com.tr\/index.php\/wp-json\/wp\/v2\/media?parent=729153"}],"wp:term":[{"taxonomy":"product_brand","embeddable":true,"href":"https:\/\/roveyayinevi.com.tr\/index.php\/wp-json\/wp\/v2\/product_brand?post=729153"},{"taxonomy":"product_cat","embeddable":true,"href":"https:\/\/roveyayinevi.com.tr\/index.php\/wp-json\/wp\/v2\/product_cat?post=729153"},{"taxonomy":"product_tag","embeddable":true,"href":"https:\/\/roveyayinevi.com.tr\/index.php\/wp-json\/wp\/v2\/product_tag?post=729153"}],"curies":[{"name":"wp","href":"https:\/\/api.w.org\/{rel}","templated":true}]}}