{"id":729151,"date":"2025-08-27T20:51:05","date_gmt":"2025-08-27T17:51:05","guid":{"rendered":"https:\/\/roveyayinevi.com.tr\/index.php\/urun\/fenomenolojik-hareket\/"},"modified":"2026-04-16T02:37:02","modified_gmt":"2026-04-15T23:37:02","slug":"fenomenolojik-hareket","status":"publish","type":"product","link":"https:\/\/roveyayinevi.com.tr\/index.php\/urun\/fenomenolojik-hareket\/","title":{"rendered":"Fenomenolojik Hareket"},"content":{"rendered":"<p>Brentano, Husserl, Scheler, Heidegger, Sartre, Merleau-Ponty, Ric\u0153ur ve Levinas gibi \u00fcnl\u00fc fenomenolog filozoflar \u00fczerinden ilerleyen bu \u00e7al\u0131\u015fma, Fenomenolojik Hareketin en ba\u015f\u0131ndan son d\u00f6neme kadar olan ser\u00fcvenini sunar. Fenomenolojik hareketin co\u011frafyas\u0131 ve y\u00f6ntemin esaslar\u0131 da 900 sayfal\u0131k bu eserin kapsam\u0131 dahilinde.<\/p>\n","protected":false},"excerpt":{"rendered":"<p>Brentano, Husserl, Scheler, Heidegger, Sartre, Merleau-Ponty, Ric\u0153ur ve Levinas gibi \u00fcnl\u00fc fenomenolog filozoflar \u00fczerinden ilerleyen bu \u00e7al\u0131\u015fma, Fenomenolojik Hareketin en ba\u015f\u0131ndan son d\u00f6neme kadar olan ser\u00fcvenini<span class=\"excerpt-hellip\"> [\u2026]<\/span><\/p>\n","protected":false},"featured_media":0,"template":"","meta":{"_monsterinsights_skip_tracking":false,"_monsterinsights_sitenote_active":false,"_monsterinsights_sitenote_note":"","_monsterinsights_sitenote_category":0},"product_brand":[],"product_cat":[12389,12388],"product_tag":[],"class_list":{"0":"post-729151","1":"product","2":"type-product","3":"status-publish","5":"product_cat-diger-felsefe","6":"product_cat-felsefe","7":"pa_cilt-ciltsiz","8":"pa_tur-kitap","9":"pa_yayinevi-pinhan-yayincilik","10":"pa_yazar-herbert-spiegelberg","12":"first","13":"instock","14":"sale","15":"shipping-taxable","16":"purchasable","17":"product-type-simple"},"_links":{"self":[{"href":"https:\/\/roveyayinevi.com.tr\/index.php\/wp-json\/wp\/v2\/product\/729151","targetHints":{"allow":["GET"]}}],"collection":[{"href":"https:\/\/roveyayinevi.com.tr\/index.php\/wp-json\/wp\/v2\/product"}],"about":[{"href":"https:\/\/roveyayinevi.com.tr\/index.php\/wp-json\/wp\/v2\/types\/product"}],"wp:attachment":[{"href":"https:\/\/roveyayinevi.com.tr\/index.php\/wp-json\/wp\/v2\/media?parent=729151"}],"wp:term":[{"taxonomy":"product_brand","embeddable":true,"href":"https:\/\/roveyayinevi.com.tr\/index.php\/wp-json\/wp\/v2\/product_brand?post=729151"},{"taxonomy":"product_cat","embeddable":true,"href":"https:\/\/roveyayinevi.com.tr\/index.php\/wp-json\/wp\/v2\/product_cat?post=729151"},{"taxonomy":"product_tag","embeddable":true,"href":"https:\/\/roveyayinevi.com.tr\/index.php\/wp-json\/wp\/v2\/product_tag?post=729151"}],"curies":[{"name":"wp","href":"https:\/\/api.w.org\/{rel}","templated":true}]}}