{"id":729150,"date":"2025-08-27T20:51:04","date_gmt":"2025-08-27T17:51:04","guid":{"rendered":"https:\/\/roveyayinevi.com.tr\/index.php\/urun\/bir-karin-dolusu-sir\/"},"modified":"2026-04-16T02:37:02","modified_gmt":"2026-04-15T23:37:02","slug":"bir-karin-dolusu-sir","status":"publish","type":"product","link":"https:\/\/roveyayinevi.com.tr\/index.php\/urun\/bir-karin-dolusu-sir\/","title":{"rendered":"Bir Kar\u0131n Dolusu S\u0131r"},"content":{"rendered":"<p>Bir Kar\u0131n Dolusu S\u0131r miniklerin aileleriyle konu\u015fmaya \u00e7ekindiklerinde hissettiklerine dair s\u0131cac\u0131k, g\u00fcven verici bir hik\u00e2ye.   \u201cK\u00fc\u00e7\u00fck bir s\u0131r sadece, ne zarar\u0131 olabilir ki\u201d   Bir g\u00fcn Moira \u00e7orab\u0131ndan sallanan bir ipli\u011fi \u00e7eker ve \u00e7orab\u0131nda k\u00fc\u00e7\u00fck bir delik olu\u015fur. Minik k\u0131z \u00e7orab\u0131n\u0131n s\u00f6k\u00fcld\u00fc\u011f\u00fcn\u00fc annesine s\u00f6ylemeye \u00e7ekinir. Bunu bir s\u0131r olarak karn\u0131na saklamaya karar verir. Daha sonra meyvesini yiyemedi\u011fi i\u00e7in babas\u0131n\u0131n ona k\u0131zaca\u011f\u0131n\u0131 d\u00fc\u015f\u00fcn\u00fcr ve meyveyi \u00e7\u00f6pe atar. Bunu da bir s\u0131r olarak karn\u0131na saklamaya karar verir. Okuldan eve d\u00f6nd\u00fc\u011f\u00fcnde i\u015fler biraz daha kar\u0131\u015f\u0131r, saklanacak s\u0131rlar artar. Art\u0131k Moira\u2019n\u0131n karn\u0131 s\u0131rlarla o kadar dolmu\u015ftur ki yeme\u011fini bile bitiremez. Moira karn\u0131ndaki s\u0131rlar\u0131 ailesiyle payla\u015facak m\u0131 dersiniz? <\/p>\n","protected":false},"excerpt":{"rendered":"<p>Bir Kar\u0131n Dolusu S\u0131r miniklerin aileleriyle konu\u015fmaya \u00e7ekindiklerinde hissettiklerine dair s\u0131cac\u0131k, g\u00fcven verici bir hik\u00e2ye. \u201cK\u00fc\u00e7\u00fck bir s\u0131r sadece, ne zarar\u0131 olabilir ki\u201d Bir g\u00fcn Moira<span class=\"excerpt-hellip\"> [\u2026]<\/span><\/p>\n","protected":false},"featured_media":0,"template":"","meta":{"_monsterinsights_skip_tracking":false,"_monsterinsights_sitenote_active":false,"_monsterinsights_sitenote_note":"","_monsterinsights_sitenote_category":0},"product_brand":[],"product_cat":[12274,12518],"product_tag":[],"class_list":{"0":"post-729150","1":"product","2":"type-product","3":"status-publish","5":"product_cat-cocuk-ve-genclik-kitaplari","6":"product_cat-okul-oncesi-kitaplar","7":"pa_cilt-ciltsiz","8":"pa_tur-kitap","9":"pa_yayinevi-yapi-kredi-yayinlari","10":"pa_yazar-pimm-van-hest","12":"first","13":"instock","14":"sale","15":"shipping-taxable","16":"purchasable","17":"product-type-simple"},"_links":{"self":[{"href":"https:\/\/roveyayinevi.com.tr\/index.php\/wp-json\/wp\/v2\/product\/729150","targetHints":{"allow":["GET"]}}],"collection":[{"href":"https:\/\/roveyayinevi.com.tr\/index.php\/wp-json\/wp\/v2\/product"}],"about":[{"href":"https:\/\/roveyayinevi.com.tr\/index.php\/wp-json\/wp\/v2\/types\/product"}],"wp:attachment":[{"href":"https:\/\/roveyayinevi.com.tr\/index.php\/wp-json\/wp\/v2\/media?parent=729150"}],"wp:term":[{"taxonomy":"product_brand","embeddable":true,"href":"https:\/\/roveyayinevi.com.tr\/index.php\/wp-json\/wp\/v2\/product_brand?post=729150"},{"taxonomy":"product_cat","embeddable":true,"href":"https:\/\/roveyayinevi.com.tr\/index.php\/wp-json\/wp\/v2\/product_cat?post=729150"},{"taxonomy":"product_tag","embeddable":true,"href":"https:\/\/roveyayinevi.com.tr\/index.php\/wp-json\/wp\/v2\/product_tag?post=729150"}],"curies":[{"name":"wp","href":"https:\/\/api.w.org\/{rel}","templated":true}]}}