{"id":729149,"date":"2025-08-27T20:51:03","date_gmt":"2025-08-27T17:51:03","guid":{"rendered":"https:\/\/roveyayinevi.com.tr\/index.php\/urun\/dudak-ucuklatan-teknoloji-maceralari\/"},"modified":"2026-04-16T02:37:02","modified_gmt":"2026-04-15T23:37:02","slug":"dudak-ucuklatan-teknoloji-maceralari","status":"publish","type":"product","link":"https:\/\/roveyayinevi.com.tr\/index.php\/urun\/dudak-ucuklatan-teknoloji-maceralari\/","title":{"rendered":"Dudak U\u00e7uklatan Teknoloji Maceralar\u0131"},"content":{"rendered":"<p>Gelecek belki de sizin ellerinizde! Tehlikesavar Matematik Cambazlar\u0131, Felaketsavar Bilim Tutkunlar\u0131 ve Destans\u0131 M\u00fchendislik Facialar\u0131 adl\u0131 eserleriyle &#8221;Ba\u015fvuru Kitapl\u0131\u011f\u0131&#8221; kavram\u0131na farkl\u0131 bir boyut kazand\u0131ran \u0130ngiliz yazar Sean Connolly, Dudak U\u00e7uklatan Teknoloji Maceralar\u0131 kitab\u0131yla, teknolojinin insan hayat\u0131na nas\u0131l &#8221;hizmet&#8221; etti\u011fine y\u00f6nelik geni\u015f bir perspektif \u00e7iziyor; merakl\u0131, becerikli ve yarat\u0131c\u0131 gen\u00e7lere modern teknolojinin geldi\u011fi son noktay\u0131 g\u00f6steriyor.G\u00fcn\u00fcm\u00fcz teknolojisi ile gelecekte ortaya \u00e7\u0131kabilecek ileri teknolojilerin bir sentezini 26 ayr\u0131 b\u00f6l\u00fcmde irdeleyen bu ufuk a\u00e7\u0131c\u0131 kaynak, g\u0131da boyas\u0131 kullanarak genomlar\u0131 dize getirmekten bir bardak s\u00fctle g\u00fcne\u015f enerjisini \u00f6\u011frenmeye uzanan birbirinden heyecanl\u0131 ve e\u011flenceli 27 adet bilimsel deneyle bilgiyi prati\u011fe d\u00f6n\u00fc\u015ft\u00fcrme f\u0131rsat\u0131 sunuyor.Yazar, her b\u00f6l\u00fcmde okuruna y\u00f6nlendirdi\u011fi &#8221;Bu teknoloji dudak u\u00e7uklat\u0131yor mu?&#8221; sorusu ile de, \u00e7\u0131\u011f\u0131r a\u00e7acak fikirlerin ve ak\u0131lalmaz teknolojik geli\u015fmelerin, k\u00f6t\u00fc ellerde ne denli b\u00fcy\u00fck (ve \u00e7o\u011funlukla da epey korkutucu) felaketlere sebep olabilece\u011fini tart\u0131\u015f\u0131yor; bilimi ve bilimsel bilgiyi insanl\u0131\u011f\u0131n yarar\u0131na kullanman\u0131n \u00f6nemine ve gereklili\u011fine vurgu yap\u0131yor.Yata\u011f\u0131n\u0131z\u0131 toplayacak bir robot ister miydiniz? Ya da bula\u015f\u0131k makinenizi bo\u015faltacak bir ara\u00e7? Bir roketi yeniden kullanarak ne kadar tasarruf edebilirsiniz? Peki, &#8221;kendi zihnine sahip&#8221; s\u00fcper zeki bir bilgisayarla ba\u015fa \u00e7\u0131kabilir misiniz? Tabii bir de elinizden hi\u00e7 d\u00fc\u015f\u00fcrmedi\u011finiz ak\u0131ll\u0131 telefonlar var. Acaba onlar ne kadar ak\u0131ll\u0131lar? Sizden daha ak\u0131ll\u0131 olma ihtimalleri var m\u0131? \u0130yi ama, o telefon nas\u0131l \u00e7al\u0131\u015f\u0131yor?Teknoloji her ge\u00e7en g\u00fcn ilerliyor ve neyse ki, onlar\u0131 kullanacak ki\u015filer de yeti\u015fiyor. Evet, siz de onlardan biri olabilirsiniz! Dudak U\u00e7uklatan Teknoloji Maceralar\u0131, klimal\u0131 giysilerden s\u00fcr\u00fcc\u00fcs\u00fcz arabalara, GPS&#8217;den yapay zek\u00e2ya ve hatta hologramlara kadar, birbirinden ilgin\u00e7 yenilikleri anla\u015f\u0131l\u0131r ve e\u011flenceli bir dille anlatan, ansiklopedik bir eser. Kitap, teknoloji ile ilgili bilgi sunmakla kalm\u0131yor, bunun hayat\u0131 nas\u0131l kolayla\u015ft\u0131raca\u011f\u0131na ve h\u00e2lihaz\u0131rda kulland\u0131\u011f\u0131m\u0131z di\u011fer teknolojilerle ba\u011flant\u0131s\u0131na da de\u011finerek bilgiyi bir b\u00fct\u00fcn olarak ele al\u0131yor. Son b\u00f6l\u00fcmde yer verdi\u011fi s\u00f6zl\u00fckte, bahsetti\u011fi konular\u0131n sat\u0131r aralar\u0131nda ge\u00e7en t\u00fcm merak uyand\u0131r\u0131c\u0131 kelimeleri bir arada toplayarak okuruna kolayl\u0131k sa\u011fl\u0131yor.Zengin i\u00e7eri\u011fi, kazan\u0131m odakl\u0131 deneyleri ve g\u00f6z al\u0131c\u0131 tasar\u0131m\u0131yla sadece gen\u00e7lerin de\u011fil her ya\u015ftan teknoloji tutkununun i\u015ftah\u0131n\u0131 kabartacak Dudak U\u00e7uklatan Teknoloji Maceralar\u0131; STEM e\u011fitim modelinin &#8221;T&#8221; harfine odaklanarak, teknolojinin ya\u015fam\u0131m\u0131z \u00fczerindeki etkilerine yak\u0131ndan bak\u0131yor.Gelecek bu kitapta! Peki siz neredesiniz?&#8230;<\/p>\n","protected":false},"excerpt":{"rendered":"<p>Gelecek belki de sizin ellerinizde! Tehlikesavar Matematik Cambazlar\u0131, Felaketsavar Bilim Tutkunlar\u0131 ve Destans\u0131 M\u00fchendislik Facialar\u0131 adl\u0131 eserleriyle &#8221;Ba\u015fvuru Kitapl\u0131\u011f\u0131&#8221; kavram\u0131na farkl\u0131 bir boyut kazand\u0131ran \u0130ngiliz yazar<span class=\"excerpt-hellip\"> [\u2026]<\/span><\/p>\n","protected":false},"featured_media":0,"template":"","meta":{"_monsterinsights_skip_tracking":false,"_monsterinsights_sitenote_active":false,"_monsterinsights_sitenote_note":"","_monsterinsights_sitenote_category":0},"product_brand":[],"product_cat":[12275,12274],"product_tag":[],"class_list":{"0":"post-729149","1":"product","2":"type-product","3":"status-publish","5":"product_cat-6-12-yas-kitaplari","6":"product_cat-cocuk-ve-genclik-kitaplari","7":"pa_cilt-ciltsiz","8":"pa_tur-kitap","9":"pa_yayinevi-tudem-yayinlari","10":"pa_yazar-sean-connolly","12":"first","13":"instock","14":"sale","15":"shipping-taxable","16":"purchasable","17":"product-type-simple"},"_links":{"self":[{"href":"https:\/\/roveyayinevi.com.tr\/index.php\/wp-json\/wp\/v2\/product\/729149","targetHints":{"allow":["GET"]}}],"collection":[{"href":"https:\/\/roveyayinevi.com.tr\/index.php\/wp-json\/wp\/v2\/product"}],"about":[{"href":"https:\/\/roveyayinevi.com.tr\/index.php\/wp-json\/wp\/v2\/types\/product"}],"wp:attachment":[{"href":"https:\/\/roveyayinevi.com.tr\/index.php\/wp-json\/wp\/v2\/media?parent=729149"}],"wp:term":[{"taxonomy":"product_brand","embeddable":true,"href":"https:\/\/roveyayinevi.com.tr\/index.php\/wp-json\/wp\/v2\/product_brand?post=729149"},{"taxonomy":"product_cat","embeddable":true,"href":"https:\/\/roveyayinevi.com.tr\/index.php\/wp-json\/wp\/v2\/product_cat?post=729149"},{"taxonomy":"product_tag","embeddable":true,"href":"https:\/\/roveyayinevi.com.tr\/index.php\/wp-json\/wp\/v2\/product_tag?post=729149"}],"curies":[{"name":"wp","href":"https:\/\/api.w.org\/{rel}","templated":true}]}}