{"id":729148,"date":"2025-08-27T20:51:02","date_gmt":"2025-08-27T17:51:02","guid":{"rendered":"https:\/\/roveyayinevi.com.tr\/index.php\/urun\/rengini-degistirmek-isteyen-kurt\/"},"modified":"2026-04-16T02:37:02","modified_gmt":"2026-04-15T23:37:02","slug":"rengini-degistirmek-isteyen-kurt","status":"publish","type":"product","link":"https:\/\/roveyayinevi.com.tr\/index.php\/urun\/rengini-degistirmek-isteyen-kurt\/","title":{"rendered":"Rengini De\u011fi\u015ftirmek \u0130steyen Kurt"},"content":{"rendered":"<p>\u201cOlmad\u0131, olmad\u0131, olmad\u0131!\u201d   Yeni maceras\u0131yla \u201cKurt\u201d tekrar kar\u015f\u0131n\u0131zda! Orianne Lallemand\u2019\u0131n yazd\u0131\u011f\u0131, \u00c9l\u00e9onore Thuillier\u2019nin resimledi\u011fi \u00fcnl\u00fc \u201cKurt\u201d serisi Rengini De\u011fi\u015ftirmek \u0130steyen Kurt kitab\u0131yla devam ediyor. Bu s\u0131cac\u0131k, tatl\u0131, komik hik\u00e2yeleri okuyabilir, dinleyebilir, anlatabilirsiniz.   Kurt o sabah tersinden kalkm\u0131\u015ft\u0131 do\u011frusu. Aynaya bakt\u0131\u011f\u0131nda kendisini hi\u00e7 be\u011fenmedi ve rengini de\u011fi\u015ftirmeye karar verdi! Bu i\u015f d\u00fc\u015f\u00fcnd\u00fc\u011f\u00fc kadar kolay olmayacakt\u0131 tabii\u2026 Bakal\u0131m Kurt kendisiyle bar\u0131\u015fman\u0131n bir yolunu bulabilecek mi? B\u00fcy\u00fck k\u00fc\u00e7\u00fck b\u00fct\u00fcn okurlar\u0131n sevdi\u011fi sevimli karakter Kurt\u2019un maceralar\u0131 devam edecek. <\/p>\n","protected":false},"excerpt":{"rendered":"<p>\u201cOlmad\u0131, olmad\u0131, olmad\u0131!\u201d Yeni maceras\u0131yla \u201cKurt\u201d tekrar kar\u015f\u0131n\u0131zda! Orianne Lallemand\u2019\u0131n yazd\u0131\u011f\u0131, \u00c9l\u00e9onore Thuillier\u2019nin resimledi\u011fi \u00fcnl\u00fc \u201cKurt\u201d serisi Rengini De\u011fi\u015ftirmek \u0130steyen Kurt kitab\u0131yla devam ediyor. Bu s\u0131cac\u0131k,<span class=\"excerpt-hellip\"> [\u2026]<\/span><\/p>\n","protected":false},"featured_media":0,"template":"","meta":{"_monsterinsights_skip_tracking":false,"_monsterinsights_sitenote_active":false,"_monsterinsights_sitenote_note":"","_monsterinsights_sitenote_category":0},"product_brand":[],"product_cat":[12274,12518],"product_tag":[],"class_list":{"0":"post-729148","1":"product","2":"type-product","3":"status-publish","5":"product_cat-cocuk-ve-genclik-kitaplari","6":"product_cat-okul-oncesi-kitaplar","7":"pa_cilt-ciltsiz","8":"pa_tur-kitap","9":"pa_yayinevi-yapi-kredi-yayinlari","10":"pa_yazar-orianne-lallemand","12":"first","13":"instock","14":"sale","15":"shipping-taxable","16":"purchasable","17":"product-type-simple"},"_links":{"self":[{"href":"https:\/\/roveyayinevi.com.tr\/index.php\/wp-json\/wp\/v2\/product\/729148","targetHints":{"allow":["GET"]}}],"collection":[{"href":"https:\/\/roveyayinevi.com.tr\/index.php\/wp-json\/wp\/v2\/product"}],"about":[{"href":"https:\/\/roveyayinevi.com.tr\/index.php\/wp-json\/wp\/v2\/types\/product"}],"wp:attachment":[{"href":"https:\/\/roveyayinevi.com.tr\/index.php\/wp-json\/wp\/v2\/media?parent=729148"}],"wp:term":[{"taxonomy":"product_brand","embeddable":true,"href":"https:\/\/roveyayinevi.com.tr\/index.php\/wp-json\/wp\/v2\/product_brand?post=729148"},{"taxonomy":"product_cat","embeddable":true,"href":"https:\/\/roveyayinevi.com.tr\/index.php\/wp-json\/wp\/v2\/product_cat?post=729148"},{"taxonomy":"product_tag","embeddable":true,"href":"https:\/\/roveyayinevi.com.tr\/index.php\/wp-json\/wp\/v2\/product_tag?post=729148"}],"curies":[{"name":"wp","href":"https:\/\/api.w.org\/{rel}","templated":true}]}}