{"id":729147,"date":"2025-08-27T20:51:01","date_gmt":"2025-08-27T17:51:01","guid":{"rendered":"https:\/\/roveyayinevi.com.tr\/index.php\/urun\/hee-long-efsanesi-safak-gunesi\/"},"modified":"2026-04-16T02:37:02","modified_gmt":"2026-04-15T23:37:02","slug":"hee-long-efsanesi-safak-gunesi","status":"publish","type":"product","link":"https:\/\/roveyayinevi.com.tr\/index.php\/urun\/hee-long-efsanesi-safak-gunesi\/","title":{"rendered":"Hee-Long Efsanesi: \u015eafak G\u00fcne\u015fi"},"content":{"rendered":"<p>Yeralt\u0131nda sakl\u0131 bir k\u00f6y\u2026 Ritan. Toprak Ana olarak da bilinen Mana-Hee\u2019nin kudretli g\u00f6z-ya\u015flar\u0131yla sulad\u0131\u011f\u0131 rivayet edilen bereketli ve gizemli topraklar\u0131n sahibi olan Rintler. Eski bir inan\u0131\u015fa g\u00f6re, insano\u011flunun oyununa gelerek \u00e2\u015f\u0131k oldu\u011fu k\u0131za t\u00fcm g\u00fc\u00e7lerini verip onu, Toprak Ana\u2019ya yani Mana-Hee\u2019ye \u00e7evirmi\u015f olan do\u011fa\u00fcst\u00fc varl\u0131k Hee-Long\u2019un ve onun sakland\u0131\u011f\u0131 bu sihirli topraklar\u0131n pe\u015finde olan Kansai \u00f6rg\u00fct\u00fc. Bulunmas\u0131 neredeyse imk\u00e2ns\u0131z olan bu do\u011fa\u00fcst\u00fc varl\u0131\u011f\u0131n, k\u00f6yl\u00fcler taraf\u0131ndan bulunup kendilerine teslim edilmedi\u011fi takdirde ast\u0131\u011f\u0131 ast\u0131k, kesti\u011fi kestik olan bu \u00f6rg\u00fct\u00fcn, sava\u015f ilan edece\u011fini bildirdi\u011fi Rint halk\u0131n\u0131n giri\u015fti\u011fi ve kaderini belirleyece\u011fi zorlu m\u00fccadelesi\u2026<\/p>\n","protected":false},"excerpt":{"rendered":"<p>Yeralt\u0131nda sakl\u0131 bir k\u00f6y\u2026 Ritan. Toprak Ana olarak da bilinen Mana-Hee\u2019nin kudretli g\u00f6z-ya\u015flar\u0131yla sulad\u0131\u011f\u0131 rivayet edilen bereketli ve gizemli topraklar\u0131n sahibi olan Rintler. Eski bir inan\u0131\u015fa<span class=\"excerpt-hellip\"> [\u2026]<\/span><\/p>\n","protected":false},"featured_media":0,"template":"","meta":{"_monsterinsights_skip_tracking":false,"_monsterinsights_sitenote_active":false,"_monsterinsights_sitenote_note":"","_monsterinsights_sitenote_category":0},"product_brand":[],"product_cat":[12540,12291],"product_tag":[],"class_list":{"0":"post-729147","1":"product","2":"type-product","3":"status-publish","5":"product_cat-bilim-kurgu","6":"product_cat-edebiyat","7":"pa_cilt-ciltsiz","8":"pa_tur-kitap","9":"pa_yayinevi-perseus","10":"pa_yazar-melis-oztibet","12":"first","13":"instock","14":"sale","15":"shipping-taxable","16":"purchasable","17":"product-type-simple"},"_links":{"self":[{"href":"https:\/\/roveyayinevi.com.tr\/index.php\/wp-json\/wp\/v2\/product\/729147","targetHints":{"allow":["GET"]}}],"collection":[{"href":"https:\/\/roveyayinevi.com.tr\/index.php\/wp-json\/wp\/v2\/product"}],"about":[{"href":"https:\/\/roveyayinevi.com.tr\/index.php\/wp-json\/wp\/v2\/types\/product"}],"wp:attachment":[{"href":"https:\/\/roveyayinevi.com.tr\/index.php\/wp-json\/wp\/v2\/media?parent=729147"}],"wp:term":[{"taxonomy":"product_brand","embeddable":true,"href":"https:\/\/roveyayinevi.com.tr\/index.php\/wp-json\/wp\/v2\/product_brand?post=729147"},{"taxonomy":"product_cat","embeddable":true,"href":"https:\/\/roveyayinevi.com.tr\/index.php\/wp-json\/wp\/v2\/product_cat?post=729147"},{"taxonomy":"product_tag","embeddable":true,"href":"https:\/\/roveyayinevi.com.tr\/index.php\/wp-json\/wp\/v2\/product_tag?post=729147"}],"curies":[{"name":"wp","href":"https:\/\/api.w.org\/{rel}","templated":true}]}}