{"id":729146,"date":"2025-08-27T20:51:00","date_gmt":"2025-08-27T17:51:00","guid":{"rendered":"https:\/\/roveyayinevi.com.tr\/index.php\/urun\/oniria-3-kabuslar-savasi\/"},"modified":"2026-04-16T02:37:02","modified_gmt":"2026-04-15T23:37:02","slug":"oniria-3-kabuslar-savasi","status":"publish","type":"product","link":"https:\/\/roveyayinevi.com.tr\/index.php\/urun\/oniria-3-kabuslar-savasi\/","title":{"rendered":"Oniria 3 &#8211; Kabuslar Sava\u015f\u0131"},"content":{"rendered":"<p>D\u00fc\u015fler krall\u0131\u011f\u0131 ile yeni k\u00e2buslar cumhuriyeti aras\u0131ndaki sava\u015f k\u0131z\u0131\u015f\u0131yor. Eliott, Katsia ve arkada\u015flar\u0131 Eliott\u2019un babas\u0131n\u0131 kurtar\u0131p Oniria\u2019ya bar\u0131\u015f\u0131 getirmek i\u00e7in amans\u0131z bir m\u00fccadeleye at\u0131l\u0131yorlar.   Canavar, oniria\u2019y\u0131 ve t\u00fcm d\u00fc\u015fler \u00fclkesi sakinlerini tehdit etmeyi s\u00fcrd\u00fcr\u00fcyor.   Eliott yeni dostlar ve yeni d\u00fc\u015fmanlar ediniyor. Macera sona yakla\u015f\u0131rken heyecan art\u0131yor&#8230; <\/p>\n","protected":false},"excerpt":{"rendered":"<p>D\u00fc\u015fler krall\u0131\u011f\u0131 ile yeni k\u00e2buslar cumhuriyeti aras\u0131ndaki sava\u015f k\u0131z\u0131\u015f\u0131yor. Eliott, Katsia ve arkada\u015flar\u0131 Eliott\u2019un babas\u0131n\u0131 kurtar\u0131p Oniria\u2019ya bar\u0131\u015f\u0131 getirmek i\u00e7in amans\u0131z bir m\u00fccadeleye at\u0131l\u0131yorlar. Canavar, oniria\u2019y\u0131<span class=\"excerpt-hellip\"> [\u2026]<\/span><\/p>\n","protected":false},"featured_media":0,"template":"","meta":{"_monsterinsights_skip_tracking":false,"_monsterinsights_sitenote_active":false,"_monsterinsights_sitenote_note":"","_monsterinsights_sitenote_category":0},"product_brand":[],"product_cat":[12275,12274],"product_tag":[],"class_list":{"0":"post-729146","1":"product","2":"type-product","3":"status-publish","5":"product_cat-6-12-yas-kitaplari","6":"product_cat-cocuk-ve-genclik-kitaplari","7":"pa_cilt-ciltsiz","8":"pa_tur-kitap","9":"pa_yayinevi-yapi-kredi-yayinlari","10":"pa_yazar-b-f-parry","12":"first","13":"instock","14":"sale","15":"shipping-taxable","16":"purchasable","17":"product-type-simple"},"_links":{"self":[{"href":"https:\/\/roveyayinevi.com.tr\/index.php\/wp-json\/wp\/v2\/product\/729146","targetHints":{"allow":["GET"]}}],"collection":[{"href":"https:\/\/roveyayinevi.com.tr\/index.php\/wp-json\/wp\/v2\/product"}],"about":[{"href":"https:\/\/roveyayinevi.com.tr\/index.php\/wp-json\/wp\/v2\/types\/product"}],"wp:attachment":[{"href":"https:\/\/roveyayinevi.com.tr\/index.php\/wp-json\/wp\/v2\/media?parent=729146"}],"wp:term":[{"taxonomy":"product_brand","embeddable":true,"href":"https:\/\/roveyayinevi.com.tr\/index.php\/wp-json\/wp\/v2\/product_brand?post=729146"},{"taxonomy":"product_cat","embeddable":true,"href":"https:\/\/roveyayinevi.com.tr\/index.php\/wp-json\/wp\/v2\/product_cat?post=729146"},{"taxonomy":"product_tag","embeddable":true,"href":"https:\/\/roveyayinevi.com.tr\/index.php\/wp-json\/wp\/v2\/product_tag?post=729146"}],"curies":[{"name":"wp","href":"https:\/\/api.w.org\/{rel}","templated":true}]}}