{"id":729145,"date":"2025-08-27T20:50:59","date_gmt":"2025-08-27T17:50:59","guid":{"rendered":"https:\/\/roveyayinevi.com.tr\/index.php\/urun\/red-kit-toplu-albumleri-16-ciltli\/"},"modified":"2026-01-27T03:03:33","modified_gmt":"2026-01-27T00:03:33","slug":"red-kit-toplu-albumleri-16-ciltli","status":"publish","type":"product","link":"https:\/\/roveyayinevi.com.tr\/index.php\/urun\/red-kit-toplu-albumleri-16-ciltli\/","title":{"rendered":"Red Kit Toplu Alb\u00fcmleri 16 (Ciltli)"},"content":{"rendered":"<p>Red Kit Toplu Alb\u00fcmleri, g\u00f6lgesinden h\u0131zl\u0131 silah \u00e7eken kovboyun maceralar\u0131n\u0131 yaz\u0131l\u0131\u015f s\u0131ras\u0131na g\u00f6re bir araya getiriyor.   Morris ile Goscinny\u2019nin (ve di\u011fer senaristlerin) e\u015fsiz hayal d\u00fcnyas\u0131n\u0131 tan\u0131mak ya da yeniden ke\u015ffetmek isteyenler i\u00e7in birebir olan dizinin 16. cildinde \u015fu maceralar yer al\u0131yor: Daltonlar Define Pe\u015finde, \u015eerif Okulu, Tek Kollu Haydut. <\/p>\n","protected":false},"excerpt":{"rendered":"<p>Red Kit Toplu Alb\u00fcmleri, g\u00f6lgesinden h\u0131zl\u0131 silah \u00e7eken kovboyun maceralar\u0131n\u0131 yaz\u0131l\u0131\u015f s\u0131ras\u0131na g\u00f6re bir araya getiriyor. Morris ile Goscinny\u2019nin (ve di\u011fer senaristlerin) e\u015fsiz hayal d\u00fcnyas\u0131n\u0131 tan\u0131mak<span class=\"excerpt-hellip\"> [\u2026]<\/span><\/p>\n","protected":false},"featured_media":0,"template":"","meta":{"_monsterinsights_skip_tracking":false,"_monsterinsights_sitenote_active":false,"_monsterinsights_sitenote_note":"","_monsterinsights_sitenote_category":0},"product_brand":[],"product_cat":[12416,12291],"product_tag":[],"class_list":{"0":"post-729145","1":"product","2":"type-product","3":"status-publish","5":"product_cat-cizgi-roman","6":"product_cat-edebiyat","7":"pa_cilt-ciltli","8":"pa_tur-kitap","9":"pa_yayinevi-yapi-kredi-yayinlari","10":"pa_yazar-goscinny","12":"first","13":"instock","14":"sale","15":"shipping-taxable","16":"purchasable","17":"product-type-simple"},"_links":{"self":[{"href":"https:\/\/roveyayinevi.com.tr\/index.php\/wp-json\/wp\/v2\/product\/729145","targetHints":{"allow":["GET"]}}],"collection":[{"href":"https:\/\/roveyayinevi.com.tr\/index.php\/wp-json\/wp\/v2\/product"}],"about":[{"href":"https:\/\/roveyayinevi.com.tr\/index.php\/wp-json\/wp\/v2\/types\/product"}],"wp:attachment":[{"href":"https:\/\/roveyayinevi.com.tr\/index.php\/wp-json\/wp\/v2\/media?parent=729145"}],"wp:term":[{"taxonomy":"product_brand","embeddable":true,"href":"https:\/\/roveyayinevi.com.tr\/index.php\/wp-json\/wp\/v2\/product_brand?post=729145"},{"taxonomy":"product_cat","embeddable":true,"href":"https:\/\/roveyayinevi.com.tr\/index.php\/wp-json\/wp\/v2\/product_cat?post=729145"},{"taxonomy":"product_tag","embeddable":true,"href":"https:\/\/roveyayinevi.com.tr\/index.php\/wp-json\/wp\/v2\/product_tag?post=729145"}],"curies":[{"name":"wp","href":"https:\/\/api.w.org\/{rel}","templated":true}]}}