{"id":729144,"date":"2025-08-27T20:50:58","date_gmt":"2025-08-27T17:50:58","guid":{"rendered":"https:\/\/roveyayinevi.com.tr\/index.php\/urun\/insan-sonrasi-bilgi\/"},"modified":"2026-04-16T02:37:02","modified_gmt":"2026-04-15T23:37:02","slug":"insan-sonrasi-bilgi","status":"publish","type":"product","link":"https:\/\/roveyayinevi.com.tr\/index.php\/urun\/insan-sonrasi-bilgi\/","title":{"rendered":"\u0130nsan Sonras\u0131 Bilgi"},"content":{"rendered":"<p>Zaman\u0131m\u0131za lay\u0131k olmak, ele\u015ftirel ve yarat\u0131c\u0131 bir tutum i\u00e7inde ona tesir etmek \u00f6nemlidir. Umutsuzluk bir proje de\u011fildir ama olumlama \u00f6yledir. Temellendirilmi\u015f, hesap verebilir ve aktif bir \u2018biz\u2019 olu\u015fturarak i\u015fe ba\u015flamam\u0131z gerekir. \u0130\u00e7inde bulundu\u011fumuz insan sonras\u0131 zamanlarda, teknolojinin arac\u0131l\u0131k etti\u011fi sosyal ili\u015fkiler i\u00e7inde, ekonomik k\u00fcreselle\u015fmenin olumsuz etkileri ve h\u0131zla bozulan bir \u00e7evrede, \u2018hakikat sonras\u0131\u2019 politik liderlerin paranoyak ve \u0131rk\u00e7\u0131 retori\u011fine kar\u015f\u0131, olumlay\u0131c\u0131 etik ve politik pratikleri in\u015fa etmek i\u00e7in birlikte nas\u0131l emek verebiliriz? Yarat\u0131c\u0131 direni\u015fle nas\u0131l toplumsal olarak s\u00fcrd\u00fcr\u00fclebilir umut ufuklar\u0131 \u00fcretebiliriz? Be\u015feri bilimlerdeki akademisyenler mevcut durumda insan sonras\u0131 zorluklara cevap olacak \u015fekilde bilgi alanlar\u0131n\u0131 nas\u0131l yeniden \u015fekillendiriyor? Nihilizme direnmek, t\u00fcketici bireycilikten ka\u00e7\u0131nmak ve yabanc\u0131 d\u00fc\u015fmanl\u0131\u011f\u0131na kar\u015f\u0131 ba\u011f\u0131\u015f\u0131kl\u0131k kazanmak i\u00e7in hangi ara\u00e7 gere\u00e7leri kullanabiliriz? T\u00fcm bunlar\u0131n yan\u0131t\u0131 ittifaklar, \u00e7apraz ba\u011flant\u0131lar ve ba\u015f\u0131m\u0131z\u0131 derde sokan konularda g\u00fc\u00e7 de olsa konu\u015farak \u2018bizi; bir halk\u0131\u2019 olu\u015fturma praksisinde yat\u0131yor. Bu bak\u0131mdan i\u00e7inde bulundu\u011fumuz insan sonras\u0131 zamanlar, geni\u015f \u00f6l\u00e7ekli insand\u0131\u015f\u0131 bile\u015feniyle birlikte, b\u00fct\u00fcn\u00fcyle pek insanca.\u201d Otuz y\u0131l\u0131 a\u015fk\u0131n s\u00fcredir be\u015feri bilimler alan\u0131nda \u00e7al\u0131\u015fmalar yapan Rosi Braidotti, pek \u00e7ok a\u00e7maz ve \u00e7eli\u015fki bar\u0131nd\u0131ran insan sonras\u0131 d\u00f6nemde ortaya \u00e7\u0131kan yeni \u00f6znellik t\u00fcrleri, bilgi \u00fcretim pratikleri ve akademik \u00e7al\u0131\u015fma alanlar\u0131n\u0131 inceleyerek ileriye y\u00f6nelik olumlay\u0131c\u0131 bir yol haritas\u0131 \u00e7iziyor. B\u00fct\u00fcn canl\u0131 ya\u015fam\u0131, ekolojiyi ve teknolojiyi bir s\u00fcreklilik olarak g\u00f6ren; duygulan\u0131ma, ili\u015fkiselli\u011fe ve \u00e7apraz \u00fcretkenli\u011fe odaklanan, farkl\u0131l\u0131klardan beslenen, olumlay\u0131c\u0131 eti\u011fi kendine rehber edinen, materyalist ve ele\u015ftirel, ne\u015feli, tutkulu ve yarat\u0131c\u0131 bir insan sonras\u0131 yakla\u015f\u0131m \u00f6neriyor. \u0130nsan Sonras\u0131 Bilgi D\u00f6rd\u00fcnc\u00fc End\u00fcstri Devrimi ile Alt\u0131nc\u0131 Yok Olu\u015f\u2019un kesi\u015fiminde ya\u015fad\u0131\u011f\u0131m\u0131z insan sonras\u0131 d\u00f6nemde be\u015feri bilimlerin d\u00f6n\u00fc\u015ft\u00fcr\u00fcc\u00fc potansiyelini ger\u00e7ekle\u015ftirmeye y\u00f6nelik bir \u00e7a\u011fr\u0131 niteli\u011finde. <\/p>\n","protected":false},"excerpt":{"rendered":"<p>Zaman\u0131m\u0131za lay\u0131k olmak, ele\u015ftirel ve yarat\u0131c\u0131 bir tutum i\u00e7inde ona tesir etmek \u00f6nemlidir. Umutsuzluk bir proje de\u011fildir ama olumlama \u00f6yledir. Temellendirilmi\u015f, hesap verebilir ve aktif bir<span class=\"excerpt-hellip\"> [\u2026]<\/span><\/p>\n","protected":false},"featured_media":0,"template":"","meta":{"_monsterinsights_skip_tracking":false,"_monsterinsights_sitenote_active":false,"_monsterinsights_sitenote_note":"","_monsterinsights_sitenote_category":0},"product_brand":[],"product_cat":[12388,13555],"product_tag":[],"class_list":{"0":"post-729144","1":"product","2":"type-product","3":"status-publish","5":"product_cat-felsefe","6":"product_cat-genel-felsefe","7":"pa_cilt-ciltsiz","8":"pa_tur-kitap","9":"pa_yayinevi-kolektif-kitap","10":"pa_yazar-rosi-braidotti","12":"first","13":"instock","14":"sale","15":"shipping-taxable","16":"purchasable","17":"product-type-simple"},"_links":{"self":[{"href":"https:\/\/roveyayinevi.com.tr\/index.php\/wp-json\/wp\/v2\/product\/729144","targetHints":{"allow":["GET"]}}],"collection":[{"href":"https:\/\/roveyayinevi.com.tr\/index.php\/wp-json\/wp\/v2\/product"}],"about":[{"href":"https:\/\/roveyayinevi.com.tr\/index.php\/wp-json\/wp\/v2\/types\/product"}],"wp:attachment":[{"href":"https:\/\/roveyayinevi.com.tr\/index.php\/wp-json\/wp\/v2\/media?parent=729144"}],"wp:term":[{"taxonomy":"product_brand","embeddable":true,"href":"https:\/\/roveyayinevi.com.tr\/index.php\/wp-json\/wp\/v2\/product_brand?post=729144"},{"taxonomy":"product_cat","embeddable":true,"href":"https:\/\/roveyayinevi.com.tr\/index.php\/wp-json\/wp\/v2\/product_cat?post=729144"},{"taxonomy":"product_tag","embeddable":true,"href":"https:\/\/roveyayinevi.com.tr\/index.php\/wp-json\/wp\/v2\/product_tag?post=729144"}],"curies":[{"name":"wp","href":"https:\/\/api.w.org\/{rel}","templated":true}]}}