{"id":729142,"date":"2025-08-27T20:50:56","date_gmt":"2025-08-27T17:50:56","guid":{"rendered":"https:\/\/roveyayinevi.com.tr\/index.php\/urun\/dava-13\/"},"modified":"2026-04-16T02:37:01","modified_gmt":"2026-04-15T23:37:01","slug":"dava-13","status":"publish","type":"product","link":"https:\/\/roveyayinevi.com.tr\/index.php\/urun\/dava-13\/","title":{"rendered":"Dava"},"content":{"rendered":"<p>Kafka\u2019n\u0131n hik\u00e2ye anlatma sanat\u0131n\u0131n doruk noktas\u0131na ula\u015ft\u0131\u011f\u0131 roman\u0131 DAVA, ba\u015fkarakteri Josef K.\u2019n\u0131n bir sabah evinde tutuklanarak i\u00e7ine s\u00fcr\u00fcklendi\u011fi abs\u00fcrd, anla\u015f\u0131lmaz, \u015feffaf olmayan dava s\u00fcrecini konu al\u0131r. K. adland\u0131r\u0131lmayan su\u00e7unu do\u011fru anlamaya ve savunmas\u0131n\u0131 yapmaya \u00e7abalad\u0131k\u00e7a s\u0131rr\u0131na bir t\u00fcrl\u00fc eri\u015filemeyen yasalar\u0131n, k\u00e2bus dolu bir yasama ve yarg\u0131 mekanizmas\u0131n\u0131n karanl\u0131\u011f\u0131na g\u00f6m\u00fcl\u00fcr.    Kafka\u2019n\u0131n DAVA\u2019s\u0131; \u201cs\u0131radan insan\u201d\u0131n izinde \u201cmahkeme aleyhinde bir dava\u201d olarak okunma cesaretini hak eden, yap\u0131t\u0131yla yirminci y\u00fczy\u0131l\u0131n deh\u015fetini, totaliter rejimlerin bireye ya\u015fatt\u0131\u011f\u0131 vah\u015feti ve kayg\u0131lar\u0131 \u00f6ng\u00f6rebilmi\u015f bir dehan\u0131n \u00fcr\u00fcn\u00fc; \u00e7a\u011f\u0131m\u0131z i\u00e7in kusursuz bir psikodrama deneyimi.   \u201cBir meseleyi do\u011fru kavramak ve ayn\u0131 meseleyi yanl\u0131\u015f anlamak birbirini tamam\u0131yla d\u0131\u015flamaz.\u201d   Kafka i\u00e7in \u00f6nemli olan ger\u00e7ekliklerin d\u00fcnyas\u0131 g\u00f6r\u00fcnmezdi. -Max Brod   Kafka\u2019n\u0131n d\u00fcnyas\u0131, insan\u0131n, ger\u00e7ekte eline hi\u00e7bir \u015fey ge\u00e7meyece\u011fini bilerek, banyo k\u00fcvetinde bal\u0131k avlamak gibi ac\u0131 verici bir l\u00fckse kendini kapt\u0131rd\u0131\u011f\u0131, tan\u0131mlanamaz bir evrendir. -Albert Camus   DAVA roman\u0131n\u0131n kendisi davan\u0131n davas\u0131d\u0131r. -T. W. Adorno   [Kafka] insan\u0131n modern zamanlar huzursuzlu\u011funda milyonlar ad\u0131na konu\u015ftu; do\u011fumundan bug\u00fcne dek ge\u00e7en y\u00fcz y\u0131la bak\u0131ld\u0131\u011f\u0131nda son kutsal yazar ve modern insan\u0131n kozmik a\u00e7maz\u0131n\u0131 aktaran y\u00fcce fabl yazar\u0131 olarak g\u00f6r\u00fclebilir. -John Updike <\/p>\n","protected":false},"excerpt":{"rendered":"<p>Kafka\u2019n\u0131n hik\u00e2ye anlatma sanat\u0131n\u0131n doruk noktas\u0131na ula\u015ft\u0131\u011f\u0131 roman\u0131 DAVA, ba\u015fkarakteri Josef K.\u2019n\u0131n bir sabah evinde tutuklanarak i\u00e7ine s\u00fcr\u00fcklendi\u011fi abs\u00fcrd, anla\u015f\u0131lmaz, \u015feffaf olmayan dava s\u00fcrecini konu al\u0131r.<span class=\"excerpt-hellip\"> [\u2026]<\/span><\/p>\n","protected":false},"featured_media":0,"template":"","meta":{"_monsterinsights_skip_tracking":false,"_monsterinsights_sitenote_active":false,"_monsterinsights_sitenote_note":"","_monsterinsights_sitenote_category":0},"product_brand":[],"product_cat":[12291,26797],"product_tag":[],"class_list":{"0":"post-729142","1":"product","2":"type-product","3":"status-publish","5":"product_cat-edebiyat","6":"product_cat-modern-klasikler","7":"pa_cilt-ciltsiz","8":"pa_tur-kitap","9":"pa_yayinevi-yapi-kredi-yayinlari","10":"pa_yazar-franz-kafka","12":"first","13":"instock","14":"sale","15":"shipping-taxable","16":"purchasable","17":"product-type-simple"},"_links":{"self":[{"href":"https:\/\/roveyayinevi.com.tr\/index.php\/wp-json\/wp\/v2\/product\/729142","targetHints":{"allow":["GET"]}}],"collection":[{"href":"https:\/\/roveyayinevi.com.tr\/index.php\/wp-json\/wp\/v2\/product"}],"about":[{"href":"https:\/\/roveyayinevi.com.tr\/index.php\/wp-json\/wp\/v2\/types\/product"}],"wp:attachment":[{"href":"https:\/\/roveyayinevi.com.tr\/index.php\/wp-json\/wp\/v2\/media?parent=729142"}],"wp:term":[{"taxonomy":"product_brand","embeddable":true,"href":"https:\/\/roveyayinevi.com.tr\/index.php\/wp-json\/wp\/v2\/product_brand?post=729142"},{"taxonomy":"product_cat","embeddable":true,"href":"https:\/\/roveyayinevi.com.tr\/index.php\/wp-json\/wp\/v2\/product_cat?post=729142"},{"taxonomy":"product_tag","embeddable":true,"href":"https:\/\/roveyayinevi.com.tr\/index.php\/wp-json\/wp\/v2\/product_tag?post=729142"}],"curies":[{"name":"wp","href":"https:\/\/api.w.org\/{rel}","templated":true}]}}