{"id":729141,"date":"2025-08-27T20:50:55","date_gmt":"2025-08-27T17:50:55","guid":{"rendered":"https:\/\/roveyayinevi.com.tr\/index.php\/urun\/cocuklar-icin-bach\/"},"modified":"2026-04-03T02:44:29","modified_gmt":"2026-04-02T23:44:29","slug":"cocuklar-icin-bach","status":"publish","type":"product","link":"https:\/\/roveyayinevi.com.tr\/index.php\/urun\/cocuklar-icin-bach\/","title":{"rendered":"\u00c7ocuklar \u0130\u00e7in Bach"},"content":{"rendered":"<p>T\u00fcrk okurlar\u0131n\u0131n ilk kez tan\u0131\u015faca\u011f\u0131 Avustralyal\u0131 Helen Garner (1942) edebiyat\u0131n, roman, k\u0131sa \u00f6yk\u00fc, senaryo, deneme gibi \u00e7e\u015fitli t\u00fcrlerinde ve edebiyat d\u0131\u015f\u0131 alanda \u00fcr\u00fcn vermi\u015f verimli bir yazar. 2006\u2019da Melbourne Edebiyat \u00d6d\u00fcl\u00fc\u2019ne, 2016\u2019da Windham-Campbell \u00d6d\u00fcl\u00fc\u2019ne, 2017\u2019de ise denemeleriyle Indie kitap \u00f6d\u00fcl\u00fcne lay\u0131k g\u00f6r\u00fclm\u00fc\u015ft\u00fcr. Avustralyal\u0131 ele\u015ftirmen ve akademisyen Don Anderson, roman\u0131, i\u00e7lerinde Hemingway\u2019in G\u00fcne\u015f de Do\u011far ve Fitzgerald\u2019\u0131n Muhte\u015fem Gatsby gibi yap\u0131tlar\u0131n\u0131n da oldu\u011fu \u201c\u0130ngiliz dilinin m\u00fckemmel d\u00f6rt k\u0131sa roman\u0131yla\u201d ayn\u0131 s\u0131raya yerle\u015ftirmi\u015ftir.  Garner\u2019\u0131n ikinci roman\u0131 olan ve ilk kez 1984\u2019te yay\u0131mlanan \u00c7ocuklar \u0130\u00e7in Bach, Melbourne\u2019\u00fcn bir banliy\u00f6s\u00fcnde iki o\u011fullar\u0131yla ya\u015fayan gen\u00e7 bir \u00e7ifte odaklan\u0131yor. Dexter ve Athena birbirini seven, biri a\u011f\u0131r otizmli olan o\u011fullar\u0131n\u0131n bak\u0131m\u0131n\u0131 \u00fcstlenmi\u015f, kendi kendilerine yeten bir \u00e7ifttir. \u0130stikrarla s\u00fcrd\u00fcrd\u00fckleri bu d\u00fczen, uzun y\u0131llar sonra bir g\u00fcn Dexter\u2019\u0131n \u00fcniversiteden arkada\u015f\u0131 Elizabeth\u2019in hayatlar\u0131na girmesiyle sars\u0131l\u0131r. Elizabeth yan\u0131nda, m\u00fczisyen sevgilisini, annelerinin \u00f6l\u00fcm\u00fcnden sonra yaln\u0131z kalan k\u0131z karde\u015fini ve sevgilisinin k\u0131z\u0131n\u0131 da getirmi\u015ftir. Fox \u00e7iftinin sakin, huzurlu ve yal\u0131n hayat\u0131 bu insanlar\u0131 yava\u015f\u00e7a i\u00e7ine \u00e7eker. (\u201cArka kap\u0131 hep a\u00e7\u0131kt\u0131r\u201d) Oysa Elizabeth\u2019in Rock m\u00fczik, evlilik d\u0131\u015f\u0131 ili\u015fkilerle dolu, da\u011f\u0131n\u0131k ve rastgele bu d\u00fcnyas\u0131 Fox \u00e7ifti i\u00e7in tekinsiz oldu\u011fu kadar tehditk\u00e2rd\u0131r da\u2026 Aileyi d\u0131\u015f d\u00fcnyadan koruyan kabuk yer yer k\u0131r\u0131lmaya, \u00e7atlamaya ba\u015flar. Ad\u0131n\u0131, Harold Davies\u2019in \u00c7ocuklar \u0130\u00e7in Bach adl\u0131, Athena\u2019n\u0131n piyanosunun \u00fcst\u00fcnden eksik etmedi\u011fi nota derlemesinden alan romanda m\u00fczik \u015f\u00fcphesiz ba\u015fl\u0131ca laytmotif. Otizmli Billy dahil herkesin m\u00fczikle kendince, kendi ki\u015fili\u011fini yans\u0131tan \u201ckusurlu\u201d bir ili\u015fkisi var. Dexter ba\u011f\u0131ra \u00e7a\u011f\u0131ra opera aryalar\u0131 s\u00f6yl\u00fcyor ve b\u00f6ylece d\u0131\u015favurumcu, ilgi bekleyen karakterini a\u00e7\u0131\u011fa vuruyor, Athena arada s\u0131rada \u201cy\u00fcz\u00fcne ate\u015f basmas\u0131na\u201d ra\u011fmen sessiz sessiz piyano \u00e7almay\u0131 \u00f6\u011freniyor, Elisabeth\u2019in sevgilisi hovarda bir rock m\u00fczisyeni ve Billy sadece m\u00fczi\u011fe tepki veriyor.  1999\u2019da verdi\u011fi bir r\u00f6portajda yazman\u0131n \u201cpatchwork bir \u00f6rt\u00fcy\u00fc diki\u015fsizmi\u015f gibi g\u00f6stermek\u201d oldu\u011funu s\u00f6yleyen Garner\u2019\u0131n, yetmi\u015fli y\u0131llar\u0131n Melbourne\u2019\u00fcnde farkl\u0131 bak\u0131\u015f a\u00e7\u0131lar\u0131, beklentiler ve hayat tarzlar\u0131 aras\u0131nda ustaca gidip gelerek dokudu\u011fu \u00c7ocuklar \u0130\u00e7in Bach yo\u011fun anlat\u0131m\u0131, \u201c\u00e7oksesli\u201d \u00fcslubuyla kendi i\u00e7inde bir ba\u015fyap\u0131t. <\/p>\n","protected":false},"excerpt":{"rendered":"<p>T\u00fcrk okurlar\u0131n\u0131n ilk kez tan\u0131\u015faca\u011f\u0131 Avustralyal\u0131 Helen Garner (1942) edebiyat\u0131n, roman, k\u0131sa \u00f6yk\u00fc, senaryo, deneme gibi \u00e7e\u015fitli t\u00fcrlerinde ve edebiyat d\u0131\u015f\u0131 alanda \u00fcr\u00fcn vermi\u015f verimli bir<span class=\"excerpt-hellip\"> [\u2026]<\/span><\/p>\n","protected":false},"featured_media":0,"template":"","meta":{"_monsterinsights_skip_tracking":false,"_monsterinsights_sitenote_active":false,"_monsterinsights_sitenote_note":"","_monsterinsights_sitenote_category":0},"product_brand":[],"product_cat":[12291,12711],"product_tag":[],"class_list":{"0":"post-729141","1":"product","2":"type-product","3":"status-publish","5":"product_cat-edebiyat","6":"product_cat-roman-oyku","7":"pa_cilt-ciltsiz","8":"pa_tur-kitap","9":"pa_yayinevi-yapi-kredi-yayinlari","10":"pa_yazar-helen-garner","12":"first","13":"instock","14":"sale","15":"shipping-taxable","16":"purchasable","17":"product-type-simple"},"_links":{"self":[{"href":"https:\/\/roveyayinevi.com.tr\/index.php\/wp-json\/wp\/v2\/product\/729141","targetHints":{"allow":["GET"]}}],"collection":[{"href":"https:\/\/roveyayinevi.com.tr\/index.php\/wp-json\/wp\/v2\/product"}],"about":[{"href":"https:\/\/roveyayinevi.com.tr\/index.php\/wp-json\/wp\/v2\/types\/product"}],"wp:attachment":[{"href":"https:\/\/roveyayinevi.com.tr\/index.php\/wp-json\/wp\/v2\/media?parent=729141"}],"wp:term":[{"taxonomy":"product_brand","embeddable":true,"href":"https:\/\/roveyayinevi.com.tr\/index.php\/wp-json\/wp\/v2\/product_brand?post=729141"},{"taxonomy":"product_cat","embeddable":true,"href":"https:\/\/roveyayinevi.com.tr\/index.php\/wp-json\/wp\/v2\/product_cat?post=729141"},{"taxonomy":"product_tag","embeddable":true,"href":"https:\/\/roveyayinevi.com.tr\/index.php\/wp-json\/wp\/v2\/product_tag?post=729141"}],"curies":[{"name":"wp","href":"https:\/\/api.w.org\/{rel}","templated":true}]}}