{"id":729139,"date":"2025-08-27T20:50:53","date_gmt":"2025-08-27T17:50:53","guid":{"rendered":"https:\/\/roveyayinevi.com.tr\/index.php\/urun\/mahabharata-vana-parva-2-cilt-3-kitap\/"},"modified":"2026-04-16T02:37:01","modified_gmt":"2026-04-15T23:37:01","slug":"mahabharata-vana-parva-2-cilt-3-kitap","status":"publish","type":"product","link":"https:\/\/roveyayinevi.com.tr\/index.php\/urun\/mahabharata-vana-parva-2-cilt-3-kitap\/","title":{"rendered":"Mahabharata &#8211; Vana Parva 2.Cilt (3.Kitap)"},"content":{"rendered":"<p>\u201cAlt\u0131 duyu organ\u0131 i\u00e7inde en tehlikelisidir d\u00fc\u015f\u00fcnmek. Ne kelimelerinde ne davran\u0131\u015flar\u0131nda, d\u00fc\u015f\u00fcncelerinde ne de kalplerinde g\u00fcnaha meyil etmeyenler; bedenlerini oru\u00e7la zay\u0131flat\u0131p nefislerini k\u00f6reltenlerden daha fazla maddenin esaretinden kurtulup inzivadaym\u0131\u015f gibi bir ya\u015fam s\u00fcrerler. Kendi t\u00fcr\u00fcnden olanlara kar\u015f\u0131 kalbinde hi\u00e7bir merhamet ta\u015f\u0131mayan ki\u015fi isterse bedenini kutsal yaz\u0131larda yazd\u0131\u011f\u0131 gibi temizlesin, hi\u00e7bir g\u00fcnah\u0131ndan kurtulamaz. \u00d6fkeli ve merhametsiz bir kalp, h\u0131rs batakl\u0131\u011f\u0131nda debelenirken her defas\u0131nda biraz daha batar d\u00fcnya denilen maddenin i\u00e7ine. Kibir ve gururdan k\u00f6r olmu\u015f, a\u00e7g\u00f6zl\u00fc bir ak\u0131l, kalbin en b\u00fcy\u00fck d\u00fc\u015fman\u0131d\u0131r. Bil ki kolay de\u011fildir etraf\u0131m\u0131z\u0131 saran bu maddeden kurtulmak. Varl\u0131\u011f\u0131n\u0131 erdemlerle s\u00fcsleyen, t\u00fcm hayat\u0131 boyunca hay\u0131r i\u015fleyip sevap kazanan, kalabal\u0131klar i\u00e7inde olsa dahi inzivadaym\u0131\u015f gibi bir hayat s\u00fcrer. Konu\u015fmas\u0131 gerekenden daha fazla konu\u015fmayan, gereksiz yere sesini duyurmayan da \u00f6yle. B\u00f6yle biri t\u00fcm g\u00fcnahlar\u0131ndan ar\u0131nm\u0131\u015f olarak g\u00f6\u011f\u00fcn kap\u0131lar\u0131ndan ge\u00e7er. Kabul, oru\u00e7 tutmak, et ve kandan meydana gelen madde, bedeni zay\u0131flat\u0131r ve hatta h\u00fck\u00fcms\u00fcz k\u0131lar; ancak bu tek ba\u015f\u0131na yeterli de\u011fildir ya\u015fam boyu i\u015fledi\u011fin t\u00fcm g\u00fcnahlar\u0131ndan kurtulmaya. Ne yapt\u0131\u011f\u0131n\u0131 bilmeden, kirli bir kalple ibadet eden sadece ac\u0131 \u00e7eker \u00e7\u00fcnk\u00fc bilir asla g\u00fcnahlar\u0131ndan kurtulamayaca\u011f\u0131n\u0131\u2026Bir insan duyu organlar\u0131n\u0131n esaretinden kurtard\u0131\u011f\u0131 akl\u0131n\u0131 temizleyip onunla kalp evinin i\u00e7ine bakmay\u0131 ba\u015far\u0131rsa ne iyi ne de k\u00f6t\u00fcl\u00fckten ve bunlar\u0131n sonu\u00e7lar\u0131ndan etkilenmez. O, ruhu yeniden ait olana yara\u015f\u0131r \u015fekilde parlayan ki\u015fi, en y\u00fcce olan\u0131n varl\u0131\u011f\u0131n\u0131 bilme haline eri\u015fir. Bu \u015fekilde huzura ermi\u015f ve temizlenmi\u015f bir kalp, huzur i\u00e7inde derin bir uykuya dalan ve \u00e7evresinde meydana gelen hi\u00e7bir \u015feyden etkilenemeyen biri gibidir. Kalbi safl\u0131k derecesine nail olmu\u015f biri art\u0131k ya\u015famak i\u00e7in \u00e7ok \u015feye ihtiya\u00e7 duymaz, kendinde tezah\u00fcr eden y\u00fcce ruhun varl\u0131\u011f\u0131 ile birle\u015fir ve sabah ak\u015fam en y\u00fcce olanla hasb\u0131hal eder. G\u00f6r\u00fclemedi\u011fi i\u00e7in bir \u015fekli olmayan fakat t\u00fcm \u015fekilleri kendi varl\u0131\u011f\u0131nda bar\u0131nd\u0131rd\u0131\u011f\u0131 i\u00e7in t\u00fcm \u015fekillerin kendisi olan y\u00fcce ruhu g\u00f6r\u00fcr kalbindeki \u0131\u015f\u0131kla. Ama bu mertebeye eri\u015fmek i\u00e7in, erdemin yolunu takip etmek i\u00e7in ve derin denizler kadar engin korku ve endi\u015fe denizini ge\u00e7mek i\u00e7in insan a\u00e7g\u00f6zl\u00fcl\u00fc\u011f\u00fcn\u00fc ve \u00f6fkesini yenmelidir\u2026\u201d<\/p>\n","protected":false},"excerpt":{"rendered":"<p>\u201cAlt\u0131 duyu organ\u0131 i\u00e7inde en tehlikelisidir d\u00fc\u015f\u00fcnmek. Ne kelimelerinde ne davran\u0131\u015flar\u0131nda, d\u00fc\u015f\u00fcncelerinde ne de kalplerinde g\u00fcnaha meyil etmeyenler; bedenlerini oru\u00e7la zay\u0131flat\u0131p nefislerini k\u00f6reltenlerden daha fazla maddenin<span class=\"excerpt-hellip\"> [\u2026]<\/span><\/p>\n","protected":false},"featured_media":0,"template":"","meta":{"_monsterinsights_skip_tracking":false,"_monsterinsights_sitenote_active":false,"_monsterinsights_sitenote_note":"","_monsterinsights_sitenote_category":0},"product_brand":[],"product_cat":[12291,13706],"product_tag":[],"class_list":{"0":"post-729139","1":"product","2":"type-product","3":"status-publish","5":"product_cat-edebiyat","6":"product_cat-efsane-destan-masal","7":"pa_cilt-ciltsiz","8":"pa_tur-kitap","9":"pa_yayinevi-vaveyla-yayincilik","10":"pa_yazar-ayasya","12":"first","13":"instock","14":"sale","15":"shipping-taxable","16":"purchasable","17":"product-type-simple"},"_links":{"self":[{"href":"https:\/\/roveyayinevi.com.tr\/index.php\/wp-json\/wp\/v2\/product\/729139","targetHints":{"allow":["GET"]}}],"collection":[{"href":"https:\/\/roveyayinevi.com.tr\/index.php\/wp-json\/wp\/v2\/product"}],"about":[{"href":"https:\/\/roveyayinevi.com.tr\/index.php\/wp-json\/wp\/v2\/types\/product"}],"wp:attachment":[{"href":"https:\/\/roveyayinevi.com.tr\/index.php\/wp-json\/wp\/v2\/media?parent=729139"}],"wp:term":[{"taxonomy":"product_brand","embeddable":true,"href":"https:\/\/roveyayinevi.com.tr\/index.php\/wp-json\/wp\/v2\/product_brand?post=729139"},{"taxonomy":"product_cat","embeddable":true,"href":"https:\/\/roveyayinevi.com.tr\/index.php\/wp-json\/wp\/v2\/product_cat?post=729139"},{"taxonomy":"product_tag","embeddable":true,"href":"https:\/\/roveyayinevi.com.tr\/index.php\/wp-json\/wp\/v2\/product_tag?post=729139"}],"curies":[{"name":"wp","href":"https:\/\/api.w.org\/{rel}","templated":true}]}}