{"id":729137,"date":"2025-08-27T20:50:51","date_gmt":"2025-08-27T17:50:51","guid":{"rendered":"https:\/\/roveyayinevi.com.tr\/index.php\/urun\/derinler-ve-sirenler\/"},"modified":"2026-04-08T02:46:04","modified_gmt":"2026-04-07T23:46:04","slug":"derinler-ve-sirenler","status":"publish","type":"product","link":"https:\/\/roveyayinevi.com.tr\/index.php\/urun\/derinler-ve-sirenler\/","title":{"rendered":"Derinler ve Sirenler"},"content":{"rendered":"<p>Ege, \u00fcst\u00fcnde oturdu\u011fu yata\u011f\u0131 avu\u00e7 i\u00e7leriyle gezdi, y\u0131llardan sonra ilk defa eski yata\u011f\u0131nda uyuyaca\u011f\u0131 i\u00e7in garip hissediyordu, art\u0131k s\u0131\u011fabilece\u011finden bile \u015f\u00fcpheliydi ama yine de d\u00fcn ak\u015fama k\u0131yasla daha rahat bir uyku vadetti\u011fi kesindi. I\u015f\u0131\u011f\u0131 kapat\u0131p h\u00e2l\u00e2 \u00e7al\u0131\u015ft\u0131\u011f\u0131na \u015fa\u015f\u0131rd\u0131\u011f\u0131 gece lambas\u0131n\u0131n zay\u0131f rehberli\u011finde yata\u011f\u0131na geri d\u00f6nerken rahat uyku yarg\u0131s\u0131n\u0131n kesinli\u011finden \u015f\u00fcphe duymaya ba\u015flad\u0131. \u00d6rt\u00fcn\u00fcn tamam\u0131yla alt\u0131na girebilmek i\u00e7in dizlerini k\u0131r\u0131p kendine do\u011fru \u00e7ekerken sadece bedeninin de\u011fil, ruhunun da k\u00fc\u00e7\u00fcld\u00fc\u011f\u00fcn\u00fc hissetti, sanki tekrar k\u00fc\u00e7\u00fck bir \u00e7ocuk olmu\u015ftu. \u00dcst\u00fcndeki \u00f6rt\u00fcy\u00fc bo\u011faz\u0131na kadar \u00e7ekmeye \u00e7al\u0131\u015f\u0131rken i\u00e7ini bir huzursuzluk kaplad\u0131, eskinin tozuyla kapl\u0131 karanl\u0131k bir duygu yava\u015f yava\u015f geliyordu; korkmaya ba\u015flam\u0131\u015ft\u0131.   Bunca y\u0131ldan sonra uyurken tekrar karanl\u0131ktan korkabilece\u011fini d\u00fc\u015f\u00fcnmemi\u015fti, nas\u0131l bu kadar zay\u0131f ve aptal olabilirdi?\u201d<\/p>\n","protected":false},"excerpt":{"rendered":"<p>Ege, \u00fcst\u00fcnde oturdu\u011fu yata\u011f\u0131 avu\u00e7 i\u00e7leriyle gezdi, y\u0131llardan sonra ilk defa eski yata\u011f\u0131nda uyuyaca\u011f\u0131 i\u00e7in garip hissediyordu, art\u0131k s\u0131\u011fabilece\u011finden bile \u015f\u00fcpheliydi ama yine de d\u00fcn ak\u015fama<span class=\"excerpt-hellip\"> [\u2026]<\/span><\/p>\n","protected":false},"featured_media":0,"template":"","meta":{"_monsterinsights_skip_tracking":false,"_monsterinsights_sitenote_active":false,"_monsterinsights_sitenote_note":"","_monsterinsights_sitenote_category":0},"product_brand":[],"product_cat":[12291,12711],"product_tag":[],"class_list":{"0":"post-729137","1":"product","2":"type-product","3":"status-publish","5":"product_cat-edebiyat","6":"product_cat-roman-oyku","7":"pa_cilt-ciltsiz","8":"pa_tur-kitap","9":"pa_yayinevi-luna-yayinlari","10":"pa_yazar-bahri-baykal","12":"first","13":"instock","14":"sale","15":"shipping-taxable","16":"purchasable","17":"product-type-simple"},"_links":{"self":[{"href":"https:\/\/roveyayinevi.com.tr\/index.php\/wp-json\/wp\/v2\/product\/729137","targetHints":{"allow":["GET"]}}],"collection":[{"href":"https:\/\/roveyayinevi.com.tr\/index.php\/wp-json\/wp\/v2\/product"}],"about":[{"href":"https:\/\/roveyayinevi.com.tr\/index.php\/wp-json\/wp\/v2\/types\/product"}],"wp:attachment":[{"href":"https:\/\/roveyayinevi.com.tr\/index.php\/wp-json\/wp\/v2\/media?parent=729137"}],"wp:term":[{"taxonomy":"product_brand","embeddable":true,"href":"https:\/\/roveyayinevi.com.tr\/index.php\/wp-json\/wp\/v2\/product_brand?post=729137"},{"taxonomy":"product_cat","embeddable":true,"href":"https:\/\/roveyayinevi.com.tr\/index.php\/wp-json\/wp\/v2\/product_cat?post=729137"},{"taxonomy":"product_tag","embeddable":true,"href":"https:\/\/roveyayinevi.com.tr\/index.php\/wp-json\/wp\/v2\/product_tag?post=729137"}],"curies":[{"name":"wp","href":"https:\/\/api.w.org\/{rel}","templated":true}]}}