{"id":729135,"date":"2025-08-27T20:50:49","date_gmt":"2025-08-27T17:50:49","guid":{"rendered":"https:\/\/roveyayinevi.com.tr\/index.php\/urun\/oti-buyuk-karinca\/"},"modified":"2026-04-16T02:37:01","modified_gmt":"2026-04-15T23:37:01","slug":"oti-buyuk-karinca","status":"publish","type":"product","link":"https:\/\/roveyayinevi.com.tr\/index.php\/urun\/oti-buyuk-karinca\/","title":{"rendered":"Oti B\u00fcy\u00fck Kar\u0131nca"},"content":{"rendered":"<p>K\u00fc\u00e7\u00fck kar\u0131nca Oti&#8217;nin b\u00fcy\u00fck sorular\u0131 var. T\u00fcm \u00e7ocuklar gibi hemen b\u00fcy\u00fcmek \u0130stiyor. Ama b\u00fcy\u00fck olmak nas\u0131l bir \u015fey acaba? Sadece ya\u015f almak, bedence geli\u015fmek mi? Yoksa ge\u00e7en zamandan daha \u00f6nemlisi zaman\u0131n nas\u0131l ge\u00e7ti\u011fi, ne \u00f6\u011fretti\u011fi mi?   \u00d6\u011fretmen Nesrin Erdo\u011fan, bilgiye, cesarete, b\u00fcy\u00fckl\u00fc\u011fe uzanan bir yolculu\u011fa ve sorulara birlikte yan\u0131t aramaya \u00e7a\u011f\u0131r\u0131yor okuru. <\/p>\n","protected":false},"excerpt":{"rendered":"<p>K\u00fc\u00e7\u00fck kar\u0131nca Oti&#8217;nin b\u00fcy\u00fck sorular\u0131 var. T\u00fcm \u00e7ocuklar gibi hemen b\u00fcy\u00fcmek \u0130stiyor. Ama b\u00fcy\u00fck olmak nas\u0131l bir \u015fey acaba? Sadece ya\u015f almak, bedence geli\u015fmek mi? Yoksa<span class=\"excerpt-hellip\"> [\u2026]<\/span><\/p>\n","protected":false},"featured_media":0,"template":"","meta":{"_monsterinsights_skip_tracking":false,"_monsterinsights_sitenote_active":false,"_monsterinsights_sitenote_note":"","_monsterinsights_sitenote_category":0},"product_brand":[],"product_cat":[12913,12274],"product_tag":[],"class_list":{"0":"post-729135","1":"product","2":"type-product","3":"status-publish","5":"product_cat-3-6-yas-kitaplari","6":"product_cat-cocuk-ve-genclik-kitaplari","7":"pa_cilt-ciltsiz","8":"pa_tur-kitap","9":"pa_yayinevi-nesin-yayinlari","10":"pa_yazar-nesrin-erdogan","12":"first","13":"instock","14":"sale","15":"shipping-taxable","16":"purchasable","17":"product-type-simple"},"_links":{"self":[{"href":"https:\/\/roveyayinevi.com.tr\/index.php\/wp-json\/wp\/v2\/product\/729135","targetHints":{"allow":["GET"]}}],"collection":[{"href":"https:\/\/roveyayinevi.com.tr\/index.php\/wp-json\/wp\/v2\/product"}],"about":[{"href":"https:\/\/roveyayinevi.com.tr\/index.php\/wp-json\/wp\/v2\/types\/product"}],"wp:attachment":[{"href":"https:\/\/roveyayinevi.com.tr\/index.php\/wp-json\/wp\/v2\/media?parent=729135"}],"wp:term":[{"taxonomy":"product_brand","embeddable":true,"href":"https:\/\/roveyayinevi.com.tr\/index.php\/wp-json\/wp\/v2\/product_brand?post=729135"},{"taxonomy":"product_cat","embeddable":true,"href":"https:\/\/roveyayinevi.com.tr\/index.php\/wp-json\/wp\/v2\/product_cat?post=729135"},{"taxonomy":"product_tag","embeddable":true,"href":"https:\/\/roveyayinevi.com.tr\/index.php\/wp-json\/wp\/v2\/product_tag?post=729135"}],"curies":[{"name":"wp","href":"https:\/\/api.w.org\/{rel}","templated":true}]}}