{"id":729134,"date":"2025-08-27T20:50:49","date_gmt":"2025-08-27T17:50:49","guid":{"rendered":"https:\/\/roveyayinevi.com.tr\/index.php\/urun\/yine-bir-duran-top-organizasyonu\/"},"modified":"2026-04-16T02:37:01","modified_gmt":"2026-04-15T23:37:01","slug":"yine-bir-duran-top-organizasyonu","status":"publish","type":"product","link":"https:\/\/roveyayinevi.com.tr\/index.php\/urun\/yine-bir-duran-top-organizasyonu\/","title":{"rendered":"Yine Bir Duran Top Organizasyonu"},"content":{"rendered":"<p>Elif \u00c7ongur \u201c\u00c7\u00fcnk\u00fc hayat Fenerbah\u00e7e\u2019ye fena halde benzer\u201d dedi\u011fi g\u00fcnden bu yana, sadece Fenerbah\u00e7e\u2019yi de\u011fil futbolu ve hayat\u0131 nas\u0131l ya\u015famam\u0131z gerekti\u011fini d\u00fc\u015f\u00fcnd\u00fck. Nihayetinde \u00fc\u00e7\u00fcn\u00fc de sevmeye karar verdik; yukar\u0131da Allah var, en \u00e7ok da Fenerbah\u00e7e\u2019yi sevdik. \u0130n\u00f6n\u00fc Alpat Elif \u00c7ongur sol kanattan Thomas M\u00fcller gibi \u00f6yle bir gelir ki, kimse tutamaz.Hayat\u0131n i\u00e7inde biz fanilerin g\u00f6remedi\u011fi alanlar\u0131 g\u00f6r\u00fcr, oralara ko\u015fu yapar ve en isabetli s\u00f6zc\u00fcklerle tabelay\u0131 de\u011fi\u015ftirir. Yere yat\u0131p zaman \u00e7almakla, topu aya\u011f\u0131nda gevelemekte falan i\u015fi olmaz. Ge\u00e7i\u015f oyunlar\u0131nda ustad\u0131r. Direkt kaleye gider, derdi neyse adam\u0131n aln\u0131n\u0131n ortas\u0131na s\u00f6yler.  Yaz\u0131lar\u0131 da bu g\u00fczelli\u011fin aynas\u0131d\u0131r\u2026 B\u00fclent, David, Erol \u2013 \u00c7ubuklu Analiz Ekibi  Maradona\u2019n\u0131n art\u0131k olmad\u0131\u011f\u0131 bir d\u00fcnyada bile futbola ili\u015fkin s\u00f6ylenecek s\u00f6z varsa umut etmek de daima m\u00fcmk\u00fcnd\u00fcr.  Bu kitab\u0131 okudu\u011funuzda g\u00f6receksiniz; vicdan VAR\u2019dan, adalet hakemden, Elif \u00c7ongur\u2019un ufuk \u00e7izgisi gol \u00e7izgisinden b\u00fcy\u00fckt\u00fcr&#8230;   Doruk Ko\u00e7 Macar Zaferi\u2019nin ya\u015fand\u0131\u011f\u0131 19 \u015eubat 1956 g\u00fcn\u00fc Adana\u2019da bir \u00e7ocuk do\u011far. Babas\u0131 \u201cB\u00fcy\u00fcs\u00fcn de Fener\u2019de futbol oynas\u0131n, Lefter gibi goller ats\u0131n\u201d temennisiyle o\u011flunu kuca\u011f\u0131na al\u0131r. \u00c7ocu\u011fun yetenekleri ancak iyi bir sporsever, koyu bir Fenerli olmas\u0131na yeter. \u015eimdi altm\u0131\u015flar\u0131ndaki bu \u00e7ocuk Elif \u00c7ongur\u2019un kaleminden Macar Zaferi\u2019nin \u00f6yk\u00fcs\u00fcn\u00fc okumaktan b\u00fcy\u00fck haz al\u0131yor; rakip tak\u0131mlara dahi sempatiyle bakabilen y\u00fcce g\u00f6n\u00fcll\u00fc bu Fenerli kalemi yaratan sihrin sporcu ge\u00e7mi\u015finde yatt\u0131\u011f\u0131na inan\u0131yor ve akademik formasyonunun yaz\u0131lar\u0131na heyecan, merak, gerilim y\u00fckl\u00fc dramatik bir boyut katt\u0131\u011f\u0131n\u0131 g\u00f6zlemliyor. Hayri Kozano\u011flu                                                                                                   Elif \u00c7ongur, spordaki rekabeti maneviyatta ya\u015fayan ve ya\u015fatan bir yazar olarak sporu, futbolu ve bu ba\u011flamda Be\u015fikta\u015f\u2019\u0131, Be\u015fikta\u015fl\u0131l\u0131\u011f\u0131 ve Be\u015fikta\u015fl\u0131lar\u0131 her zaman onore etmi\u015f; daima iyiden, g\u00fczelden, hakl\u0131dan taraf olarak dile getirmi\u015ftir. Bu derlemede de sanat\u0131n, sporun, futbolun ve bu unsurlardaki rekabetin en g\u00fczel tarifini ondan okuyacaks\u0131n\u0131z. Metin Tekin  Elif \u00c7ongur sadece futbol anlatmayan, ayn\u0131 zamanda futbolun toplumsal aidiyetlerini ve kar\u015f\u0131l\u0131klar\u0131n\u0131, bazen ima yoluyla bazen a\u00e7\u0131k\u00e7a ifade eden bir kalem erbab\u0131. <\/p>\n","protected":false},"excerpt":{"rendered":"<p>Elif \u00c7ongur \u201c\u00c7\u00fcnk\u00fc hayat Fenerbah\u00e7e\u2019ye fena halde benzer\u201d dedi\u011fi g\u00fcnden bu yana, sadece Fenerbah\u00e7e\u2019yi de\u011fil futbolu ve hayat\u0131 nas\u0131l ya\u015famam\u0131z gerekti\u011fini d\u00fc\u015f\u00fcnd\u00fck. Nihayetinde \u00fc\u00e7\u00fcn\u00fc de sevmeye<span class=\"excerpt-hellip\"> [\u2026]<\/span><\/p>\n","protected":false},"featured_media":0,"template":"","meta":{"_monsterinsights_skip_tracking":false,"_monsterinsights_sitenote_active":false,"_monsterinsights_sitenote_note":"","_monsterinsights_sitenote_category":0},"product_brand":[],"product_cat":[15563,15564],"product_tag":[],"class_list":{"0":"post-729134","1":"product","2":"type-product","3":"status-publish","5":"product_cat-hobi","6":"product_cat-spor","7":"pa_cilt-ciltsiz","8":"pa_tur-kitap","9":"pa_yayinevi-imge-kitabevi-yayinlari","10":"pa_yazar-elif-congur","12":"first","13":"instock","14":"sale","15":"shipping-taxable","16":"purchasable","17":"product-type-simple"},"_links":{"self":[{"href":"https:\/\/roveyayinevi.com.tr\/index.php\/wp-json\/wp\/v2\/product\/729134","targetHints":{"allow":["GET"]}}],"collection":[{"href":"https:\/\/roveyayinevi.com.tr\/index.php\/wp-json\/wp\/v2\/product"}],"about":[{"href":"https:\/\/roveyayinevi.com.tr\/index.php\/wp-json\/wp\/v2\/types\/product"}],"wp:attachment":[{"href":"https:\/\/roveyayinevi.com.tr\/index.php\/wp-json\/wp\/v2\/media?parent=729134"}],"wp:term":[{"taxonomy":"product_brand","embeddable":true,"href":"https:\/\/roveyayinevi.com.tr\/index.php\/wp-json\/wp\/v2\/product_brand?post=729134"},{"taxonomy":"product_cat","embeddable":true,"href":"https:\/\/roveyayinevi.com.tr\/index.php\/wp-json\/wp\/v2\/product_cat?post=729134"},{"taxonomy":"product_tag","embeddable":true,"href":"https:\/\/roveyayinevi.com.tr\/index.php\/wp-json\/wp\/v2\/product_tag?post=729134"}],"curies":[{"name":"wp","href":"https:\/\/api.w.org\/{rel}","templated":true}]}}