{"id":729131,"date":"2025-08-27T20:50:46","date_gmt":"2025-08-27T17:50:46","guid":{"rendered":"https:\/\/roveyayinevi.com.tr\/index.php\/urun\/kosedeki-adam\/"},"modified":"2026-04-16T02:37:01","modified_gmt":"2026-04-15T23:37:01","slug":"kosedeki-adam","status":"publish","type":"product","link":"https:\/\/roveyayinevi.com.tr\/index.php\/urun\/kosedeki-adam\/","title":{"rendered":"K\u00f6\u015fedeki Adam"},"content":{"rendered":"<p>Derler ki, ruhun tek e\u015fi bedendir. Bedene \u00fcflenir ruh ve oyun ba\u015flar. Ruh ayr\u0131l\u0131rsa bedenden, oyun da son bulur ve ad\u0131 \u00f6l\u00fcm olur.   Bedeni var olurken ruhu es ge\u00e7ilmi\u015f bir adam koydu oyunun kurallar\u0131n\u0131. Kendi kan\u0131n\u0131 ak\u0131tarak kadehlere doldurdu.   Bir harabede \u015ferefimize kalkt\u0131 kadehler, toku\u015fturunca k\u0131r\u0131ld\u0131. K\u0131r\u0131ld\u0131k biz de,  birbirimize batt\u0131k kan i\u00e7inde. Oynad\u0131k.   Kendi ge\u00e7mi\u015flerinde tutsak kalm\u0131\u015f \u0130dil ve Tunay, \u00f6zg\u00fcr olmak i\u00e7in bu \u00f6l\u00fcmc\u00fcl oyunu oynamak zorunda. \u00c7\u00fcnk\u00fc a\u015fkla ya\u015famak i\u00e7in \u00f6l\u00fcme meydan okumak gerekebilir bazen. Peki, a\u015fka meydan okumak m\u00fcmk\u00fcn m\u00fc? Bu oyunun sonunda ne var, a\u015fk m\u0131 \u00f6l\u00fcm m\u00fc?   Yan\u0131yorduk. Yang\u0131n hi\u00e7 durmuyor, korlar yeniden tutu\u015fuyor, yeniden alev al\u0131yor, ate\u015f hep b\u00fcy\u00fcyor ve biz ba\u015ftan yan\u0131yorduk.   (\u2026) Boynundaki d\u00f6vmeye tak\u0131lm\u0131\u015ft\u0131, yerini y\u00f6n\u00fcn\u00fc unutmu\u015f g\u00f6zlerim. Kula\u011f\u0131n\u0131n arkas\u0131nda ona f\u0131s\u0131ldayan bir kad\u0131n vard\u0131, \u015feytani bir kad\u0131n. Sustu\u011fu zamanlarda, kula\u011f\u0131na f\u0131s\u0131ldayan bu \u015feytan\u0131 dinliyordu belki. Onun sustu\u011fu her anda, benim \u00e7\u0131\u011fl\u0131\u011f\u0131m vard\u0131. O bunu duymuyordu. Belki de kulaklar\u0131n\u0131 kapat\u0131yordu \u015feytan. Onu bana dilsiz ve sa\u011f\u0131r k\u0131lana kadar f\u0131s\u0131ld\u0131yordu kula\u011f\u0131na\u2026 <\/p>\n","protected":false},"excerpt":{"rendered":"<p>Derler ki, ruhun tek e\u015fi bedendir. Bedene \u00fcflenir ruh ve oyun ba\u015flar. Ruh ayr\u0131l\u0131rsa bedenden, oyun da son bulur ve ad\u0131 \u00f6l\u00fcm olur. Bedeni var olurken<span class=\"excerpt-hellip\"> [\u2026]<\/span><\/p>\n","protected":false},"featured_media":0,"template":"","meta":{"_monsterinsights_skip_tracking":false,"_monsterinsights_sitenote_active":false,"_monsterinsights_sitenote_note":"","_monsterinsights_sitenote_category":0},"product_brand":[],"product_cat":[12291,50487],"product_tag":[],"class_list":{"0":"post-729131","1":"product","2":"type-product","3":"status-publish","5":"product_cat-edebiyat","6":"product_cat-kurgu","7":"pa_cilt-ciltsiz","8":"pa_tur-kitap","9":"pa_yayinevi-epsilon-yayinlari","10":"pa_yazar-emine-can","12":"first","13":"instock","14":"sale","15":"shipping-taxable","16":"purchasable","17":"product-type-simple"},"_links":{"self":[{"href":"https:\/\/roveyayinevi.com.tr\/index.php\/wp-json\/wp\/v2\/product\/729131","targetHints":{"allow":["GET"]}}],"collection":[{"href":"https:\/\/roveyayinevi.com.tr\/index.php\/wp-json\/wp\/v2\/product"}],"about":[{"href":"https:\/\/roveyayinevi.com.tr\/index.php\/wp-json\/wp\/v2\/types\/product"}],"wp:attachment":[{"href":"https:\/\/roveyayinevi.com.tr\/index.php\/wp-json\/wp\/v2\/media?parent=729131"}],"wp:term":[{"taxonomy":"product_brand","embeddable":true,"href":"https:\/\/roveyayinevi.com.tr\/index.php\/wp-json\/wp\/v2\/product_brand?post=729131"},{"taxonomy":"product_cat","embeddable":true,"href":"https:\/\/roveyayinevi.com.tr\/index.php\/wp-json\/wp\/v2\/product_cat?post=729131"},{"taxonomy":"product_tag","embeddable":true,"href":"https:\/\/roveyayinevi.com.tr\/index.php\/wp-json\/wp\/v2\/product_tag?post=729131"}],"curies":[{"name":"wp","href":"https:\/\/api.w.org\/{rel}","templated":true}]}}