{"id":729127,"date":"2025-08-27T20:50:44","date_gmt":"2025-08-27T17:50:44","guid":{"rendered":"https:\/\/roveyayinevi.com.tr\/index.php\/urun\/uygarligin-ayak-izleri-bati-resminde-ask-ve-bazi-kucuk-felaketler\/"},"modified":"2026-04-16T02:37:01","modified_gmt":"2026-04-15T23:37:01","slug":"uygarligin-ayak-izleri-bati-resminde-ask-ve-bazi-kucuk-felaketler","status":"publish","type":"product","link":"https:\/\/roveyayinevi.com.tr\/index.php\/urun\/uygarligin-ayak-izleri-bati-resminde-ask-ve-bazi-kucuk-felaketler\/","title":{"rendered":"Uygarl\u0131\u011f\u0131n Ayak \u0130zleri:  Bat\u0131 Resminde A\u015fk ve Baz\u0131 K\u00fc\u00e7\u00fck Felaketler"},"content":{"rendered":"<p>A\u015fk deyince herkesin dinlemek istedi\u011fi masal farkl\u0131d\u0131r, de\u011fil mi? Kimi mutlu sonlar\u0131n, y\u00fcz\u00fc g\u00fclen \u00e2\u015f\u0131klar\u0131n pe\u015findedir, kimi de hem cenneti g\u00f6rmek ister hem de cehennemi. Bu durum Bat\u0131 resim sanat\u0131na ad\u0131n\u0131 yazd\u0131ran ressamlar i\u00e7in de farkl\u0131 de\u011fildi; iyi ya da k\u00f6t\u00fc, hepsinin anlatacak bir hik\u00e2yesi vard\u0131. Baz\u0131lar\u0131 ilahi a\u015fklar\u0131 anlatt\u0131, baz\u0131lar\u0131 mitolojinin efsanevi \u00e2\u015f\u0131klar\u0131n\u0131. Birbirlerine tutkuyla ba\u011fl\u0131 \u00e7iftler gibi sadakate s\u0131rt \u00e7evirmi\u015flerin suretleri de belirdi tuvallerde.   Celil Sad\u0131k, Uygarl\u0131\u011f\u0131n Ayak \u0130zleri serisinin \u00fc\u00e7\u00fcnc\u00fc kitab\u0131nda Bat\u0131 resim sanat\u0131nda a\u015fk temas\u0131n\u0131 irdelerken madalyonun iki y\u00fcz\u00fcne de bakma cesareti g\u00f6steriyor. \u201cResim sanat\u0131nda a\u015fk\u0131 konu eden bir kitapta ondan s\u00f6z etmemeyi d\u00fc\u015f\u00fcnemezdik,\u201d diyen Sad\u0131k, ilk iki b\u00f6l\u00fcm\u00fcn ard\u0131ndan Avrupa\u2019y\u0131 terk edip s\u0131cak bir iklime g\u00f6\u00e7erek Frida Kahlo\u2019nun hayat\u0131yla eserlerine de\u011findi\u011fi son perdeye var\u0131yor.   Kitapta anlat\u0131m\u0131na yer verilmeyen d\u00f6rt k\u00fclt eser i\u00e7in kaydedilen ve QR kodlar\u0131yla son sayfadaki yerini alan mini seminerler ise Uygarl\u0131\u011f\u0131n Ayak \u0130zleri serisinin sanata \u00e2\u015f\u0131k okurlar\u0131na arma\u011fan\u0131m\u0131zd\u0131r.   Bu d\u00fcnyadan gelip ge\u00e7mi\u015f b\u00fct\u00fcn a\u015fklar\u0131n \u015ferefine! <\/p>\n","protected":false},"excerpt":{"rendered":"<p>A\u015fk deyince herkesin dinlemek istedi\u011fi masal farkl\u0131d\u0131r, de\u011fil mi? Kimi mutlu sonlar\u0131n, y\u00fcz\u00fc g\u00fclen \u00e2\u015f\u0131klar\u0131n pe\u015findedir, kimi de hem cenneti g\u00f6rmek ister hem de cehennemi. Bu<span class=\"excerpt-hellip\"> [\u2026]<\/span><\/p>\n","protected":false},"featured_media":0,"template":"","meta":{"_monsterinsights_skip_tracking":false,"_monsterinsights_sitenote_active":false,"_monsterinsights_sitenote_note":"","_monsterinsights_sitenote_category":0},"product_brand":[],"product_cat":[12408,14197],"product_tag":[],"class_list":{"0":"post-729127","1":"product","2":"type-product","3":"status-publish","5":"product_cat-sanat","6":"product_cat-sanat-tarihi","7":"pa_cilt-ciltsiz","8":"pa_tur-kitap","9":"pa_yayinevi-epsilon-yayinlari","10":"pa_yazar-celil-sadik","12":"first","13":"instock","14":"sale","15":"shipping-taxable","16":"purchasable","17":"product-type-simple"},"_links":{"self":[{"href":"https:\/\/roveyayinevi.com.tr\/index.php\/wp-json\/wp\/v2\/product\/729127","targetHints":{"allow":["GET"]}}],"collection":[{"href":"https:\/\/roveyayinevi.com.tr\/index.php\/wp-json\/wp\/v2\/product"}],"about":[{"href":"https:\/\/roveyayinevi.com.tr\/index.php\/wp-json\/wp\/v2\/types\/product"}],"wp:attachment":[{"href":"https:\/\/roveyayinevi.com.tr\/index.php\/wp-json\/wp\/v2\/media?parent=729127"}],"wp:term":[{"taxonomy":"product_brand","embeddable":true,"href":"https:\/\/roveyayinevi.com.tr\/index.php\/wp-json\/wp\/v2\/product_brand?post=729127"},{"taxonomy":"product_cat","embeddable":true,"href":"https:\/\/roveyayinevi.com.tr\/index.php\/wp-json\/wp\/v2\/product_cat?post=729127"},{"taxonomy":"product_tag","embeddable":true,"href":"https:\/\/roveyayinevi.com.tr\/index.php\/wp-json\/wp\/v2\/product_tag?post=729127"}],"curies":[{"name":"wp","href":"https:\/\/api.w.org\/{rel}","templated":true}]}}