{"id":729126,"date":"2025-08-27T20:50:43","date_gmt":"2025-08-27T17:50:43","guid":{"rendered":"https:\/\/roveyayinevi.com.tr\/index.php\/urun\/sanat-tarihinin-elli-temel-metni\/"},"modified":"2026-04-16T02:37:01","modified_gmt":"2026-04-15T23:37:01","slug":"sanat-tarihinin-elli-temel-metni","status":"publish","type":"product","link":"https:\/\/roveyayinevi.com.tr\/index.php\/urun\/sanat-tarihinin-elli-temel-metni\/","title":{"rendered":"Sanat Tarihinin Elli Temel Metni"},"content":{"rendered":"<p>\u0130\u00e7erisinde birincil ve ikincil kaynaklar\u0131n bulundu\u011fu bu kitab\u0131n ana stratejilerinden biri, d\u00f6nemleri, metinleri ve ku\u0308ltu\u0308rel tarihleri birbirine kar\u0131\u015ft\u0131rarak 19. yu\u0308zy\u0131l sanat tarihi alan\u0131n\u0131 olu\u015fturan dahili s\u0131n\u0131rlar\u0131n asl\u0131nda var olmad\u0131\u011f\u0131n\u0131 vurgulamakt\u0131r. S\u0131n\u0131rlamalar ve k\u0131s\u0131tlamalar, Avrupa\u2019n\u0131n sanat u\u0308retimi ve sanat u\u0308zerine yazma ba\u011flam\u0131nda bize b\u0131rakt\u0131\u011f\u0131 zengin ku\u0308ltu\u0308rel miras\u0131n zedelenmesine sebep olmaktan \u00f6teye ge\u00e7emez. Bu kitapta yer alan, antik zamanlardan \u00e7a\u011fda\u015f d\u00f6neme kadar uzanan eserler ve konular u\u0308zerine kaleme al\u0131nm\u0131\u015f elli ele\u015ftirel metnin amac\u0131 bizlere b\u0131rak\u0131lan ku\u0308ltu\u0308rel miras\u0131 sorgulamakt\u0131r. Kolektif olarak ele al\u0131nd\u0131\u011f\u0131nda bu \u00e7ok katmanl\u0131 metinler, farkl\u0131 ku\u015faklardan du\u0308\u015fu\u0308nu\u0308rleri \u00f6rgu\u0308de i\u00e7 i\u00e7e ge\u00e7en ipler misali bir araya getirerek ku\u0308ltu\u0308rel miras\u0131m\u0131za ve ar\u015fivlerimize \u00e7o\u011fulcu bir bak\u0131\u015f a\u00e7\u0131s\u0131yla yakla\u015fmam\u0131z\u0131 sa\u011flamaktad\u0131r. Kitapta yer verilen metinlerin \u00e7o\u011fu aslen sanat tarihi alan\u0131ndan \u00e7\u0131kma de\u011fildir fakat sanat tarihinin tarihsel temel dayanaklar\u0131n\u0131n anla\u015f\u0131lmas\u0131 i\u00e7in mutlaka okunmas\u0131 gereken metinlerdir. Sanat tarih\u00e7ili\u011fini sanat u\u0308zerine yazmak ve sanat yapmak olarak ikiye ay\u0131ran tarihsel Avrupal\u0131 bak\u0131\u015f a\u00e7\u0131s\u0131n\u0131 k\u0131rmak isteyen bir disiplin i\u00e7in bu kitapta yer verilen yazarlar\u0131n ka\u00e7\u0131n\u0131n hem sanat\u00e7\u0131 hem de sanat tarih\u00e7isi\/ele\u015ftirmeni oldu\u011fu \u00f6nemlidir. Kitaptaki yorumlarda yans\u0131t\u0131ld\u0131\u011f\u0131 \u015fekliyle ku\u0308ltu\u0308rel u\u0308retimin su\u0308reklili\u011fi ve teorile\u015ftirilmesi, sanat tarihi ve sanat tarihi yaz\u0131m\u0131n\u0131n mevcut geni\u015fli\u011fine ve toplumsal ge\u00e7erlili\u011fine yeniden vurgu yapmaktad\u0131r<\/p>\n","protected":false},"excerpt":{"rendered":"<p>\u0130\u00e7erisinde birincil ve ikincil kaynaklar\u0131n bulundu\u011fu bu kitab\u0131n ana stratejilerinden biri, d\u00f6nemleri, metinleri ve ku\u0308ltu\u0308rel tarihleri birbirine kar\u0131\u015ft\u0131rarak 19. yu\u0308zy\u0131l sanat tarihi alan\u0131n\u0131 olu\u015fturan dahili s\u0131n\u0131rlar\u0131n<span class=\"excerpt-hellip\"> [\u2026]<\/span><\/p>\n","protected":false},"featured_media":0,"template":"","meta":{"_monsterinsights_skip_tracking":false,"_monsterinsights_sitenote_active":false,"_monsterinsights_sitenote_note":"","_monsterinsights_sitenote_category":0},"product_brand":[],"product_cat":[12408,14197],"product_tag":[],"class_list":{"0":"post-729126","1":"product","2":"type-product","3":"status-publish","5":"product_cat-sanat","6":"product_cat-sanat-tarihi","7":"pa_cilt-ciltsiz","8":"pa_tur-kitap","9":"pa_yayinevi-ayrinti-yayinlari","10":"pa_yazar-diana-newall-grant-pooke","12":"first","13":"instock","14":"sale","15":"shipping-taxable","16":"purchasable","17":"product-type-simple"},"_links":{"self":[{"href":"https:\/\/roveyayinevi.com.tr\/index.php\/wp-json\/wp\/v2\/product\/729126","targetHints":{"allow":["GET"]}}],"collection":[{"href":"https:\/\/roveyayinevi.com.tr\/index.php\/wp-json\/wp\/v2\/product"}],"about":[{"href":"https:\/\/roveyayinevi.com.tr\/index.php\/wp-json\/wp\/v2\/types\/product"}],"wp:attachment":[{"href":"https:\/\/roveyayinevi.com.tr\/index.php\/wp-json\/wp\/v2\/media?parent=729126"}],"wp:term":[{"taxonomy":"product_brand","embeddable":true,"href":"https:\/\/roveyayinevi.com.tr\/index.php\/wp-json\/wp\/v2\/product_brand?post=729126"},{"taxonomy":"product_cat","embeddable":true,"href":"https:\/\/roveyayinevi.com.tr\/index.php\/wp-json\/wp\/v2\/product_cat?post=729126"},{"taxonomy":"product_tag","embeddable":true,"href":"https:\/\/roveyayinevi.com.tr\/index.php\/wp-json\/wp\/v2\/product_tag?post=729126"}],"curies":[{"name":"wp","href":"https:\/\/api.w.org\/{rel}","templated":true}]}}