{"id":729124,"date":"2025-08-27T20:50:41","date_gmt":"2025-08-27T17:50:41","guid":{"rendered":"https:\/\/roveyayinevi.com.tr\/index.php\/urun\/baglantisallik-yasamdaslik\/"},"modified":"2026-04-16T02:37:01","modified_gmt":"2026-04-15T23:37:01","slug":"baglantisallik-yasamdaslik","status":"publish","type":"product","link":"https:\/\/roveyayinevi.com.tr\/index.php\/urun\/baglantisallik-yasamdaslik\/","title":{"rendered":"Ba\u011flant\u0131sall\u0131k Ya\u015famda\u015fl\u0131k"},"content":{"rendered":"<p>T\u00fcrker K\u0131l\u0131\u00e7, bana g\u00f6re bir \u201ckozmos cerrah\u0131\u201d ve bu ifade herhangi bir anlamda metafor i\u00e7ermiyor! \u201cBeyin\u201d [mucizevi ama asla mucize de\u011fil!] bu d\u00fcnyan\u0131n \u00f6zel bir eseri ve onu \u00fcreten ger\u00e7ekli\u011fin b\u00fct\u00fcn izlerini kendinde sakl\u0131yor ve s\u00fcrekli yeniliyor. Yazar -bizim beyin dedi\u011fimizbu eserle \u00f6ylesine hemh\u00e2l olmu\u015f ki izleri titizce s\u00fcr\u00fcyor ve kar\u015f\u0131m\u0131za \u00e7\u0131kan e\u015fsiz tablonun bize nas\u0131l bir ya\u015fam tarz\u0131 f\u0131s\u0131ldad\u0131\u011f\u0131n\u0131 anlat\u0131yor. Bilgi, beceri, sezgi ve bilgelik elbirli\u011fi yapm\u0131\u015f! Sahiden \u00f6nemli bir kitap Prof. Dr. \u00c7etin Balanuye (Ekim 2020) Beyni d\u00fc\u015f\u00fcnmek ve yazmak, beyin cerrahisi kadar zordur; o inan\u0131lmazl\u0131k, i\u00e7inde kaybolma, d\u00fc\u015f\u00fcnceleri bilime ba\u011flayamama riskini ta\u015f\u0131r. T\u00fcrker\u2019in bunu yapabilme ihtimali var, ba\u015f\u0131ndan beri beyin bilimi, beyin cerrahisi ile birlikte ba\u015far\u0131yla y\u00fcr\u00fctt\u00fc.                                                                    Prof. Dr. Y\u00fccel Kanpolat (Aral\u0131k 2014) T\u00fcrker\u2019i \u00f6\u011frencili\u011finden beri tan\u0131r\u0131m. \u00c7ok iyi bir \u00f6\u011frenciydi, \u00e7ok iyi bir cerrah oldu, \u00e7ok iyi bir bilim insan\u0131 oldu, \u00e7ok iyi bir e\u011fitimci oldu. Bug\u00fcn \u00f6\u011frendiklerimden anl\u0131yorum ki iyi de bir bilim anlat\u0131c\u0131s\u0131 da olacak. D\u00fc\u015f\u00fcnceme g\u00f6re bir bilim insan\u0131 i\u00e7in, en \u00f6nemli H-indeks\u2019i \u00f6\u011frencisinin yapt\u0131klar\u0131; T\u00fcrker\u2019in yapt\u0131klar\u0131nda benim de pay\u0131m var ve bununla \u00f6v\u00fcn\u00fcyorum. Prof. Dr. Tun\u00e7alp \u00d6zgen (\u015eubat 2019)   Bilim \u201cba\u011flant\u0131sall\u0131k\u201d kavram\u0131yla, evrene ve do\u011faya ve insana yeni bir bak\u0131\u015fla yakla\u015f\u0131yor, kendi ba\u015f\u0131na bir d\u00fcnya oldu\u011funu sanan insanl\u0131\u011f\u0131n \u00f6n\u00fcne de \u201cya\u015famda\u015fl\u0131k\u201d k\u00fclt\u00fcr\u00fcn\u00fc koyuyor. Yeni bilime g\u00f6re, en yetkin bilgi i\u015fleme sistemi insan beyni de\u011fil ya\u015fam\u0131n kendisi; biyolojik ve fiziksel her varl\u0131k muazzam bir ba\u011flant\u0131sall\u0131k i\u00e7inde var. Kainat\u0131n bir par\u00e7as\u0131y\u0131z, bir a\u011fac\u0131n ve yapra\u011f\u0131n. T\u00fcm toplumu ve d\u00fcnyay\u0131 esir alan 5 mikron \u00f6l\u00e7e\u011finde bir vir\u00fcs bile, insan\u0131n nereye ait oldu\u011funu, insan \u2013 vir\u00fcs aras\u0131ndaki ili\u015fkisi bilince \u00e7\u0131kart\u0131yor. Her g\u00fcn elinde tuttu\u011fu, iyile\u015ftirmeye ve anlamaya \u00e7al\u0131\u015ft\u0131\u011f\u0131 insan beyni, Prof. Dr. T\u00fcrker K\u0131l\u0131\u00e7\u2019\u0131, yeni bilimin Konnektom ve Ya\u015famda\u015fl\u0131k kavram\u0131n\u0131n okyanusuna att\u0131. K\u0131l\u0131\u00e7, uluslararas\u0131 ve ulusal konferanslar\u0131 ve yaz\u0131lar\u0131yla, konunun evrensel \u00f6nde gelen uzmanlar\u0131ndan oldu. Ve ba\u015fta gen\u00e7ler olmak \u00fczere hepimiz i\u00e7in Ya\u015famda\u015fl\u0131k\u2019\u0131 pop\u00fcler bilim kitab\u0131na d\u00f6n\u00fc\u015ft\u00fcrmesi dileklerimizi sonunda ger\u00e7ekle\u015ftirdi. \u00c7ok \u00f6zg\u00fcn ve bir ilk kitapla kar\u015f\u0131 kar\u015f\u0131yay\u0131z. Bu sihirli kavram\u0131n, her \u015feyini yeniden tart\u0131\u015ft\u0131\u011f\u0131m\u0131z k\u00fcresel d\u00fczenin insani ekonomik ve toplumsal olarak nas\u0131l yeniden yap\u0131lanmas\u0131 gerekti\u011fi \u00fczerine tart\u0131\u015fmalara da \u0131\u015f\u0131k tutmas\u0131 dile\u011fimizle&#8230; <\/p>\n","protected":false},"excerpt":{"rendered":"<p>T\u00fcrker K\u0131l\u0131\u00e7, bana g\u00f6re bir \u201ckozmos cerrah\u0131\u201d ve bu ifade herhangi bir anlamda metafor i\u00e7ermiyor! \u201cBeyin\u201d [mucizevi ama asla mucize de\u011fil!] bu d\u00fcnyan\u0131n \u00f6zel bir eseri<span class=\"excerpt-hellip\"> [\u2026]<\/span><\/p>\n","protected":false},"featured_media":0,"template":"","meta":{"_monsterinsights_skip_tracking":false,"_monsterinsights_sitenote_active":false,"_monsterinsights_sitenote_note":"","_monsterinsights_sitenote_category":0},"product_brand":[],"product_cat":[13005,37328],"product_tag":[],"class_list":{"0":"post-729124","1":"product","2":"type-product","3":"status-publish","5":"product_cat-bilim-muhendislik","6":"product_cat-diger-bilim-muhendislik","7":"pa_cilt-ciltsiz","8":"pa_tur-kitap","9":"pa_yayinevi-ayrinti-yayinlari","10":"pa_yazar-turker-kilic","12":"first","13":"instock","14":"sale","15":"shipping-taxable","16":"purchasable","17":"product-type-simple"},"_links":{"self":[{"href":"https:\/\/roveyayinevi.com.tr\/index.php\/wp-json\/wp\/v2\/product\/729124","targetHints":{"allow":["GET"]}}],"collection":[{"href":"https:\/\/roveyayinevi.com.tr\/index.php\/wp-json\/wp\/v2\/product"}],"about":[{"href":"https:\/\/roveyayinevi.com.tr\/index.php\/wp-json\/wp\/v2\/types\/product"}],"wp:attachment":[{"href":"https:\/\/roveyayinevi.com.tr\/index.php\/wp-json\/wp\/v2\/media?parent=729124"}],"wp:term":[{"taxonomy":"product_brand","embeddable":true,"href":"https:\/\/roveyayinevi.com.tr\/index.php\/wp-json\/wp\/v2\/product_brand?post=729124"},{"taxonomy":"product_cat","embeddable":true,"href":"https:\/\/roveyayinevi.com.tr\/index.php\/wp-json\/wp\/v2\/product_cat?post=729124"},{"taxonomy":"product_tag","embeddable":true,"href":"https:\/\/roveyayinevi.com.tr\/index.php\/wp-json\/wp\/v2\/product_tag?post=729124"}],"curies":[{"name":"wp","href":"https:\/\/api.w.org\/{rel}","templated":true}]}}