{"id":729122,"date":"2025-08-27T20:50:40","date_gmt":"2025-08-27T17:50:40","guid":{"rendered":"https:\/\/roveyayinevi.com.tr\/index.php\/urun\/tarihe-yon-veren-liderler-10kitap\/"},"modified":"2026-04-16T02:37:01","modified_gmt":"2026-04-15T23:37:01","slug":"tarihe-yon-veren-liderler-10kitap","status":"publish","type":"product","link":"https:\/\/roveyayinevi.com.tr\/index.php\/urun\/tarihe-yon-veren-liderler-10kitap\/","title":{"rendered":"Tarihe Y\u00f6n Veren Liderler (10Kitap)"},"content":{"rendered":"<p>Ge\u00e7mi\u015f zamanda kimler ya\u015fad\u0131, neler yapt\u0131lar ve neden bu kadar zaman ge\u00e7mesine ra\u011fmen yine de onlar\u0131n isimlerini unutmuyoruz diye d\u00fc\u015f\u00fcn\u00fcyor musunuz hi\u00e7? Acaba \u201cTarihe Y\u00f6n Veren Liderler\u201d nas\u0131l insanlard\u0131, neler ya\u015fam\u0131\u015flard\u0131 ve kimdi onlar? \u0130\u015fte bu kitaplar size ge\u00e7mi\u015fimizin \u00f6nemli isimlerinin hayatlar\u0131n\u0131 anlat\u0131yor. Kimler yok ki; Sultan Alparslan\u2019dan Attila\u2019ya, Bilge Ka\u011fan\u2019dan Fatih Sultan Mehmed\u2019e\u2026 \u201cTarihe Y\u00f6n Veren Liderler\u201dle tan\u0131\u015fman\u0131n tam da s\u0131ras\u0131\u2026<\/p>\n","protected":false},"excerpt":{"rendered":"<p>Ge\u00e7mi\u015f zamanda kimler ya\u015fad\u0131, neler yapt\u0131lar ve neden bu kadar zaman ge\u00e7mesine ra\u011fmen yine de onlar\u0131n isimlerini unutmuyoruz diye d\u00fc\u015f\u00fcn\u00fcyor musunuz hi\u00e7? Acaba \u201cTarihe Y\u00f6n Veren<span class=\"excerpt-hellip\"> [\u2026]<\/span><\/p>\n","protected":false},"featured_media":0,"template":"","meta":{"_monsterinsights_skip_tracking":false,"_monsterinsights_sitenote_active":false,"_monsterinsights_sitenote_note":"","_monsterinsights_sitenote_category":0},"product_brand":[],"product_cat":[12275,12274],"product_tag":[],"class_list":{"0":"post-729122","1":"product","2":"type-product","3":"status-publish","5":"product_cat-6-12-yas-kitaplari","6":"product_cat-cocuk-ve-genclik-kitaplari","7":"pa_cilt-ciltsiz","8":"pa_tur-kitap","9":"pa_yayinevi-nesil-genc","10":"pa_yazar-tugba-ozturk","12":"first","13":"instock","14":"sale","15":"shipping-taxable","16":"purchasable","17":"product-type-simple"},"_links":{"self":[{"href":"https:\/\/roveyayinevi.com.tr\/index.php\/wp-json\/wp\/v2\/product\/729122","targetHints":{"allow":["GET"]}}],"collection":[{"href":"https:\/\/roveyayinevi.com.tr\/index.php\/wp-json\/wp\/v2\/product"}],"about":[{"href":"https:\/\/roveyayinevi.com.tr\/index.php\/wp-json\/wp\/v2\/types\/product"}],"wp:attachment":[{"href":"https:\/\/roveyayinevi.com.tr\/index.php\/wp-json\/wp\/v2\/media?parent=729122"}],"wp:term":[{"taxonomy":"product_brand","embeddable":true,"href":"https:\/\/roveyayinevi.com.tr\/index.php\/wp-json\/wp\/v2\/product_brand?post=729122"},{"taxonomy":"product_cat","embeddable":true,"href":"https:\/\/roveyayinevi.com.tr\/index.php\/wp-json\/wp\/v2\/product_cat?post=729122"},{"taxonomy":"product_tag","embeddable":true,"href":"https:\/\/roveyayinevi.com.tr\/index.php\/wp-json\/wp\/v2\/product_tag?post=729122"}],"curies":[{"name":"wp","href":"https:\/\/api.w.org\/{rel}","templated":true}]}}