{"id":729121,"date":"2025-08-27T20:50:39","date_gmt":"2025-08-27T17:50:39","guid":{"rendered":"https:\/\/roveyayinevi.com.tr\/index.php\/urun\/kus-kitabi\/"},"modified":"2026-04-16T02:37:01","modified_gmt":"2026-04-15T23:37:01","slug":"kus-kitabi","status":"publish","type":"product","link":"https:\/\/roveyayinevi.com.tr\/index.php\/urun\/kus-kitabi\/","title":{"rendered":"Ku\u015f Kitab\u0131"},"content":{"rendered":"<p>Sabahlar\u0131 uyand\u0131\u011f\u0131n\u0131zda pencereden s\u0131zan ya da ormanda k\u00fc\u00e7\u00fck bir y\u00fcr\u00fcy\u00fc\u015f yaparken dallardan s\u00fcz\u00fclen seslere hi\u00e7 kulak verdiniz mi? Cevab\u0131n\u0131z evetse harika ezgileriyle \u00f6t\u00fc\u015fen ku\u015flar\u0131n c\u0131v\u0131lt\u0131s\u0131ndan bahsetti\u011fimi hemen anlam\u0131\u015fs\u0131n\u0131zd\u0131r.Peki, gagalar\u0131na bakarak nas\u0131l beslendiklerini ya da ayaklar\u0131na bakarak nas\u0131l bir ya\u015fam tarz\u0131na sahip olduklar\u0131n\u0131 \u00f6\u011frenebilece\u011finizi biliyor muydunuz?Bu ilgin\u00e7 kitap, onlara dair i\u00e7inizdeki merak duygusunu g\u00fcd\u00fclerken, g\u00f6klerde kanat \u00e7\u0131rpan dostlar\u0131m\u0131z\u0131 daha yak\u0131ndan tan\u0131man\u0131z\u0131 sa\u011flayacak. Hem ku\u015flar\u0131 tan\u0131yacak hem de e\u015fle\u015ftirme ve renklendirme etkinlikleri ile bilgilerinizi e\u011flenceli oyunlarla peki\u015ftireceksiniz!<\/p>\n","protected":false},"excerpt":{"rendered":"<p>Sabahlar\u0131 uyand\u0131\u011f\u0131n\u0131zda pencereden s\u0131zan ya da ormanda k\u00fc\u00e7\u00fck bir y\u00fcr\u00fcy\u00fc\u015f yaparken dallardan s\u00fcz\u00fclen seslere hi\u00e7 kulak verdiniz mi? Cevab\u0131n\u0131z evetse harika ezgileriyle \u00f6t\u00fc\u015fen ku\u015flar\u0131n c\u0131v\u0131lt\u0131s\u0131ndan bahsetti\u011fimi<span class=\"excerpt-hellip\"> [\u2026]<\/span><\/p>\n","protected":false},"featured_media":0,"template":"","meta":{"_monsterinsights_skip_tracking":false,"_monsterinsights_sitenote_active":false,"_monsterinsights_sitenote_note":"","_monsterinsights_sitenote_category":0},"product_brand":[],"product_cat":[12913,12274],"product_tag":[],"class_list":{"0":"post-729121","1":"product","2":"type-product","3":"status-publish","5":"product_cat-3-6-yas-kitaplari","6":"product_cat-cocuk-ve-genclik-kitaplari","7":"pa_cilt-ciltsiz","8":"pa_tur-kitap","9":"pa_yayinevi-yeni-insan-yayinlari","10":"pa_yazar-nazli-ayhan","12":"first","13":"instock","14":"sale","15":"shipping-taxable","16":"purchasable","17":"product-type-simple"},"_links":{"self":[{"href":"https:\/\/roveyayinevi.com.tr\/index.php\/wp-json\/wp\/v2\/product\/729121","targetHints":{"allow":["GET"]}}],"collection":[{"href":"https:\/\/roveyayinevi.com.tr\/index.php\/wp-json\/wp\/v2\/product"}],"about":[{"href":"https:\/\/roveyayinevi.com.tr\/index.php\/wp-json\/wp\/v2\/types\/product"}],"wp:attachment":[{"href":"https:\/\/roveyayinevi.com.tr\/index.php\/wp-json\/wp\/v2\/media?parent=729121"}],"wp:term":[{"taxonomy":"product_brand","embeddable":true,"href":"https:\/\/roveyayinevi.com.tr\/index.php\/wp-json\/wp\/v2\/product_brand?post=729121"},{"taxonomy":"product_cat","embeddable":true,"href":"https:\/\/roveyayinevi.com.tr\/index.php\/wp-json\/wp\/v2\/product_cat?post=729121"},{"taxonomy":"product_tag","embeddable":true,"href":"https:\/\/roveyayinevi.com.tr\/index.php\/wp-json\/wp\/v2\/product_tag?post=729121"}],"curies":[{"name":"wp","href":"https:\/\/api.w.org\/{rel}","templated":true}]}}