{"id":729119,"date":"2025-08-27T20:50:37","date_gmt":"2025-08-27T17:50:37","guid":{"rendered":"https:\/\/roveyayinevi.com.tr\/index.php\/urun\/aristoteles-ve-hegel\/"},"modified":"2026-04-16T02:37:01","modified_gmt":"2026-04-15T23:37:01","slug":"aristoteles-ve-hegel","status":"publish","type":"product","link":"https:\/\/roveyayinevi.com.tr\/index.php\/urun\/aristoteles-ve-hegel\/","title":{"rendered":"Aristoteles ve Hegel"},"content":{"rendered":"<p>Nicolai Hartmann ku\u015fkusuz 20. y\u00fczy\u0131l felsefesinin en \u00f6nemli ve en \u00f6zg\u00fcn d\u00fc\u015f\u00fcn\u00fcrlerinden biridir. Etkile\u015fimde bulundu\u011fu filozoflar aras\u0131nda Martin Heidegger ve Max Scheler bulunurken, Takiyettin Meng\u00fc\u015fo\u011flu, Hans-Georg Gadamer ve Emil Cioran\u2019\u0131n hocal\u0131\u011f\u0131n\u0131 yapm\u0131\u015ft\u0131r.Elinizdeki eser, Hartmann\u2019\u0131n bir\u00e7ok dile \u00e7evrilmi\u015f iki makalesinin derlemesinden olu\u015fmaktad\u0131r. Hegel\u2019in reel diyalekti\u011fini ele alan \u0130lk b\u00f6l\u00fcm, Hegel felsefesine bir giri\u015f niteli\u011findedir, ikinci b\u00f6l\u00fcm ise Aristoteles ve Hegel felsefelerinin mant\u0131k, ontoloji ve \u00f6zellikle diyalektik a\u00e7\u0131s\u0131ndan benzerlik ve farkl\u0131l\u0131klar\u0131n\u0131 g\u00f6stermektedir.Do\u011fumunun 250. y\u0131l\u0131n\u0131 ard\u0131m\u0131zda b\u0131rak\u0131rken Hegel\u2019i ve felsefesini Alman filozof Nicolai Hartmann\u2019\u0131n kaleminden anlamak isteyenler i\u00e7in bu de\u011ferli \u00e7al\u0131\u015fmay\u0131 okurlar\u0131m\u0131za sunuyoruz.<\/p>\n","protected":false},"excerpt":{"rendered":"<p>Nicolai Hartmann ku\u015fkusuz 20. y\u00fczy\u0131l felsefesinin en \u00f6nemli ve en \u00f6zg\u00fcn d\u00fc\u015f\u00fcn\u00fcrlerinden biridir. Etkile\u015fimde bulundu\u011fu filozoflar aras\u0131nda Martin Heidegger ve Max Scheler bulunurken, Takiyettin Meng\u00fc\u015fo\u011flu, Hans-Georg<span class=\"excerpt-hellip\"> [\u2026]<\/span><\/p>\n","protected":false},"featured_media":0,"template":"","meta":{"_monsterinsights_skip_tracking":false,"_monsterinsights_sitenote_active":false,"_monsterinsights_sitenote_note":"","_monsterinsights_sitenote_category":0},"product_brand":[],"product_cat":[20351,12388],"product_tag":[],"class_list":{"0":"post-729119","1":"product","2":"type-product","3":"status-publish","5":"product_cat-dusunce","6":"product_cat-felsefe","7":"pa_cilt-ciltsiz","8":"pa_tur-kitap","9":"pa_yayinevi-fol-kitap","10":"pa_yazar-nicolai-hartmann","12":"first","13":"instock","14":"sale","15":"shipping-taxable","16":"purchasable","17":"product-type-simple"},"_links":{"self":[{"href":"https:\/\/roveyayinevi.com.tr\/index.php\/wp-json\/wp\/v2\/product\/729119","targetHints":{"allow":["GET"]}}],"collection":[{"href":"https:\/\/roveyayinevi.com.tr\/index.php\/wp-json\/wp\/v2\/product"}],"about":[{"href":"https:\/\/roveyayinevi.com.tr\/index.php\/wp-json\/wp\/v2\/types\/product"}],"wp:attachment":[{"href":"https:\/\/roveyayinevi.com.tr\/index.php\/wp-json\/wp\/v2\/media?parent=729119"}],"wp:term":[{"taxonomy":"product_brand","embeddable":true,"href":"https:\/\/roveyayinevi.com.tr\/index.php\/wp-json\/wp\/v2\/product_brand?post=729119"},{"taxonomy":"product_cat","embeddable":true,"href":"https:\/\/roveyayinevi.com.tr\/index.php\/wp-json\/wp\/v2\/product_cat?post=729119"},{"taxonomy":"product_tag","embeddable":true,"href":"https:\/\/roveyayinevi.com.tr\/index.php\/wp-json\/wp\/v2\/product_tag?post=729119"}],"curies":[{"name":"wp","href":"https:\/\/api.w.org\/{rel}","templated":true}]}}