{"id":729118,"date":"2025-08-27T20:50:37","date_gmt":"2025-08-27T17:50:37","guid":{"rendered":"https:\/\/roveyayinevi.com.tr\/index.php\/urun\/sorunsallikta-yasamak\/"},"modified":"2026-04-16T02:37:01","modified_gmt":"2026-04-15T23:37:01","slug":"sorunsallikta-yasamak","status":"publish","type":"product","link":"https:\/\/roveyayinevi.com.tr\/index.php\/urun\/sorunsallikta-yasamak\/","title":{"rendered":"Sorunsall\u0131kta Ya\u015famak"},"content":{"rendered":"<p>20. y\u00fczy\u0131l felsefesinin en \u00f6nemli isimlerinden olan \u00c7ek filozof Jan Pato\u010dka\u2019n\u0131n felsefesi, Husserl ve Heidegger\u2019in izinde fenomenolojik bir giri\u015fimdir. Ona g\u00f6re felsefi olarak d\u00fc\u015f\u00fcnmek ve politik olarak eylemek insan\u0131n \u2018ne oldu\u011fu\u2019 sorusunu sormak anlam\u0131na gelir. Politika \u00f6ncelikle \u00f6zg\u00fcrl\u00fck meselesidir. \u00d6zg\u00fcrl\u00fck, insan\u0131n eylemde bulunma ve \u00f6ng\u00f6r\u00fclemez olan\u0131 yapma, anlam yaratma g\u00fcc\u00fcd\u00fcr. Felsefe ise politikan\u0131n ve tarihin imk\u00e2n ko\u015fullar\u0131n\u0131 ele alan sorunsal d\u00fc\u015f\u00fcncedir. K\u0131sacas\u0131 \u00f6zg\u00fcrl\u00fck, ya\u015fam\u0131n b\u00fct\u00fcnc\u00fcl anlam\u0131n\u0131n sars\u0131lmas\u0131 ve sorunlar\u0131 g\u00f6rme edimidir.Pato\u010dka\u2019ya g\u00f6re filozof, ruhunu beslemeye, \u00f6\u011frenmeye, b\u00fct\u00fcn\u00fc anlamaya \u00e7al\u0131\u015fan ki\u015fidir. O, fedak\u00e2rl\u0131k yapman\u0131n anlam\u0131n\u0131 ve \u00f6nemini kavrad\u0131\u011f\u0131 i\u00e7in fedak\u00e2rl\u0131k yapmaktan korkmayan ki\u015fidir. Filozof, s\u00fcrekli olarak olumsuzlukta ve sorunsall\u0131kta ya\u015fayan ki\u015fidir. Bu y\u00fczden de eksikliklerini y\u00fcz\u00fcne vurdu\u011fu toplumla zorunlu ve s\u00fcrekli bir \u00e7at\u0131\u015fma h\u00e2lindedir. Yine de filozofun g\u00f6revi, bu uyan\u0131\u015f\u0131 yaymak ve geli\u015ftirmektir. Felsefenin amac\u0131, sorunsall\u0131kta ya\u015fayan felsefi kahramanlar ortaya \u00e7\u0131karmakt\u0131r.Bu kitapta Jan Pato\u010dka, bir kahramanl\u0131k felsefesi, felsefi bir kahramanl\u0131k \u00e7a\u011fr\u0131s\u0131nda bulunmaktad\u0131r.<\/p>\n","protected":false},"excerpt":{"rendered":"<p>20. y\u00fczy\u0131l felsefesinin en \u00f6nemli isimlerinden olan \u00c7ek filozof Jan Pato\u010dka\u2019n\u0131n felsefesi, Husserl ve Heidegger\u2019in izinde fenomenolojik bir giri\u015fimdir. Ona g\u00f6re felsefi olarak d\u00fc\u015f\u00fcnmek ve politik<span class=\"excerpt-hellip\"> [\u2026]<\/span><\/p>\n","protected":false},"featured_media":0,"template":"","meta":{"_monsterinsights_skip_tracking":false,"_monsterinsights_sitenote_active":false,"_monsterinsights_sitenote_note":"","_monsterinsights_sitenote_category":0},"product_brand":[],"product_cat":[12388,26788],"product_tag":[],"class_list":{"0":"post-729118","1":"product","2":"type-product","3":"status-publish","5":"product_cat-felsefe","6":"product_cat-filozoflar","7":"pa_cilt-ciltsiz","8":"pa_tur-kitap","9":"pa_yayinevi-fol-kitap","10":"pa_yazar-jan-patocka","12":"first","13":"instock","14":"sale","15":"shipping-taxable","16":"purchasable","17":"product-type-simple"},"_links":{"self":[{"href":"https:\/\/roveyayinevi.com.tr\/index.php\/wp-json\/wp\/v2\/product\/729118","targetHints":{"allow":["GET"]}}],"collection":[{"href":"https:\/\/roveyayinevi.com.tr\/index.php\/wp-json\/wp\/v2\/product"}],"about":[{"href":"https:\/\/roveyayinevi.com.tr\/index.php\/wp-json\/wp\/v2\/types\/product"}],"wp:attachment":[{"href":"https:\/\/roveyayinevi.com.tr\/index.php\/wp-json\/wp\/v2\/media?parent=729118"}],"wp:term":[{"taxonomy":"product_brand","embeddable":true,"href":"https:\/\/roveyayinevi.com.tr\/index.php\/wp-json\/wp\/v2\/product_brand?post=729118"},{"taxonomy":"product_cat","embeddable":true,"href":"https:\/\/roveyayinevi.com.tr\/index.php\/wp-json\/wp\/v2\/product_cat?post=729118"},{"taxonomy":"product_tag","embeddable":true,"href":"https:\/\/roveyayinevi.com.tr\/index.php\/wp-json\/wp\/v2\/product_tag?post=729118"}],"curies":[{"name":"wp","href":"https:\/\/api.w.org\/{rel}","templated":true}]}}