{"id":729117,"date":"2025-08-27T20:50:36","date_gmt":"2025-08-27T17:50:36","guid":{"rendered":"https:\/\/roveyayinevi.com.tr\/index.php\/urun\/felsefede-devrim-analitik-felsefenin-dogusu\/"},"modified":"2026-04-16T02:37:01","modified_gmt":"2026-04-15T23:37:01","slug":"felsefede-devrim-analitik-felsefenin-dogusu","status":"publish","type":"product","link":"https:\/\/roveyayinevi.com.tr\/index.php\/urun\/felsefede-devrim-analitik-felsefenin-dogusu\/","title":{"rendered":"Felsefede Devrim &#8211; Analitik Felsefenin Do\u011fu\u015fu"},"content":{"rendered":"<p>Elinizdeki kitap, analitik felsefenin do\u011fu\u015funa ve geli\u015fimine bir giri\u015f niteli\u011findedir. 20. y\u00fczy\u0131l\u0131n ba\u015f\u0131nda felsefe, d\u00fc\u015f\u00fcn tarih\u00e7ilerinin devrimler olarak adland\u0131rd\u0131\u011f\u0131, ani geli\u015fim devirlerinin birinden ge\u00e7ti. Analitik felsefe devrimi \u0130ngiltere\u2019de patlak verdi ve bu devrimin liderleri Moore, Russell ve Wittgenstein\u2019d\u0131.\u0130ngiliz idealist Bradley felsefesinde k\u00f6klerini bulan analitik felsefenin tarihsel seyri, Frege\u2019nin mant\u0131kta g\u00f6sterim devrimi ve Moore\u2019un sa\u011fduyu felsefesi ile d\u00f6n\u00fclmez bir rotaya girmi\u015fti. \u015e\u00fcphesiz bu devrimin en \u00f6nemli payda\u015flar\u0131 Viyana \u00c7evresi filozoflar\u0131, Schlick, Carnap, Neurath ve Reichenbach\u2019t\u0131. T\u00fcm bunlarla beraber elinizdeki kitap, analitik felsefenin kurucu d\u00fc\u015f\u00fcn\u00fcrleri, Frege, Moore, Viyana \u00c7evresi filozoflar\u0131, Wittgenstein ve Russell felsefelerine giri\u015f yapmaktad\u0131r.\u0130ngiliz filozof A. J. Ayer\u2019in edit\u00f6rl\u00fc\u011f\u00fcn\u00fc yapt\u0131\u011f\u0131 bu \u00e7al\u0131\u015fmay\u0131, Gilbert Ryle\u2019\u0131n Giri\u015f\u2019i ve P. F. Strawson\u2019\u0131n felsefenin mahiyetine ili\u015fkin de\u011ferlendirmeleriyle sunuyoruz.<\/p>\n","protected":false},"excerpt":{"rendered":"<p>Elinizdeki kitap, analitik felsefenin do\u011fu\u015funa ve geli\u015fimine bir giri\u015f niteli\u011findedir. 20. y\u00fczy\u0131l\u0131n ba\u015f\u0131nda felsefe, d\u00fc\u015f\u00fcn tarih\u00e7ilerinin devrimler olarak adland\u0131rd\u0131\u011f\u0131, ani geli\u015fim devirlerinin birinden ge\u00e7ti. Analitik felsefe<span class=\"excerpt-hellip\"> [\u2026]<\/span><\/p>\n","protected":false},"featured_media":0,"template":"","meta":{"_monsterinsights_skip_tracking":false,"_monsterinsights_sitenote_active":false,"_monsterinsights_sitenote_note":"","_monsterinsights_sitenote_category":0},"product_brand":[],"product_cat":[16038,12388],"product_tag":[],"class_list":{"0":"post-729117","1":"product","2":"type-product","3":"status-publish","5":"product_cat-arastirma-inceleme-referans-felsefe","6":"product_cat-felsefe","7":"pa_cilt-ciltsiz","8":"pa_tur-kitap","9":"pa_yayinevi-fol-kitap","10":"pa_yazar-alfred-jules-ayer","12":"first","13":"instock","14":"sale","15":"shipping-taxable","16":"purchasable","17":"product-type-simple"},"_links":{"self":[{"href":"https:\/\/roveyayinevi.com.tr\/index.php\/wp-json\/wp\/v2\/product\/729117","targetHints":{"allow":["GET"]}}],"collection":[{"href":"https:\/\/roveyayinevi.com.tr\/index.php\/wp-json\/wp\/v2\/product"}],"about":[{"href":"https:\/\/roveyayinevi.com.tr\/index.php\/wp-json\/wp\/v2\/types\/product"}],"wp:attachment":[{"href":"https:\/\/roveyayinevi.com.tr\/index.php\/wp-json\/wp\/v2\/media?parent=729117"}],"wp:term":[{"taxonomy":"product_brand","embeddable":true,"href":"https:\/\/roveyayinevi.com.tr\/index.php\/wp-json\/wp\/v2\/product_brand?post=729117"},{"taxonomy":"product_cat","embeddable":true,"href":"https:\/\/roveyayinevi.com.tr\/index.php\/wp-json\/wp\/v2\/product_cat?post=729117"},{"taxonomy":"product_tag","embeddable":true,"href":"https:\/\/roveyayinevi.com.tr\/index.php\/wp-json\/wp\/v2\/product_tag?post=729117"}],"curies":[{"name":"wp","href":"https:\/\/api.w.org\/{rel}","templated":true}]}}