{"id":729115,"date":"2025-08-27T20:50:34","date_gmt":"2025-08-27T17:50:34","guid":{"rendered":"https:\/\/roveyayinevi.com.tr\/index.php\/urun\/gelenekten-gelecege-turk-kultur-dunyasi\/"},"modified":"2026-04-16T02:37:01","modified_gmt":"2026-04-15T23:37:01","slug":"gelenekten-gelecege-turk-kultur-dunyasi","status":"publish","type":"product","link":"https:\/\/roveyayinevi.com.tr\/index.php\/urun\/gelenekten-gelecege-turk-kultur-dunyasi\/","title":{"rendered":"Gelenekten Gelece\u011fe T\u00fcrk K\u00fclt\u00fcr D\u00fcnyas\u0131"},"content":{"rendered":"<p>Gelenekten Gelece\u011fe T\u00fcrk K\u00fclt\u00fcr D\u00fcnyas\u0131 adl\u0131 bu \u00e7al\u0131\u015fma bir se\u00e7kidir. \u00c7al\u0131\u015fmaya al\u0131nan yaz\u0131lar, konu ve yakla\u015f\u0131m \u015fekli bak\u0131m\u0131ndan \u00fc\u00e7 ana ba\u015fl\u0131kta; \u201cK\u00fclt\u00fcr ve Mill\u00ee Perspektif\u201d, \u201c21. Y\u00fczy\u0131l\u0131n E\u015fi\u011finde Halk Bilimi\u201d, \u201cGelenek, T\u00f6ren ve Halk Bilimi\u201d olarak toplanm\u0131\u015ft\u0131r. Bir araya getirilen yaz\u0131lar\u0131n, yazar\u0131n akademik yakla\u015f\u0131m\u0131n\u0131 ortaya koymakla birlikte 2000\u2019li y\u0131llar\u0131n ba\u015f\u0131ndan bu yana T\u00fcrkiye\u2019nin ve d\u00fcnyan\u0131n g\u00fcndemindeki h\u0131zl\u0131 k\u00fclt\u00fcr de\u011fi\u015fmelerini de yans\u0131tt\u0131\u011f\u0131n\u0131 s\u00f6ylemek isteriz. Bu ba\u011flamda d\u00fcnyada bug\u00fcn i\u00e7inden ge\u00e7ilen s\u00fcre\u00e7, tarihin k\u0131r\u0131lma d\u00f6nemlerinde oldu\u011fu gibi \u00f6nemli paradigma de\u011fi\u015fimlerini ortaya \u00e7\u0131karma potansiyeline sahiptir. Veri, ileti\u015fim ve etkile\u015fim odakl\u0131; \u00e7ok boyutlu sosyo-ekonomik, k\u00fclt\u00fcrel ve bilimsel d\u00f6n\u00fc\u015f\u00fcmlere \u015fahitlik etmekteyiz. B\u00fct\u00fcn bilgi sistemleri gibi halk bilimsel bilginin de yeniden \u00fcretim, icra\/aktar\u0131m ve dola\u015f\u0131m bi\u00e7imleri de\u011fi\u015fmektedir. Buna dayal\u0131 olarak mill\u00ee k\u00fclt\u00fcr unsurlar\u0131n\u0131n zaman\u0131n ruhuna uygun \u015fekilde tekrar ele al\u0131nmas\u0131, yorumlanmas\u0131 ve prati\u011fe y\u00f6nelik ince i\u015f\u00e7iliklerinin yap\u0131lmas\u0131 y\u00f6n\u00fcnde gayret sarf edilmelidir. \u00c7a\u011f\u0131m\u0131zda \u00fcretilen veri\/bilginin raflarda ve dijital belleklerde oldu\u011fu kadar toplumsal hayat, siyaset kurumu ve k\u00fclt\u00fcr end\u00fcstrilerine har\u00e7 olmas\u0131 da elzemdir. \u0130nsanl\u0131k tarihinde k\u00f6kl\u00fc bir ge\u00e7mi\u015fi ve \u00f6zg\u00fcn bir yeri bulunan T\u00fcrk k\u00fclt\u00fcr\u00fcn\u00fcn; bilgi, de\u011ferler ve y\u00f6netim sistemlerinin tart\u0131\u015f\u0131ld\u0131\u011f\u0131 bir zeminde ge\u00e7mi\u015fi \u015fimdiyle bulu\u015ftururken insanl\u0131\u011f\u0131n gelece\u011finde de huzuru mayalayacak bir a\u015f\u0131 mahiyetiyle gelece\u011fe haz\u0131rlanmas\u0131, bu konuda kayg\u0131 duyanlar\u0131n ortak g\u00f6revleri aras\u0131nda olmal\u0131d\u0131r.<\/p>\n","protected":false},"excerpt":{"rendered":"<p>Gelenekten Gelece\u011fe T\u00fcrk K\u00fclt\u00fcr D\u00fcnyas\u0131 adl\u0131 bu \u00e7al\u0131\u015fma bir se\u00e7kidir. \u00c7al\u0131\u015fmaya al\u0131nan yaz\u0131lar, konu ve yakla\u015f\u0131m \u015fekli bak\u0131m\u0131ndan \u00fc\u00e7 ana ba\u015fl\u0131kta; \u201cK\u00fclt\u00fcr ve Mill\u00ee Perspektif\u201d, \u201c21.<span class=\"excerpt-hellip\"> [\u2026]<\/span><\/p>\n","protected":false},"featured_media":0,"template":"","meta":{"_monsterinsights_skip_tracking":false,"_monsterinsights_sitenote_active":false,"_monsterinsights_sitenote_note":"","_monsterinsights_sitenote_category":0},"product_brand":[],"product_cat":[20039,13488],"product_tag":[],"class_list":{"0":"post-729115","1":"product","2":"type-product","3":"status-publish","5":"product_cat-kultur-tarihi","6":"product_cat-toplum-ve-insan","7":"pa_cilt-ciltsiz","8":"pa_tur-kitap","9":"pa_yayinevi-otuken-nesriyat","10":"pa_yazar-ruhi-ersoy","12":"first","13":"instock","14":"sale","15":"shipping-taxable","16":"purchasable","17":"product-type-simple"},"_links":{"self":[{"href":"https:\/\/roveyayinevi.com.tr\/index.php\/wp-json\/wp\/v2\/product\/729115","targetHints":{"allow":["GET"]}}],"collection":[{"href":"https:\/\/roveyayinevi.com.tr\/index.php\/wp-json\/wp\/v2\/product"}],"about":[{"href":"https:\/\/roveyayinevi.com.tr\/index.php\/wp-json\/wp\/v2\/types\/product"}],"wp:attachment":[{"href":"https:\/\/roveyayinevi.com.tr\/index.php\/wp-json\/wp\/v2\/media?parent=729115"}],"wp:term":[{"taxonomy":"product_brand","embeddable":true,"href":"https:\/\/roveyayinevi.com.tr\/index.php\/wp-json\/wp\/v2\/product_brand?post=729115"},{"taxonomy":"product_cat","embeddable":true,"href":"https:\/\/roveyayinevi.com.tr\/index.php\/wp-json\/wp\/v2\/product_cat?post=729115"},{"taxonomy":"product_tag","embeddable":true,"href":"https:\/\/roveyayinevi.com.tr\/index.php\/wp-json\/wp\/v2\/product_tag?post=729115"}],"curies":[{"name":"wp","href":"https:\/\/api.w.org\/{rel}","templated":true}]}}