{"id":729114,"date":"2025-08-27T20:50:33","date_gmt":"2025-08-27T17:50:33","guid":{"rendered":"https:\/\/roveyayinevi.com.tr\/index.php\/urun\/osmanli-ekonomisine-dair-konusmalar\/"},"modified":"2026-04-16T02:37:01","modified_gmt":"2026-04-15T23:37:01","slug":"osmanli-ekonomisine-dair-konusmalar","status":"publish","type":"product","link":"https:\/\/roveyayinevi.com.tr\/index.php\/urun\/osmanli-ekonomisine-dair-konusmalar\/","title":{"rendered":"Osmanl\u0131 Ekonomisine Dair Konu\u015fmalar"},"content":{"rendered":"<p>Osmanl\u0131 Ekonomisine Dair Konu\u015fmalar adl\u0131 serinin birinci cildi olan  bu eser, Mehmet Gen\u00e7 ile Erol \u00d6zvar\u2019\u0131n umuma a\u00e7\u0131k yapt\u0131klar\u0131 konu\u015fmalardan, soru-cevaplardan meydana gelmektedir. Sorular\u0131 Erol \u00d6zvar y\u00f6neltmi\u015f cevaplar\u0131 ise Mehmet Gen\u00e7 vermi\u015ftir. Konu\u015fmalar, Mehmet Gen\u00e7\u2019in hayat\u0131n\u0131 anlatmak, hik\u00e2ye etmek \u00fczere haz\u0131rlanm\u0131\u015f bir biyografik s\u00f6yle\u015filer b\u00fct\u00fcn\u00fc de\u011fildir. Fakat, \u00f6mr\u00fcn\u00fcn 60 y\u0131l\u0131n\u0131 Osmanl\u0131 ar\u015fivlerinde ge\u00e7irmi\u015f bir ilim insan\u0131n\u0131n Osmanl\u0131lar\u0131n iktisadi hayata bak\u0131\u015flar\u0131n\u0131, yap\u0131p ettiklerini ve m\u00fcesseselerini nas\u0131l anlad\u0131\u011f\u0131n\u0131 ortaya koymak \u00fczere haz\u0131rlanm\u0131\u015ft\u0131r. Bu eserde okuyaca\u011f\u0131n\u0131z konu\u015fmalar daha ziyade Osmanl\u0131 ekonomisini muhtelif ve\u00e7helerden ele al\u0131r. N\u00fcfus, i\u00e7 ve d\u0131\u015f ticaret, iktisadi kurumlar, m\u00fclkiyet, maliye, bor\u00e7lanma, toplum, para, vak\u0131f, ziraat, sanayi, madencilik, esnaf ve hukuk gibi tematik meseleler \u00fczerinde durur. Bunlarla birlikte y\u00fczy\u0131llar itibariyle Osmanl\u0131lar\u0131n in\u015fa ettikleri iktisadi sistemin kurulu\u015fu, i\u015fleyi\u015fi, d\u0131\u015f ve i\u00e7 dinamiklerle ge\u00e7irdi\u011fi de\u011fi\u015fmeler de konu\u015fmalarda de\u011finilen temel sorular aras\u0131nda yer al\u0131r. Bu nedenle, bu cilt ve di\u011fer ciltlerde yap\u0131lan tahlillerde bir kronoloji endi\u015fesi dikkat \u00e7ekecektir. Bir yandan bir mesele tart\u0131\u015f\u0131l\u0131rken di\u011fer yandan o meselenin zaman i\u00e7indeki de\u011fi\u015fimi \u00fczerinde de\u011ferlendirmelerin yap\u0131ld\u0131\u011f\u0131 g\u00f6r\u00fclecektir. Konu\u015fmalarda dikkat \u00e7ekici bir ba\u015fka hususiyet, konular\u0131n el verdi\u011fi \u00f6l\u00e7\u00fcde mukayeseli bak\u0131\u015f a\u00e7\u0131s\u0131n\u0131n tatbik edilmi\u015f olmas\u0131d\u0131r.<\/p>\n","protected":false},"excerpt":{"rendered":"<p>Osmanl\u0131 Ekonomisine Dair Konu\u015fmalar adl\u0131 serinin birinci cildi olan bu eser, Mehmet Gen\u00e7 ile Erol \u00d6zvar\u2019\u0131n umuma a\u00e7\u0131k yapt\u0131klar\u0131 konu\u015fmalardan, soru-cevaplardan meydana gelmektedir. Sorular\u0131 Erol \u00d6zvar<span class=\"excerpt-hellip\"> [\u2026]<\/span><\/p>\n","protected":false},"featured_media":0,"template":"","meta":{"_monsterinsights_skip_tracking":false,"_monsterinsights_sitenote_active":false,"_monsterinsights_sitenote_note":"","_monsterinsights_sitenote_category":0},"product_brand":[],"product_cat":[13517,12304],"product_tag":[],"class_list":{"0":"post-729114","1":"product","2":"type-product","3":"status-publish","5":"product_cat-osmanli-tarihi","6":"product_cat-tarih","7":"pa_cilt-ciltsiz","8":"pa_tur-kitap","9":"pa_yayinevi-otuken-nesriyat","10":"pa_yazar-mehmet-genc-erol-ozvar","12":"first","13":"instock","14":"sale","15":"shipping-taxable","16":"purchasable","17":"product-type-simple"},"_links":{"self":[{"href":"https:\/\/roveyayinevi.com.tr\/index.php\/wp-json\/wp\/v2\/product\/729114","targetHints":{"allow":["GET"]}}],"collection":[{"href":"https:\/\/roveyayinevi.com.tr\/index.php\/wp-json\/wp\/v2\/product"}],"about":[{"href":"https:\/\/roveyayinevi.com.tr\/index.php\/wp-json\/wp\/v2\/types\/product"}],"wp:attachment":[{"href":"https:\/\/roveyayinevi.com.tr\/index.php\/wp-json\/wp\/v2\/media?parent=729114"}],"wp:term":[{"taxonomy":"product_brand","embeddable":true,"href":"https:\/\/roveyayinevi.com.tr\/index.php\/wp-json\/wp\/v2\/product_brand?post=729114"},{"taxonomy":"product_cat","embeddable":true,"href":"https:\/\/roveyayinevi.com.tr\/index.php\/wp-json\/wp\/v2\/product_cat?post=729114"},{"taxonomy":"product_tag","embeddable":true,"href":"https:\/\/roveyayinevi.com.tr\/index.php\/wp-json\/wp\/v2\/product_tag?post=729114"}],"curies":[{"name":"wp","href":"https:\/\/api.w.org\/{rel}","templated":true}]}}