{"id":729113,"date":"2025-08-27T20:50:32","date_gmt":"2025-08-27T17:50:32","guid":{"rendered":"https:\/\/roveyayinevi.com.tr\/index.php\/urun\/acaba-havuc-tadinda-sinek-var-midir\/"},"modified":"2026-04-16T02:37:01","modified_gmt":"2026-04-15T23:37:01","slug":"acaba-havuc-tadinda-sinek-var-midir","status":"publish","type":"product","link":"https:\/\/roveyayinevi.com.tr\/index.php\/urun\/acaba-havuc-tadinda-sinek-var-midir\/","title":{"rendered":"Acaba Havu\u00e7 Tad\u0131nda Sinek Var M\u0131d\u0131r?"},"content":{"rendered":"<p>Biriyle  yak\u0131n arkada\u015f olmak, her \u015feyi onunla birlikte yapmay\u0131 m\u0131 gerektirir? Var m\u0131s\u0131n\u0131z, Nuli ve Pirizut\u2019un sevgi dolu hikayesinde bu sorunun cevab\u0131n\u0131 bulmaya? <\/p>\n","protected":false},"excerpt":{"rendered":"<p>Biriyle yak\u0131n arkada\u015f olmak, her \u015feyi onunla birlikte yapmay\u0131 m\u0131 gerektirir? Var m\u0131s\u0131n\u0131z, Nuli ve Pirizut\u2019un sevgi dolu hikayesinde bu sorunun cevab\u0131n\u0131 bulmaya?<\/p>\n","protected":false},"featured_media":0,"template":"","meta":{"_monsterinsights_skip_tracking":false,"_monsterinsights_sitenote_active":false,"_monsterinsights_sitenote_note":"","_monsterinsights_sitenote_category":0},"product_brand":[],"product_cat":[12274,12284],"product_tag":[],"class_list":{"0":"post-729113","1":"product","2":"type-product","3":"status-publish","5":"product_cat-cocuk-ve-genclik-kitaplari","6":"product_cat-hikayeler","7":"pa_cilt-ciltsiz","8":"pa_tur-kitap","9":"pa_yayinevi-nito-kitap","10":"pa_yazar-matthias-sodtke","12":"first","13":"instock","14":"sale","15":"shipping-taxable","16":"purchasable","17":"product-type-simple"},"_links":{"self":[{"href":"https:\/\/roveyayinevi.com.tr\/index.php\/wp-json\/wp\/v2\/product\/729113","targetHints":{"allow":["GET"]}}],"collection":[{"href":"https:\/\/roveyayinevi.com.tr\/index.php\/wp-json\/wp\/v2\/product"}],"about":[{"href":"https:\/\/roveyayinevi.com.tr\/index.php\/wp-json\/wp\/v2\/types\/product"}],"wp:attachment":[{"href":"https:\/\/roveyayinevi.com.tr\/index.php\/wp-json\/wp\/v2\/media?parent=729113"}],"wp:term":[{"taxonomy":"product_brand","embeddable":true,"href":"https:\/\/roveyayinevi.com.tr\/index.php\/wp-json\/wp\/v2\/product_brand?post=729113"},{"taxonomy":"product_cat","embeddable":true,"href":"https:\/\/roveyayinevi.com.tr\/index.php\/wp-json\/wp\/v2\/product_cat?post=729113"},{"taxonomy":"product_tag","embeddable":true,"href":"https:\/\/roveyayinevi.com.tr\/index.php\/wp-json\/wp\/v2\/product_tag?post=729113"}],"curies":[{"name":"wp","href":"https:\/\/api.w.org\/{rel}","templated":true}]}}