{"id":729112,"date":"2025-08-27T20:50:31","date_gmt":"2025-08-27T17:50:31","guid":{"rendered":"https:\/\/roveyayinevi.com.tr\/index.php\/urun\/araniyor-hayvanlar-aleminin-suclulari\/"},"modified":"2026-04-16T02:37:01","modified_gmt":"2026-04-15T23:37:01","slug":"araniyor-hayvanlar-aleminin-suclulari","status":"publish","type":"product","link":"https:\/\/roveyayinevi.com.tr\/index.php\/urun\/araniyor-hayvanlar-aleminin-suclulari\/","title":{"rendered":"Aran\u0131yor! Hayvanlar Aleminin Su\u00e7lular\u0131"},"content":{"rendered":"<p>HAYVANLAR \u00c2LEM\u0130, B\u0130R SU\u00c7 DALGASIYLA KAR\u015eI KAR\u015eIYA VE DEDEKT\u0130F X \u0130\u015eBA\u015eINDA!   Hayvanlar \u00e2leminin en \u00e7ok aranan su\u00e7lular\u0131ndan baz\u0131lar\u0131yla tan\u0131\u015f\u0131n. Sab\u0131ka kay\u0131tlar\u0131 h\u0131rs\u0131zl\u0131k, sahtek\u00e2rl\u0131k ve t\u00fck\u00fcrme gibi korkun\u00e7 su\u00e7larla dolu! On \u00fc\u00e7 afacan hayvan\u0131 ve onlar\u0131n beslenme \u015fekillerini, al\u0131\u015fkanl\u0131klar\u0131n\u0131, ya\u015fam alanlar\u0131n\u0131 ve ay\u0131rt edici \u00f6zelliklerini ara\u015ft\u0131r\u0131rken siz de Dedektif X\u2019e kat\u0131l\u0131n! Hayvanlar \u00e2lemini yeniden eski ve g\u00fcvenli g\u00fcnlerine d\u00f6nd\u00fcrmek sizin elinizde! <\/p>\n","protected":false},"excerpt":{"rendered":"<p>HAYVANLAR \u00c2LEM\u0130, B\u0130R SU\u00c7 DALGASIYLA KAR\u015eI KAR\u015eIYA VE DEDEKT\u0130F X \u0130\u015eBA\u015eINDA! Hayvanlar \u00e2leminin en \u00e7ok aranan su\u00e7lular\u0131ndan baz\u0131lar\u0131yla tan\u0131\u015f\u0131n. Sab\u0131ka kay\u0131tlar\u0131 h\u0131rs\u0131zl\u0131k, sahtek\u00e2rl\u0131k ve t\u00fck\u00fcrme gibi<span class=\"excerpt-hellip\"> [\u2026]<\/span><\/p>\n","protected":false},"featured_media":0,"template":"","meta":{"_monsterinsights_skip_tracking":false,"_monsterinsights_sitenote_active":false,"_monsterinsights_sitenote_note":"","_monsterinsights_sitenote_category":0},"product_brand":[],"product_cat":[12913,12274],"product_tag":[],"class_list":{"0":"post-729112","1":"product","2":"type-product","3":"status-publish","5":"product_cat-3-6-yas-kitaplari","6":"product_cat-cocuk-ve-genclik-kitaplari","7":"pa_cilt-ciltsiz","8":"pa_tur-kitap","9":"pa_yayinevi-ithaki-yayinlari","10":"pa_yazar-heather-tekavec","12":"first","13":"instock","14":"sale","15":"shipping-taxable","16":"purchasable","17":"product-type-simple"},"_links":{"self":[{"href":"https:\/\/roveyayinevi.com.tr\/index.php\/wp-json\/wp\/v2\/product\/729112","targetHints":{"allow":["GET"]}}],"collection":[{"href":"https:\/\/roveyayinevi.com.tr\/index.php\/wp-json\/wp\/v2\/product"}],"about":[{"href":"https:\/\/roveyayinevi.com.tr\/index.php\/wp-json\/wp\/v2\/types\/product"}],"wp:attachment":[{"href":"https:\/\/roveyayinevi.com.tr\/index.php\/wp-json\/wp\/v2\/media?parent=729112"}],"wp:term":[{"taxonomy":"product_brand","embeddable":true,"href":"https:\/\/roveyayinevi.com.tr\/index.php\/wp-json\/wp\/v2\/product_brand?post=729112"},{"taxonomy":"product_cat","embeddable":true,"href":"https:\/\/roveyayinevi.com.tr\/index.php\/wp-json\/wp\/v2\/product_cat?post=729112"},{"taxonomy":"product_tag","embeddable":true,"href":"https:\/\/roveyayinevi.com.tr\/index.php\/wp-json\/wp\/v2\/product_tag?post=729112"}],"curies":[{"name":"wp","href":"https:\/\/api.w.org\/{rel}","templated":true}]}}