{"id":729109,"date":"2025-08-27T20:50:28","date_gmt":"2025-08-27T17:50:28","guid":{"rendered":"https:\/\/roveyayinevi.com.tr\/index.php\/urun\/imkansiz-bir-liste\/"},"modified":"2026-04-16T02:37:01","modified_gmt":"2026-04-15T23:37:01","slug":"imkansiz-bir-liste","status":"publish","type":"product","link":"https:\/\/roveyayinevi.com.tr\/index.php\/urun\/imkansiz-bir-liste\/","title":{"rendered":"\u0130mkans\u0131z Bir Liste"},"content":{"rendered":"<p>\u201cOtoban \u00fczerine yaz\u0131lan bu imk\u00e2ns\u0131z liste beni ona g\u00f6t\u00fcrecek. Do\u011fdu\u011fumda ad koyma t\u00f6renimde kula\u011f\u0131ma seslenilen o kelimeye, b\u00fct\u00fcn s\u00f6ylencelerin sonundaki geri d\u00f6n\u00fclene, tan\u0131d\u0131\u011f\u0131m kad\u0131nlar\u0131n bir toplam\u0131na, \u015fu zamans\u0131z \u00e7\u00f6lde g\u00f6rebildi\u011fim tek hayale, yaln\u0131z ve g\u00fc\u00e7s\u00fcz gecelerin Hande\u2019sine. Zavall\u0131 akl\u0131m yaln\u0131zl\u0131ktan, etim hen\u00fcz hayattayken ya\u015fanan bu koku\u015fmadan, \u015fu varl\u0131\u011f\u0131m\u0131 yitirme oyunundan kurtulacak. Liste, t\u00fcm sorular\u0131n yan\u0131tlar\u0131n\u0131 vermeyi deneyecek. Beni ona g\u00f6t\u00fcrecek. \u00c7ocuklu\u011fuma, h\u0131rpalad\u0131k\u00e7a daha \u00e7ok severek b\u00fcy\u00fctt\u00fc\u011f\u00fcm \u00e7i\u00e7e\u011fe, o paha bi\u00e7ilmez g\u00f6zya\u015f\u0131 kadehine. Hayalini art\u0131k eski filmlerin esas kad\u0131nlar\u0131yla kar\u0131\u015ft\u0131rmaya ba\u015flad\u0131\u011f\u0131m birici\u011fe; Hande\u2019ye. Az sonra \u015fu sapaklardan birinden sapaca\u011f\u0131m. Hik\u00e2ye bitti\u011fi yerden ba\u015flayacak. \u0130mk\u00e2ns\u0131z bir liste, bana de\u011fen b\u00fct\u00fcn sakl\u0131 s\u00f6zleri, bir bir a\u00e7\u0131\u011fa \u00e7\u0131karacak.\u201d   Yazar Mert Zamangil bir sabah bak\u0131ms\u0131z bir motel odas\u0131nda uyan\u0131r. Oraya neden ve nas\u0131l geldi\u011fini bir t\u00fcrl\u00fc an\u0131msayamaz. Defterlerinden birinin aras\u0131nda ortadan ikiye katlanm\u0131\u015f bir sayfa bulur. Bu kendi el yaz\u0131s\u0131yla yaz\u0131lm\u0131\u015f  17 maddelik bir listedir. \u0130lk maddede \u201cHande\u2019yi bul\u201d yazmaktad\u0131r. Aralar\u0131nda k\u0131sa s\u00fcrede dostluk geli\u015fen motel sorumlusu Aysun\u2019un da etkisiyle \u0130stanbul\u2019a d\u00f6nmeye ve listedeki izle\u011fi takip etmeye karar verir. Eski sevgiliye ula\u015fmak i\u00e7in \u00e7\u0131k\u0131lan bu gizemli yolculuk, \u00f6len babas\u0131, h\u00e2l\u00e2 hayatta olan annesi ve a\u011fabeyi \u00fczerinden ya\u015fanacak tuhaf bir ge\u00e7mi\u015f hesapla\u015fmas\u0131na d\u00f6n\u00fc\u015fecektir. <\/p>\n","protected":false},"excerpt":{"rendered":"<p>\u201cOtoban \u00fczerine yaz\u0131lan bu imk\u00e2ns\u0131z liste beni ona g\u00f6t\u00fcrecek. Do\u011fdu\u011fumda ad koyma t\u00f6renimde kula\u011f\u0131ma seslenilen o kelimeye, b\u00fct\u00fcn s\u00f6ylencelerin sonundaki geri d\u00f6n\u00fclene, tan\u0131d\u0131\u011f\u0131m kad\u0131nlar\u0131n bir toplam\u0131na,<span class=\"excerpt-hellip\"> [\u2026]<\/span><\/p>\n","protected":false},"featured_media":0,"template":"","meta":{"_monsterinsights_skip_tracking":false,"_monsterinsights_sitenote_active":false,"_monsterinsights_sitenote_note":"","_monsterinsights_sitenote_category":0},"product_brand":[],"product_cat":[12291,12711],"product_tag":[],"class_list":{"0":"post-729109","1":"product","2":"type-product","3":"status-publish","5":"product_cat-edebiyat","6":"product_cat-roman-oyku","7":"pa_cilt-ciltsiz","8":"pa_tur-kitap","9":"pa_yayinevi-dogan-kitap","10":"pa_yazar-derya-erkenci","12":"first","13":"instock","14":"sale","15":"shipping-taxable","16":"purchasable","17":"product-type-simple"},"_links":{"self":[{"href":"https:\/\/roveyayinevi.com.tr\/index.php\/wp-json\/wp\/v2\/product\/729109","targetHints":{"allow":["GET"]}}],"collection":[{"href":"https:\/\/roveyayinevi.com.tr\/index.php\/wp-json\/wp\/v2\/product"}],"about":[{"href":"https:\/\/roveyayinevi.com.tr\/index.php\/wp-json\/wp\/v2\/types\/product"}],"wp:attachment":[{"href":"https:\/\/roveyayinevi.com.tr\/index.php\/wp-json\/wp\/v2\/media?parent=729109"}],"wp:term":[{"taxonomy":"product_brand","embeddable":true,"href":"https:\/\/roveyayinevi.com.tr\/index.php\/wp-json\/wp\/v2\/product_brand?post=729109"},{"taxonomy":"product_cat","embeddable":true,"href":"https:\/\/roveyayinevi.com.tr\/index.php\/wp-json\/wp\/v2\/product_cat?post=729109"},{"taxonomy":"product_tag","embeddable":true,"href":"https:\/\/roveyayinevi.com.tr\/index.php\/wp-json\/wp\/v2\/product_tag?post=729109"}],"curies":[{"name":"wp","href":"https:\/\/api.w.org\/{rel}","templated":true}]}}