{"id":729107,"date":"2025-08-27T20:50:25","date_gmt":"2025-08-27T17:50:25","guid":{"rendered":"https:\/\/roveyayinevi.com.tr\/index.php\/urun\/elia\/"},"modified":"2026-04-15T02:48:02","modified_gmt":"2026-04-14T23:48:02","slug":"elia","status":"publish","type":"product","link":"https:\/\/roveyayinevi.com.tr\/index.php\/urun\/elia\/","title":{"rendered":"Elia"},"content":{"rendered":"<p>Zaman\u0131n ge\u00e7ti\u011fi ama hayat\u0131n durdu\u011fu yak\u0131n bir gelecek. Tarihsel al\u0131\u015fkanl\u0131klarda as\u0131l\u0131 kalm\u0131\u015f, kendi huzurunu in\u015fa etmi\u015f bir ada ve her g\u00fcn\u00fc birbirine benzeyen ada halk\u0131. Ta ki iki yabanc\u0131 adaya ayak basana dek&#8230; Ve o g\u00fcnden itibaren hi\u00e7bir \u015fey eskisi gibi olmayacakt\u0131r. Al\u0131\u015fkanl\u0131klar suskunlu\u011fa, suskunluklar haks\u0131zl\u0131\u011fa, haks\u0131zl\u0131klar cezaya d\u00f6n\u00fc\u015f\u00fcr ve bu cennet ada \u00e2deta cehennem oluverir.   Y\u0131lmaz \u015eener, Elia\u2019da yak\u0131n gelece\u011fe \u00e7eviriyor y\u00fcz\u00fcn\u00fc. Olmas\u0131 ihtimal de\u011fil, sadece zaman meselesi olan bir ger\u00e7e\u011fe dokunuyor. Dili, kurgusu ve son \u00e2na kadar merak uyand\u0131ran konusuyla \u00e7arp\u0131c\u0131 bir roman.   \u201cBelki de kafam\u0131zda uzun s\u00fcre ta\u015f\u0131d\u0131\u011f\u0131m\u0131z d\u00fc\u015f\u00fcnceler, hi\u00e7bir zaman eyleme d\u00f6kmeyece\u011fimiz \u015feylere aitti. Yapt\u0131\u011f\u0131m\u0131z\u0131 d\u00fc\u015f\u00fcnerek yapmaktan kurtuluyorduk.\u201d <\/p>\n","protected":false},"excerpt":{"rendered":"<p>Zaman\u0131n ge\u00e7ti\u011fi ama hayat\u0131n durdu\u011fu yak\u0131n bir gelecek. Tarihsel al\u0131\u015fkanl\u0131klarda as\u0131l\u0131 kalm\u0131\u015f, kendi huzurunu in\u015fa etmi\u015f bir ada ve her g\u00fcn\u00fc birbirine benzeyen ada halk\u0131. Ta<span class=\"excerpt-hellip\"> [\u2026]<\/span><\/p>\n","protected":false},"featured_media":0,"template":"","meta":{"_monsterinsights_skip_tracking":false,"_monsterinsights_sitenote_active":false,"_monsterinsights_sitenote_note":"","_monsterinsights_sitenote_category":0},"product_brand":[],"product_cat":[12291,12711],"product_tag":[],"class_list":{"0":"post-729107","1":"product","2":"type-product","3":"status-publish","5":"product_cat-edebiyat","6":"product_cat-roman-oyku","7":"pa_cilt-ciltsiz","8":"pa_tur-kitap","9":"pa_yayinevi-ithaki-yayinlari","10":"pa_yazar-yilmaz-sener","12":"first","13":"instock","14":"sale","15":"shipping-taxable","16":"purchasable","17":"product-type-simple"},"_links":{"self":[{"href":"https:\/\/roveyayinevi.com.tr\/index.php\/wp-json\/wp\/v2\/product\/729107","targetHints":{"allow":["GET"]}}],"collection":[{"href":"https:\/\/roveyayinevi.com.tr\/index.php\/wp-json\/wp\/v2\/product"}],"about":[{"href":"https:\/\/roveyayinevi.com.tr\/index.php\/wp-json\/wp\/v2\/types\/product"}],"wp:attachment":[{"href":"https:\/\/roveyayinevi.com.tr\/index.php\/wp-json\/wp\/v2\/media?parent=729107"}],"wp:term":[{"taxonomy":"product_brand","embeddable":true,"href":"https:\/\/roveyayinevi.com.tr\/index.php\/wp-json\/wp\/v2\/product_brand?post=729107"},{"taxonomy":"product_cat","embeddable":true,"href":"https:\/\/roveyayinevi.com.tr\/index.php\/wp-json\/wp\/v2\/product_cat?post=729107"},{"taxonomy":"product_tag","embeddable":true,"href":"https:\/\/roveyayinevi.com.tr\/index.php\/wp-json\/wp\/v2\/product_tag?post=729107"}],"curies":[{"name":"wp","href":"https:\/\/api.w.org\/{rel}","templated":true}]}}