{"id":729106,"date":"2025-08-27T20:50:24","date_gmt":"2025-08-27T17:50:24","guid":{"rendered":"https:\/\/roveyayinevi.com.tr\/index.php\/urun\/planetary-cilt-3-20-yuzyili-terk-etmek\/"},"modified":"2026-04-16T02:37:00","modified_gmt":"2026-04-15T23:37:00","slug":"planetary-cilt-3-20-yuzyili-terk-etmek","status":"publish","type":"product","link":"https:\/\/roveyayinevi.com.tr\/index.php\/urun\/planetary-cilt-3-20-yuzyili-terk-etmek\/","title":{"rendered":"Planetary Cilt 3: 20. Y\u00fczy\u0131l\u0131 Terk Etmek"},"content":{"rendered":"<p>\u00c7izgi roman tarihinin en iyi isimlerinden ak\u0131l almaz bir seri.\u201d \u2013SCI FI UNIVERSE Gizem ve macera dolu PLANETARY serisi \u00fc\u00e7\u00fcnc\u00fc cildi 20. Y\u00dcZYILI TERK ETMEK ile devam ediyor. Elijah Snow, Planetary\u2019deki ge\u00e7mi\u015fini yava\u015f yava\u015f hat\u0131rlamaya ba\u015flarken Sherlock Holmes ve Dracula gibi fig\u00fcrlerle olan maceralar\u0131 su y\u00fcz\u00fcne \u00e7\u0131k\u0131yor. Jakita Wagner ve Davulcu\u2019yla birlikte D\u00f6rtl\u00fc denen k\u00f6t\u00fcc\u00fcl gruba kar\u015f\u0131 verdikleri m\u00fccadele s\u00fcrerken ara\u015ft\u0131rmalar\u0131 onlar\u0131 G\u00fcney Amerika\u2019n\u0131n balta girmemi\u015f ormanlar\u0131na, eski Avrupa\u2019n\u0131n kalelerine, Antarktika\u2019n\u0131n \u0131ss\u0131zl\u0131\u011f\u0131na g\u00f6t\u00fcr\u00fcyor ve ba\u015fka bir boyuttan gelen bir alet ile d\u00fcnyan\u0131n ilk ger\u00e7ek astronotlar\u0131n\u0131 ke\u015ffediyorlar<\/p>\n","protected":false},"excerpt":{"rendered":"<p>\u00c7izgi roman tarihinin en iyi isimlerinden ak\u0131l almaz bir seri.\u201d \u2013SCI FI UNIVERSE Gizem ve macera dolu PLANETARY serisi \u00fc\u00e7\u00fcnc\u00fc cildi 20. Y\u00dcZYILI TERK ETMEK ile<span class=\"excerpt-hellip\"> [\u2026]<\/span><\/p>\n","protected":false},"featured_media":0,"template":"","meta":{"_monsterinsights_skip_tracking":false,"_monsterinsights_sitenote_active":false,"_monsterinsights_sitenote_note":"","_monsterinsights_sitenote_category":0},"product_brand":[],"product_cat":[12416,12291],"product_tag":[],"class_list":{"0":"post-729106","1":"product","2":"type-product","3":"status-publish","5":"product_cat-cizgi-roman","6":"product_cat-edebiyat","7":"pa_cilt-ciltsiz","8":"pa_tur-kitap","9":"pa_yayinevi-ithaki-yayinlari","10":"pa_yazar-warren-ellis","12":"first","13":"instock","14":"sale","15":"shipping-taxable","16":"purchasable","17":"product-type-simple"},"_links":{"self":[{"href":"https:\/\/roveyayinevi.com.tr\/index.php\/wp-json\/wp\/v2\/product\/729106","targetHints":{"allow":["GET"]}}],"collection":[{"href":"https:\/\/roveyayinevi.com.tr\/index.php\/wp-json\/wp\/v2\/product"}],"about":[{"href":"https:\/\/roveyayinevi.com.tr\/index.php\/wp-json\/wp\/v2\/types\/product"}],"wp:attachment":[{"href":"https:\/\/roveyayinevi.com.tr\/index.php\/wp-json\/wp\/v2\/media?parent=729106"}],"wp:term":[{"taxonomy":"product_brand","embeddable":true,"href":"https:\/\/roveyayinevi.com.tr\/index.php\/wp-json\/wp\/v2\/product_brand?post=729106"},{"taxonomy":"product_cat","embeddable":true,"href":"https:\/\/roveyayinevi.com.tr\/index.php\/wp-json\/wp\/v2\/product_cat?post=729106"},{"taxonomy":"product_tag","embeddable":true,"href":"https:\/\/roveyayinevi.com.tr\/index.php\/wp-json\/wp\/v2\/product_tag?post=729106"}],"curies":[{"name":"wp","href":"https:\/\/api.w.org\/{rel}","templated":true}]}}