{"id":729105,"date":"2025-08-27T20:50:23","date_gmt":"2025-08-27T17:50:23","guid":{"rendered":"https:\/\/roveyayinevi.com.tr\/index.php\/urun\/kokunu-arayan-sozcuk-2\/"},"modified":"2026-04-16T02:37:00","modified_gmt":"2026-04-15T23:37:00","slug":"kokunu-arayan-sozcuk-2","status":"publish","type":"product","link":"https:\/\/roveyayinevi.com.tr\/index.php\/urun\/kokunu-arayan-sozcuk-2\/","title":{"rendered":"K\u00f6k\u00fcn\u00fc Arayan S\u00f6zc\u00fck 2"},"content":{"rendered":"<p>Papatya \u00e7i\u00e7e\u011finin ad\u0131yla papaz\u0131n kar\u0131s\u0131 ifadesi aras\u0131nda nas\u0131l bir ili\u015fki olabilir? \u0130lgin\u00e7 bir ge\u00e7mi\u015fi olan saksa\u011fan s\u00f6zc\u00fc\u011f\u00fcn\u00fcn k\u00f6keniyle ilgili iddialar neler? Kahvalt\u0131 s\u00f6zc\u00fc\u011f\u00fc nereden geliyor? Atl\u0131kar\u0131ncan\u0131n kar\u0131ncas\u0131 nerede peki? \u0130\u015fte bu sorular\u0131n yan\u0131tlar\u0131 ve daha fazlas\u0131 bu kitapta sizleri bekliyor!   \u00d6zg\u00fcr Sinan, b\u00fcy\u00fck ilgi g\u00f6ren K\u00f6k\u00fcn\u00fc Arayan S\u00f6zc\u00fck\u2019\u00fcn ikinci kitab\u0131yla \u00e7ok daha geni\u015f yelpazede bir s\u00f6zc\u00fck se\u00e7kisiyle 7\u2019den 77\u2019ye herkes i\u00e7in T\u00fcrk\u00e7eyle ilgili yeni bilgiler ortaya koymaya devam ediyor. Dilimizdeki baz\u0131 s\u00f6zc\u00fcklerin nas\u0131l ortaya \u00e7\u0131kt\u0131\u011f\u0131n\u0131, bug\u00fcnk\u00fc anlam\u0131na nas\u0131l kavu\u015ftu\u011funu \u00f6\u011frenecek; T\u00fcrk\u00e7e \u00fczerine d\u00fc\u015f\u00fcn\u00fcrken zaman zaman g\u00fclecek, e\u011flenecek ve hatta ba\u015fka konular\u0131 merak edeceksiniz!.. S\u00fcrekli de\u011fi\u015fen ve zaten g\u00fc\u00e7l\u00fc olan T\u00fcrk\u00e7enin zamanla nas\u0131l de\u011fi\u015fti\u011fini g\u00f6receksiniz. <\/p>\n","protected":false},"excerpt":{"rendered":"<p>Papatya \u00e7i\u00e7e\u011finin ad\u0131yla papaz\u0131n kar\u0131s\u0131 ifadesi aras\u0131nda nas\u0131l bir ili\u015fki olabilir? \u0130lgin\u00e7 bir ge\u00e7mi\u015fi olan saksa\u011fan s\u00f6zc\u00fc\u011f\u00fcn\u00fcn k\u00f6keniyle ilgili iddialar neler? Kahvalt\u0131 s\u00f6zc\u00fc\u011f\u00fc nereden geliyor? Atl\u0131kar\u0131ncan\u0131n<span class=\"excerpt-hellip\"> [\u2026]<\/span><\/p>\n","protected":false},"featured_media":0,"template":"","meta":{"_monsterinsights_skip_tracking":false,"_monsterinsights_sitenote_active":false,"_monsterinsights_sitenote_note":"","_monsterinsights_sitenote_category":0},"product_brand":[],"product_cat":[12275,12274],"product_tag":[],"class_list":{"0":"post-729105","1":"product","2":"type-product","3":"status-publish","5":"product_cat-6-12-yas-kitaplari","6":"product_cat-cocuk-ve-genclik-kitaplari","7":"pa_cilt-ciltsiz","8":"pa_tur-kitap","9":"pa_yayinevi-dogan-egmont-yayincilik","10":"pa_yazar-ozgur-sinan","12":"first","13":"instock","14":"sale","15":"shipping-taxable","16":"purchasable","17":"product-type-simple"},"_links":{"self":[{"href":"https:\/\/roveyayinevi.com.tr\/index.php\/wp-json\/wp\/v2\/product\/729105","targetHints":{"allow":["GET"]}}],"collection":[{"href":"https:\/\/roveyayinevi.com.tr\/index.php\/wp-json\/wp\/v2\/product"}],"about":[{"href":"https:\/\/roveyayinevi.com.tr\/index.php\/wp-json\/wp\/v2\/types\/product"}],"wp:attachment":[{"href":"https:\/\/roveyayinevi.com.tr\/index.php\/wp-json\/wp\/v2\/media?parent=729105"}],"wp:term":[{"taxonomy":"product_brand","embeddable":true,"href":"https:\/\/roveyayinevi.com.tr\/index.php\/wp-json\/wp\/v2\/product_brand?post=729105"},{"taxonomy":"product_cat","embeddable":true,"href":"https:\/\/roveyayinevi.com.tr\/index.php\/wp-json\/wp\/v2\/product_cat?post=729105"},{"taxonomy":"product_tag","embeddable":true,"href":"https:\/\/roveyayinevi.com.tr\/index.php\/wp-json\/wp\/v2\/product_tag?post=729105"}],"curies":[{"name":"wp","href":"https:\/\/api.w.org\/{rel}","templated":true}]}}