{"id":729102,"date":"2025-08-27T20:50:20","date_gmt":"2025-08-27T17:50:20","guid":{"rendered":"https:\/\/roveyayinevi.com.tr\/index.php\/urun\/kurucular-ciltli\/"},"modified":"2026-04-16T02:37:00","modified_gmt":"2026-04-15T23:37:00","slug":"kurucular-ciltli","status":"publish","type":"product","link":"https:\/\/roveyayinevi.com.tr\/index.php\/urun\/kurucular-ciltli\/","title":{"rendered":"Kurucular (Ciltli)"},"content":{"rendered":"<p>Hugo En \u0130yi Novella \u00d6d\u00fcl\u00fc Adayl\u0131\u011f\u0131   Biraz Spagetti Western, biraz Akira Kurosava filmleri, biraz da kara fantazi. Tabii bir de silah ustas\u0131 hayvanlar. Polansky, Kurucular\u2019da ba\u015fkas\u0131n\u0131n yan yana getirmeyi hayal dahi edemeyece\u011fi t\u00fcrleri birle\u015ftirip fantastik edebiyat\u0131n en ayk\u0131r\u0131 kitaplar\u0131ndan birine imza at\u0131yor. Yurdunu kaybetmeyi, \u00e7aresizli\u011fi ve gelece\u011fe dair umudu hayvanlardan olu\u015fan bir umutsuzlar \u00e7etesinin maceras\u0131yla anlat\u0131yor.   Yaral\u0131 bir g\u00f6z. K\u0131r\u0131k bir kanat. Beklenmedik bir ihanet. Kaybedilen bir \u00fclke. K\u0131sacas\u0131, pek de yolunda gitmemi\u015f bir macera. Y\u0131llar ge\u00e7er, yaralar iyile\u015fir ama k\u00f6t\u00fc an\u0131lar yitip gitmez. Fare Kaptan\u2019\u0131n ekibindeki hayvanlar i\u00e7in ba\u015far\u0131s\u0131zl\u0131ktan sonra hayatta kalman\u0131n tek yolu yeni bir hayat kurup \u00e7ok da g\u00f6ze batmamakt\u0131. Bir de kaybettikleri sava\u015f\u0131 unutmalar\u0131 gerekiyordu. Ama Kaptan\u2019\u0131n son seferde ba\u015f\u0131na gelenleri unutmaya niyeti yoktu.   Be\u015f sene sonras\u0131nda Kaptan yeterince bekledi\u011fine karar verdi; ekibi toplay\u0131p yar\u0131m kalan i\u015fi tamamlayacakt\u0131. \u0130ntikam, yenecek kadar so\u011fumu\u015ftu art\u0131k. Kak\u0131m, bayku\u015f, semender, k\u00f6stebek, opossum ve porsuk da ayn\u0131 d\u00fc\u015f\u00fcncedeydi.   Kurucular, e\u011flenceli oldu\u011fu kadar karanl\u0131k bir intikam hik\u00e2yesi.   \u201cPolansky en sevdi\u011fim yeni yazarlardan biri. Bilindik t\u00fcrleri her seferinde yeniden icat edip tepetaklak etmeyi beceriyor.\u201d \u2013David S. Goyer   \u201cWatership Tepesi\u2019nden beri ba\u015fkahraman\u0131 hayvanlar olan bir maceray\u0131 b\u00f6ylesine sevmemi\u015ftim.\u201d \u2013Delilah S. Dawson   \u201cVah\u015fi, \u00f6fkeli ve fevri ama t\u0131pk\u0131 hayat\u0131n kendisi gibi e\u011flenceli, heyecan verici ve bir o kadar da \u00f6zg\u00fcn.\u201d \u2013John Hornor Jacobs <\/p>\n","protected":false},"excerpt":{"rendered":"<p>Hugo En \u0130yi Novella \u00d6d\u00fcl\u00fc Adayl\u0131\u011f\u0131 Biraz Spagetti Western, biraz Akira Kurosava filmleri, biraz da kara fantazi. Tabii bir de silah ustas\u0131 hayvanlar. Polansky, Kurucular\u2019da ba\u015fkas\u0131n\u0131n<span class=\"excerpt-hellip\"> [\u2026]<\/span><\/p>\n","protected":false},"featured_media":0,"template":"","meta":{"_monsterinsights_skip_tracking":false,"_monsterinsights_sitenote_active":false,"_monsterinsights_sitenote_note":"","_monsterinsights_sitenote_category":0},"product_brand":[],"product_cat":[12291,14777],"product_tag":[],"class_list":{"0":"post-729102","1":"product","2":"type-product","3":"status-publish","5":"product_cat-edebiyat","6":"product_cat-fantastik","7":"pa_cilt-ciltli","8":"pa_tur-kitap","9":"pa_yayinevi-ithaki-yayinlari","10":"pa_yazar-daniel-polansky","12":"first","13":"instock","14":"sale","15":"shipping-taxable","16":"purchasable","17":"product-type-simple"},"_links":{"self":[{"href":"https:\/\/roveyayinevi.com.tr\/index.php\/wp-json\/wp\/v2\/product\/729102","targetHints":{"allow":["GET"]}}],"collection":[{"href":"https:\/\/roveyayinevi.com.tr\/index.php\/wp-json\/wp\/v2\/product"}],"about":[{"href":"https:\/\/roveyayinevi.com.tr\/index.php\/wp-json\/wp\/v2\/types\/product"}],"wp:attachment":[{"href":"https:\/\/roveyayinevi.com.tr\/index.php\/wp-json\/wp\/v2\/media?parent=729102"}],"wp:term":[{"taxonomy":"product_brand","embeddable":true,"href":"https:\/\/roveyayinevi.com.tr\/index.php\/wp-json\/wp\/v2\/product_brand?post=729102"},{"taxonomy":"product_cat","embeddable":true,"href":"https:\/\/roveyayinevi.com.tr\/index.php\/wp-json\/wp\/v2\/product_cat?post=729102"},{"taxonomy":"product_tag","embeddable":true,"href":"https:\/\/roveyayinevi.com.tr\/index.php\/wp-json\/wp\/v2\/product_tag?post=729102"}],"curies":[{"name":"wp","href":"https:\/\/api.w.org\/{rel}","templated":true}]}}