{"id":729101,"date":"2025-08-27T20:50:19","date_gmt":"2025-08-27T17:50:19","guid":{"rendered":"https:\/\/roveyayinevi.com.tr\/index.php\/urun\/sultan-alaeddin-keykubat\/"},"modified":"2026-04-16T02:37:00","modified_gmt":"2026-04-15T23:37:00","slug":"sultan-alaeddin-keykubat","status":"publish","type":"product","link":"https:\/\/roveyayinevi.com.tr\/index.php\/urun\/sultan-alaeddin-keykubat\/","title":{"rendered":"Sultan Alaeddin Keykubat"},"content":{"rendered":"<p>Anadolu Sel\u00e7uklular\u0131n\u0131n ilk on sultan\u0131 y\u0131ld\u0131z gibi parlak, devleti y\u00fckselten ki\u015filerdir. Al\u00e2eddin Keykubat, bu on sultan\u0131n g\u00fcne\u015fidir. Onun zaman\u0131nda yap\u0131lan kervansaraylar ve k\u00f6pr\u00fcler, b\u00fct\u00fcn sultanlar\u0131n yapt\u0131rd\u0131klar\u0131n\u0131n toplam\u0131ndan fazlad\u0131r. Bu eserlerin \u00e7ok b\u00fcy\u00fck k\u0131sm\u0131 g\u00fcn\u00fcm\u00fcze ula\u015fm\u0131\u015ft\u0131r. Al\u00e2eddin Keykubat, \u00e7ok iyi bir diplomat ve askerdir. Do\u011fudan gelen Mo\u011fol tehlikesine kar\u015f\u0131 Do\u011fu Anadolu\u2019dan ba\u015flamak \u00fczere b\u00fct\u00fcn \u015fehirlerin kalelerini ya sa\u011flamla\u015ft\u0131rm\u0131\u015f ya da yeniden yapt\u0131rm\u0131\u015f; Abbasilerle, Meml\u00fbklerle, Harzem\u015fahlarla, Bizans\u2019la ve G\u00fcrc\u00fcstan\u2019la anla\u015fmalar yaparak \u00fclkesini koruma alt\u0131na alm\u0131\u015ft\u0131r. Al\u00e2eddin Keykubat, d\u00fcnyada ilk defa ticaret yapan kervanlar i\u00e7in \u201cdevlet sigortas\u0131\u201d kavram\u0131n\u0131 getirmi\u015ftir. Sel\u00e7uklu \u00fclkesiyle ticaret yapan b\u00fct\u00fcn kervanlar, karada ve denizde e\u015fk\u0131yan\u0131n ve haramilerin verece\u011fi zarara kar\u015f\u0131 Sel\u00e7uklu Devleti\u2019nin teminat\u0131 alt\u0131ndad\u0131r. Bunun d\u00fcnyada bir \u00f6rne\u011fi yoktur. Sultan\u0131n amac\u0131, \u00fclkesindeki ticareti geli\u015ftirerek, halk\u0131n\u0131n ve devletinin zenginle\u015fmesini sa\u011flamakt\u0131r. Sultan Al\u00e2eddin, haftada bir g\u00fcn halka a\u00e7\u0131k divan kurarak, divan\u0131n ba\u015f\u0131nda da bizzat kendisi bunarak, devletten \u015fik\u00e2yeti olanlar\u0131 dinlemi\u015f ve adil h\u00fck\u00fcmler vermi\u015ftir. Sultan Al\u00e2eddin Keykubat, diplomatik becerisiyle b\u00fcy\u00fck Mo\u011fol Han\u0131 \u00d6geday\u2019\u0131n takdirini ve sevgisini kazanm\u0131\u015ft\u0131r. \u00d6geday Han da Sultan\u2019a alt\u0131ndan yap\u0131lma \u201cpayza\u201d ad\u0131 verilen \u00f6zel m\u00fchr\u00fcn\u00fc g\u00f6ndermi\u015ftir. Bu payza sahibi ki\u015fi, b\u00fct\u00fcn Mo\u011fol noyanlar\u0131na ve askerlerine buyruk verme hakk\u0131na sahiptir. \u00d6geday Han\u2019\u0131n verdi\u011fi bu payza, yery\u00fcz\u00fcnde Sultan Al\u00e2eddin\u2019den ba\u015fka hi\u00e7bir kral veya sultana verilmemi\u015f; \u00d6geday Han, Sultan Al\u00e2eddin\u2019den ba\u015fka hi\u00e7bir kral ve sultan\u0131 muhatap alarak mektup yazmam\u0131\u015ft\u0131r. Anadolu\u2019nun bug\u00fcnk\u00fc demografik yap\u0131s\u0131 da bu sultan\u0131n zaman\u0131nda olu\u015fmaya ba\u015flam\u0131\u015ft\u0131r.<\/p>\n","protected":false},"excerpt":{"rendered":"<p>Anadolu Sel\u00e7uklular\u0131n\u0131n ilk on sultan\u0131 y\u0131ld\u0131z gibi parlak, devleti y\u00fckselten ki\u015filerdir. Al\u00e2eddin Keykubat, bu on sultan\u0131n g\u00fcne\u015fidir. Onun zaman\u0131nda yap\u0131lan kervansaraylar ve k\u00f6pr\u00fcler, b\u00fct\u00fcn sultanlar\u0131n yapt\u0131rd\u0131klar\u0131n\u0131n<span class=\"excerpt-hellip\"> [\u2026]<\/span><\/p>\n","protected":false},"featured_media":0,"template":"","meta":{"_monsterinsights_skip_tracking":false,"_monsterinsights_sitenote_active":false,"_monsterinsights_sitenote_note":"","_monsterinsights_sitenote_category":0},"product_brand":[],"product_cat":[12291,12745],"product_tag":[],"class_list":{"0":"post-729101","1":"product","2":"type-product","3":"status-publish","5":"product_cat-edebiyat","6":"product_cat-tarihi-roman","7":"pa_cilt-ciltsiz","8":"pa_tur-kitap","9":"pa_yayinevi-otuken-nesriyat","10":"pa_yazar-gokhan-maras","12":"first","13":"instock","14":"sale","15":"shipping-taxable","16":"purchasable","17":"product-type-simple"},"_links":{"self":[{"href":"https:\/\/roveyayinevi.com.tr\/index.php\/wp-json\/wp\/v2\/product\/729101","targetHints":{"allow":["GET"]}}],"collection":[{"href":"https:\/\/roveyayinevi.com.tr\/index.php\/wp-json\/wp\/v2\/product"}],"about":[{"href":"https:\/\/roveyayinevi.com.tr\/index.php\/wp-json\/wp\/v2\/types\/product"}],"wp:attachment":[{"href":"https:\/\/roveyayinevi.com.tr\/index.php\/wp-json\/wp\/v2\/media?parent=729101"}],"wp:term":[{"taxonomy":"product_brand","embeddable":true,"href":"https:\/\/roveyayinevi.com.tr\/index.php\/wp-json\/wp\/v2\/product_brand?post=729101"},{"taxonomy":"product_cat","embeddable":true,"href":"https:\/\/roveyayinevi.com.tr\/index.php\/wp-json\/wp\/v2\/product_cat?post=729101"},{"taxonomy":"product_tag","embeddable":true,"href":"https:\/\/roveyayinevi.com.tr\/index.php\/wp-json\/wp\/v2\/product_tag?post=729101"}],"curies":[{"name":"wp","href":"https:\/\/api.w.org\/{rel}","templated":true}]}}