{"id":729099,"date":"2025-08-27T20:50:17","date_gmt":"2025-08-27T17:50:17","guid":{"rendered":"https:\/\/roveyayinevi.com.tr\/index.php\/urun\/ucan-kitaplik-mucize-kasabasi\/"},"modified":"2026-04-16T02:37:00","modified_gmt":"2026-04-15T23:37:00","slug":"ucan-kitaplik-mucize-kasabasi","status":"publish","type":"product","link":"https:\/\/roveyayinevi.com.tr\/index.php\/urun\/ucan-kitaplik-mucize-kasabasi\/","title":{"rendered":"U\u00e7an Kitapl\u0131k &#8211; Mucize Kasabas\u0131"},"content":{"rendered":"<p>\u00c7ocuk edebiyat\u0131m\u0131z\u0131n g\u00fc\u00e7l\u00fc kalemi Mavisel Yener, Mucize Kasabas\u0131 serisinde umudun, sevginin \u015fifrelerini veriyor. \u00c7ok uzaklardan gelen gizemli bir u\u00e7an kitapl\u0131k, tuhaf bir g\u00f6rev, yepyeni ke\u015fifler&#8230; Merakl\u0131 okurlar bu \u015f\u00f6lene davetli. Mucize Kasabas\u0131&#8217;nda her \u015fey m\u00fcmk\u00fcn. Kediler konu\u015fur, y\u0131ld\u0131zlar y\u00fczer, ku\u015flar okula gider, bilgisayarlar u\u00e7ar&#8230;<\/p>\n","protected":false},"excerpt":{"rendered":"<p>\u00c7ocuk edebiyat\u0131m\u0131z\u0131n g\u00fc\u00e7l\u00fc kalemi Mavisel Yener, Mucize Kasabas\u0131 serisinde umudun, sevginin \u015fifrelerini veriyor. \u00c7ok uzaklardan gelen gizemli bir u\u00e7an kitapl\u0131k, tuhaf bir g\u00f6rev, yepyeni ke\u015fifler&#8230; Merakl\u0131<span class=\"excerpt-hellip\"> [\u2026]<\/span><\/p>\n","protected":false},"featured_media":0,"template":"","meta":{"_monsterinsights_skip_tracking":false,"_monsterinsights_sitenote_active":false,"_monsterinsights_sitenote_note":"","_monsterinsights_sitenote_category":0},"product_brand":[],"product_cat":[12275,12274],"product_tag":[],"class_list":{"0":"post-729099","1":"product","2":"type-product","3":"status-publish","5":"product_cat-6-12-yas-kitaplari","6":"product_cat-cocuk-ve-genclik-kitaplari","7":"pa_cilt-ciltsiz","8":"pa_tur-kitap","9":"pa_yayinevi-bilgi-yayinevi","10":"pa_yazar-mavisel-yener","12":"first","13":"instock","14":"sale","15":"shipping-taxable","16":"purchasable","17":"product-type-simple"},"_links":{"self":[{"href":"https:\/\/roveyayinevi.com.tr\/index.php\/wp-json\/wp\/v2\/product\/729099","targetHints":{"allow":["GET"]}}],"collection":[{"href":"https:\/\/roveyayinevi.com.tr\/index.php\/wp-json\/wp\/v2\/product"}],"about":[{"href":"https:\/\/roveyayinevi.com.tr\/index.php\/wp-json\/wp\/v2\/types\/product"}],"wp:attachment":[{"href":"https:\/\/roveyayinevi.com.tr\/index.php\/wp-json\/wp\/v2\/media?parent=729099"}],"wp:term":[{"taxonomy":"product_brand","embeddable":true,"href":"https:\/\/roveyayinevi.com.tr\/index.php\/wp-json\/wp\/v2\/product_brand?post=729099"},{"taxonomy":"product_cat","embeddable":true,"href":"https:\/\/roveyayinevi.com.tr\/index.php\/wp-json\/wp\/v2\/product_cat?post=729099"},{"taxonomy":"product_tag","embeddable":true,"href":"https:\/\/roveyayinevi.com.tr\/index.php\/wp-json\/wp\/v2\/product_tag?post=729099"}],"curies":[{"name":"wp","href":"https:\/\/api.w.org\/{rel}","templated":true}]}}