{"id":729092,"date":"2025-08-27T20:50:10","date_gmt":"2025-08-27T17:50:10","guid":{"rendered":"https:\/\/roveyayinevi.com.tr\/index.php\/urun\/tuna-kilavuzu-2\/"},"modified":"2026-04-16T02:36:45","modified_gmt":"2026-04-15T23:36:45","slug":"tuna-kilavuzu-2","status":"publish","type":"product","link":"https:\/\/roveyayinevi.com.tr\/index.php\/urun\/tuna-kilavuzu-2\/","title":{"rendered":"Tuna K\u0131lavuzu"},"content":{"rendered":"<p>Ya\u015fad\u0131\u011f\u0131 yerde d\u00fcr\u00fcstl\u00fc\u011f\u00fc ve yi\u011fitli\u011fiyle tan\u0131nan Tuna K\u0131lavuzu Serj Ladko, vatan\u0131n\u0131 savunmak u\u011fruna evinden ve biricik kar\u0131s\u0131 Nat\u00e7a\u2019dan ayr\u0131lmak zorunda kal\u0131r. Yurduna ve kar\u0131s\u0131na kavu\u015fabilmek i\u00e7in ilgin\u00e7 bir y\u00f6ntem bulan k\u0131lavuz, ge\u00e7mi\u015finden gelen sinsi bir d\u00fc\u015fman\u0131n kirli tuzaklar\u0131na ra\u011fmen hedefinden vazge\u00e7mez. \u00c7ok ge\u00e7meden yolu, Polis \u015eefi Karl Dragoch\u2019la kesi\u015fir. Cesareti ve parlak zek\u00e2s\u0131yla Avrupa\u2019n\u0131n d\u00f6rt bir yan\u0131na nam salm\u0131\u015f olan bu deneyimli dedektif, Tuna Nehri k\u0131y\u0131lar\u0131nda huzur b\u0131rakmayan bir haydut \u00e7etesini yakalamaya ant i\u00e7mi\u015ftir. Farkl\u0131 ama\u00e7lara ba\u015f koymu\u015f, s\u0131rlarla dolu bu tuhaf ikili, birlikte Tuna Nehri\u2019nde bir yolculu\u011fa \u00e7\u0131kar. Ancak etraflar\u0131n\u0131 saran s\u0131r perdesi araland\u0131k\u00e7a, hedeflerinin d\u00fc\u015f\u00fcnd\u00fckleri kadar farkl\u0131 olmad\u0131\u011f\u0131n\u0131 g\u00f6receklerdir. <\/p>\n","protected":false},"excerpt":{"rendered":"<p>Ya\u015fad\u0131\u011f\u0131 yerde d\u00fcr\u00fcstl\u00fc\u011f\u00fc ve yi\u011fitli\u011fiyle tan\u0131nan Tuna K\u0131lavuzu Serj Ladko, vatan\u0131n\u0131 savunmak u\u011fruna evinden ve biricik kar\u0131s\u0131 Nat\u00e7a\u2019dan ayr\u0131lmak zorunda kal\u0131r. Yurduna ve kar\u0131s\u0131na kavu\u015fabilmek i\u00e7in<span class=\"excerpt-hellip\"> [\u2026]<\/span><\/p>\n","protected":false},"featured_media":0,"template":"","meta":{"_monsterinsights_skip_tracking":false,"_monsterinsights_sitenote_active":false,"_monsterinsights_sitenote_note":"","_monsterinsights_sitenote_category":0},"product_brand":[],"product_cat":[12274,12467],"product_tag":[],"class_list":{"0":"post-729092","1":"product","2":"type-product","3":"status-publish","5":"product_cat-cocuk-ve-genclik-kitaplari","6":"product_cat-dunya-klasikleri","7":"pa_cilt-ciltsiz","8":"pa_tur-kitap","9":"pa_yayinevi-fark-yayinlari","10":"pa_yazar-jules-verne","12":"first","13":"instock","14":"sale","15":"shipping-taxable","16":"purchasable","17":"product-type-simple"},"_links":{"self":[{"href":"https:\/\/roveyayinevi.com.tr\/index.php\/wp-json\/wp\/v2\/product\/729092","targetHints":{"allow":["GET"]}}],"collection":[{"href":"https:\/\/roveyayinevi.com.tr\/index.php\/wp-json\/wp\/v2\/product"}],"about":[{"href":"https:\/\/roveyayinevi.com.tr\/index.php\/wp-json\/wp\/v2\/types\/product"}],"wp:attachment":[{"href":"https:\/\/roveyayinevi.com.tr\/index.php\/wp-json\/wp\/v2\/media?parent=729092"}],"wp:term":[{"taxonomy":"product_brand","embeddable":true,"href":"https:\/\/roveyayinevi.com.tr\/index.php\/wp-json\/wp\/v2\/product_brand?post=729092"},{"taxonomy":"product_cat","embeddable":true,"href":"https:\/\/roveyayinevi.com.tr\/index.php\/wp-json\/wp\/v2\/product_cat?post=729092"},{"taxonomy":"product_tag","embeddable":true,"href":"https:\/\/roveyayinevi.com.tr\/index.php\/wp-json\/wp\/v2\/product_tag?post=729092"}],"curies":[{"name":"wp","href":"https:\/\/api.w.org\/{rel}","templated":true}]}}