{"id":729091,"date":"2025-08-27T20:50:09","date_gmt":"2025-08-27T17:50:09","guid":{"rendered":"https:\/\/roveyayinevi.com.tr\/index.php\/urun\/kip-kardesler-2\/"},"modified":"2026-04-16T02:36:45","modified_gmt":"2026-04-15T23:36:45","slug":"kip-kardesler-2","status":"publish","type":"product","link":"https:\/\/roveyayinevi.com.tr\/index.php\/urun\/kip-kardesler-2\/","title":{"rendered":"Kip Karde\u015fler"},"content":{"rendered":"<p>Kaptan Gibson y\u00f6netimindeki James Cook adl\u0131 ticaret gemisi, d\u00f6rt tayfan\u0131n alt\u0131n aramak amac\u0131yla i\u015ften ayr\u0131lmas\u0131yla zor duruma d\u00fc\u015fer ve Dunedin Liman\u0131\u2019nda beklemeye ba\u015flar. Bu \u00e7aresizli\u011fi f\u0131rsat bilen Tayfaba\u015f\u0131 Flig Balt, sa\u011f kolu Vin Mod\u2019un da yard\u0131m\u0131yla, gemi i\u00e7in d\u00f6rt tayfa bulur. Ancak buldu\u011fu ki\u015fileri James Cook\u2019a de\u011fil, hain plan\u0131na hizmet edecek nitelikte insanlardan se\u00e7mi\u015ftir. Temiz kalplili\u011fi ve babacanl\u0131\u011f\u0131yla bilinen Kaptan Gibson, o\u011flu Nat ile yak\u0131n dostu Bay Hawkins\u2019i de gemiye alarak yolculu\u011fa devam eder. \u00c7ok ge\u00e7meden yollar\u0131 Kip Karde\u015flerle kesi\u015fir. Cesaret ve zek\u00e2n\u0131n v\u00fccut bulmu\u015f hali olan bu iki karde\u015f, k\u0131sa s\u00fcrede Kaptan Gibson ve dostlar\u0131n\u0131n g\u00f6z\u00fcne girerek, James Cook m\u00fcrettebat\u0131n\u0131n bir par\u00e7as\u0131 olur. Ancak onlar\u0131 bekleyen \u00e7ok b\u00fcy\u00fck bir tehlike vard\u0131r. <\/p>\n","protected":false},"excerpt":{"rendered":"<p>Kaptan Gibson y\u00f6netimindeki James Cook adl\u0131 ticaret gemisi, d\u00f6rt tayfan\u0131n alt\u0131n aramak amac\u0131yla i\u015ften ayr\u0131lmas\u0131yla zor duruma d\u00fc\u015fer ve Dunedin Liman\u0131\u2019nda beklemeye ba\u015flar. Bu \u00e7aresizli\u011fi f\u0131rsat<span class=\"excerpt-hellip\"> [\u2026]<\/span><\/p>\n","protected":false},"featured_media":0,"template":"","meta":{"_monsterinsights_skip_tracking":false,"_monsterinsights_sitenote_active":false,"_monsterinsights_sitenote_note":"","_monsterinsights_sitenote_category":0},"product_brand":[],"product_cat":[12274,12467],"product_tag":[],"class_list":{"0":"post-729091","1":"product","2":"type-product","3":"status-publish","5":"product_cat-cocuk-ve-genclik-kitaplari","6":"product_cat-dunya-klasikleri","7":"pa_cilt-ciltsiz","8":"pa_tur-kitap","9":"pa_yayinevi-fark-yayinlari","10":"pa_yazar-jules-verne","12":"first","13":"instock","14":"sale","15":"shipping-taxable","16":"purchasable","17":"product-type-simple"},"_links":{"self":[{"href":"https:\/\/roveyayinevi.com.tr\/index.php\/wp-json\/wp\/v2\/product\/729091","targetHints":{"allow":["GET"]}}],"collection":[{"href":"https:\/\/roveyayinevi.com.tr\/index.php\/wp-json\/wp\/v2\/product"}],"about":[{"href":"https:\/\/roveyayinevi.com.tr\/index.php\/wp-json\/wp\/v2\/types\/product"}],"wp:attachment":[{"href":"https:\/\/roveyayinevi.com.tr\/index.php\/wp-json\/wp\/v2\/media?parent=729091"}],"wp:term":[{"taxonomy":"product_brand","embeddable":true,"href":"https:\/\/roveyayinevi.com.tr\/index.php\/wp-json\/wp\/v2\/product_brand?post=729091"},{"taxonomy":"product_cat","embeddable":true,"href":"https:\/\/roveyayinevi.com.tr\/index.php\/wp-json\/wp\/v2\/product_cat?post=729091"},{"taxonomy":"product_tag","embeddable":true,"href":"https:\/\/roveyayinevi.com.tr\/index.php\/wp-json\/wp\/v2\/product_tag?post=729091"}],"curies":[{"name":"wp","href":"https:\/\/api.w.org\/{rel}","templated":true}]}}