{"id":729090,"date":"2025-08-27T20:50:08","date_gmt":"2025-08-27T17:50:08","guid":{"rendered":"https:\/\/roveyayinevi.com.tr\/index.php\/urun\/robinsonlar-okulu-2\/"},"modified":"2026-04-16T02:36:45","modified_gmt":"2026-04-15T23:36:45","slug":"robinsonlar-okulu-2","status":"publish","type":"product","link":"https:\/\/roveyayinevi.com.tr\/index.php\/urun\/robinsonlar-okulu-2\/","title":{"rendered":"Robinsonlar Okulu"},"content":{"rendered":"<p>Zengin day\u0131s\u0131n\u0131n sundu\u011fu imk\u00e2nlar sayesinde son derece rahat bir hayat s\u00fcrmekte olan Godfrey, d\u00fcnyay\u0131 daha iyi tan\u0131mak ad\u0131na bir deniz yolculu\u011funa \u00e7\u0131kar. Bu yolculukta ona, denizden \u00f6lesiye korkan sanat ve zarafet \u00f6\u011fretmeni Bay Tartelett e\u015flik etmektedir. Ba\u015flarda gayet sakin ve sorunsuz ge\u00e7en deniz yolculu\u011fu, bir gece geminin su almas\u0131yla son bulur. Ancak Godfrey ile Bay Tartelett i\u00e7in macera yeni ba\u015flamaktad\u0131r. Zira bu ikili, hayatta kalma yeteneklerini bir hayli s\u0131nayacak olan, fevkalade g\u00fczel, ama bir o kadar da gizemli bir \u0131ss\u0131z adaya d\u00fc\u015fm\u00fc\u015ft\u00fcr. <\/p>\n","protected":false},"excerpt":{"rendered":"<p>Zengin day\u0131s\u0131n\u0131n sundu\u011fu imk\u00e2nlar sayesinde son derece rahat bir hayat s\u00fcrmekte olan Godfrey, d\u00fcnyay\u0131 daha iyi tan\u0131mak ad\u0131na bir deniz yolculu\u011funa \u00e7\u0131kar. Bu yolculukta ona, denizden<span class=\"excerpt-hellip\"> [\u2026]<\/span><\/p>\n","protected":false},"featured_media":0,"template":"","meta":{"_monsterinsights_skip_tracking":false,"_monsterinsights_sitenote_active":false,"_monsterinsights_sitenote_note":"","_monsterinsights_sitenote_category":0},"product_brand":[],"product_cat":[12274,12467],"product_tag":[],"class_list":{"0":"post-729090","1":"product","2":"type-product","3":"status-publish","5":"product_cat-cocuk-ve-genclik-kitaplari","6":"product_cat-dunya-klasikleri","7":"pa_cilt-ciltsiz","8":"pa_tur-kitap","9":"pa_yayinevi-fark-yayinlari","10":"pa_yazar-jules-verne","12":"first","13":"instock","14":"sale","15":"shipping-taxable","16":"purchasable","17":"product-type-simple"},"_links":{"self":[{"href":"https:\/\/roveyayinevi.com.tr\/index.php\/wp-json\/wp\/v2\/product\/729090","targetHints":{"allow":["GET"]}}],"collection":[{"href":"https:\/\/roveyayinevi.com.tr\/index.php\/wp-json\/wp\/v2\/product"}],"about":[{"href":"https:\/\/roveyayinevi.com.tr\/index.php\/wp-json\/wp\/v2\/types\/product"}],"wp:attachment":[{"href":"https:\/\/roveyayinevi.com.tr\/index.php\/wp-json\/wp\/v2\/media?parent=729090"}],"wp:term":[{"taxonomy":"product_brand","embeddable":true,"href":"https:\/\/roveyayinevi.com.tr\/index.php\/wp-json\/wp\/v2\/product_brand?post=729090"},{"taxonomy":"product_cat","embeddable":true,"href":"https:\/\/roveyayinevi.com.tr\/index.php\/wp-json\/wp\/v2\/product_cat?post=729090"},{"taxonomy":"product_tag","embeddable":true,"href":"https:\/\/roveyayinevi.com.tr\/index.php\/wp-json\/wp\/v2\/product_tag?post=729090"}],"curies":[{"name":"wp","href":"https:\/\/api.w.org\/{rel}","templated":true}]}}