{"id":729089,"date":"2025-08-27T20:50:07","date_gmt":"2025-08-27T17:50:07","guid":{"rendered":"https:\/\/roveyayinevi.com.tr\/index.php\/urun\/son-sovalye-3\/"},"modified":"2026-04-16T02:36:45","modified_gmt":"2026-04-15T23:36:45","slug":"son-sovalye-3","status":"publish","type":"product","link":"https:\/\/roveyayinevi.com.tr\/index.php\/urun\/son-sovalye-3\/","title":{"rendered":"Son \u015e\u00f6valye"},"content":{"rendered":"<p>Frans\u0131z Devrimi s\u0131ras\u0131nda babas\u0131n\u0131 ve a\u011fabeylerini kaybeden Sainte-Hermine Kontu Hector, ailesinin de yapt\u0131\u011f\u0131 gibi, Kraliyet\u2019e sadakatini ortaya koyarak Cumhuriyet\u00e7ilerle amans\u0131z bir m\u00fccadeleye giri\u015fir. Ancak kanl\u0131 bir \u00e7at\u0131\u015fma s\u0131ras\u0131nda Cumhuriyet\u00e7iler taraf\u0131ndan yakalan\u0131p hapse at\u0131l\u0131r. \u00dc\u00e7 y\u0131l\u0131n\u0131 hapiste ge\u00e7irdikten sonra \u015fa\u015f\u0131rt\u0131c\u0131 bir \u015fekilde serbest b\u0131rak\u0131l\u0131r. Sonras\u0131nda, memleketine d\u00f6nmek yerine, donanmaya kat\u0131larak \u00fclkesine hizmet etmeye karar verir. Bu u\u011furda g\u00f6rkemli ya\u015fant\u0131s\u0131n\u0131, unvan\u0131n\u0131, hatta sevdi\u011fi kad\u0131n\u0131 bile geride b\u0131rakmak zorunda kalan gen\u00e7 kont, zamanla kendini ak\u0131l almaz maceralar\u0131n ve tarihe damga vuran olaylar\u0131n ortas\u0131nda bulur. <\/p>\n","protected":false},"excerpt":{"rendered":"<p>Frans\u0131z Devrimi s\u0131ras\u0131nda babas\u0131n\u0131 ve a\u011fabeylerini kaybeden Sainte-Hermine Kontu Hector, ailesinin de yapt\u0131\u011f\u0131 gibi, Kraliyet\u2019e sadakatini ortaya koyarak Cumhuriyet\u00e7ilerle amans\u0131z bir m\u00fccadeleye giri\u015fir. Ancak kanl\u0131 bir<span class=\"excerpt-hellip\"> [\u2026]<\/span><\/p>\n","protected":false},"featured_media":0,"template":"","meta":{"_monsterinsights_skip_tracking":false,"_monsterinsights_sitenote_active":false,"_monsterinsights_sitenote_note":"","_monsterinsights_sitenote_category":0},"product_brand":[],"product_cat":[12274,12467],"product_tag":[],"class_list":{"0":"post-729089","1":"product","2":"type-product","3":"status-publish","5":"product_cat-cocuk-ve-genclik-kitaplari","6":"product_cat-dunya-klasikleri","7":"pa_cilt-ciltsiz","8":"pa_tur-kitap","9":"pa_yayinevi-fark-yayinlari","10":"pa_yazar-alexandre-dumas","12":"first","13":"instock","14":"sale","15":"shipping-taxable","16":"purchasable","17":"product-type-simple"},"_links":{"self":[{"href":"https:\/\/roveyayinevi.com.tr\/index.php\/wp-json\/wp\/v2\/product\/729089","targetHints":{"allow":["GET"]}}],"collection":[{"href":"https:\/\/roveyayinevi.com.tr\/index.php\/wp-json\/wp\/v2\/product"}],"about":[{"href":"https:\/\/roveyayinevi.com.tr\/index.php\/wp-json\/wp\/v2\/types\/product"}],"wp:attachment":[{"href":"https:\/\/roveyayinevi.com.tr\/index.php\/wp-json\/wp\/v2\/media?parent=729089"}],"wp:term":[{"taxonomy":"product_brand","embeddable":true,"href":"https:\/\/roveyayinevi.com.tr\/index.php\/wp-json\/wp\/v2\/product_brand?post=729089"},{"taxonomy":"product_cat","embeddable":true,"href":"https:\/\/roveyayinevi.com.tr\/index.php\/wp-json\/wp\/v2\/product_cat?post=729089"},{"taxonomy":"product_tag","embeddable":true,"href":"https:\/\/roveyayinevi.com.tr\/index.php\/wp-json\/wp\/v2\/product_tag?post=729089"}],"curies":[{"name":"wp","href":"https:\/\/api.w.org\/{rel}","templated":true}]}}