{"id":729086,"date":"2025-08-27T20:50:03","date_gmt":"2025-08-27T17:50:03","guid":{"rendered":"https:\/\/roveyayinevi.com.tr\/index.php\/urun\/sanatin-ve-edebiyatin-dayanilmaz-hafifligi\/"},"modified":"2026-04-16T02:36:45","modified_gmt":"2026-04-15T23:36:45","slug":"sanatin-ve-edebiyatin-dayanilmaz-hafifligi","status":"publish","type":"product","link":"https:\/\/roveyayinevi.com.tr\/index.php\/urun\/sanatin-ve-edebiyatin-dayanilmaz-hafifligi\/","title":{"rendered":"Sanat\u0131n ve Edebiyat\u0131n Dayan\u0131lmaz Hafifli\u011fi"},"content":{"rendered":"<p>Hamlet\u2019i kim yazd\u0131? Tolstoy ve Dostoyevski\u2019nin en sevdi\u011fi roman neydi? Mark Twain nas\u0131l r\u00fcyalar g\u00f6r\u00fcrd\u00fc? Paul Klee i\u00e7in resmin tan\u0131m\u0131 neydi? Thomas Hobbes yatmadan \u00f6nce ne yapard\u0131? \u00d6zdemir Asaf, edebiyat matinesindeki \u00fcn\u00fcn\u00fc nas\u0131l kaybetti? Masalc\u0131 Dede, Cemal S\u00fcreya\u2019n\u0131n \u015fiirlerini okur muydu? \u00dclk\u00fc Tamer\u2019in \u00e7arp\u0131c\u0131 anekdotlar, ne\u015feli hat\u0131ralar, nazireler ve hicivlerinden olu\u015fan k\u0131sa metinlerinde; keskin bir ironi, h\u0131nz\u0131rca bir bak\u0131\u015f a\u00e7\u0131s\u0131, geni\u015f bir perspektiften ge\u00e7erek s\u00fcz\u00fclm\u00fc\u015f bir dikkatin izleri kolayca fark edilir. Anlat\u0131lan olaylar, hat\u0131ralar ile de\u011finiler e\u011fer do\u011fru okunursa kim bilir belki de bir edebiyatseverin yolunu ayd\u0131nlatabilir. Sanat\u0131n ve Edebiyat\u0131n Dayan\u0131lmaz Hafifli\u011fi\u2019ndeki metinler sanat\u00e7\u0131 ve edebiyat\u00e7\u0131lar\u0131n asl\u0131nda hayat\u0131n t\u00fcrl\u00fc f\u0131rt\u0131nalar\u0131nda ya\u015fayan insanlar oldu\u011funu g\u00f6sterir bize. Bir farkla! Pek de birbirlerine benzemez onlar\u0131n hik\u00e2yeleri ve karakterleri. Bu y\u00fczden sanat\u00e7\u0131 ve edebiyat\u00e7\u0131lar kanl\u0131 canl\u0131, sempatik, antipatik, haris, budala, k\u00f6t\u00fcc\u00fcl, yufka y\u00fcrekli, iyi niyetli, uyan\u0131k, parag\u00f6z ve daha bir\u00e7ok \u015fekilde eserdeki yerlerini al\u0131rlar. Sanat\u0131n ve Edebiyat\u0131n Dayan\u0131lmaz Hafifli\u011fi, b\u00fct\u00fcn eserlerini yay\u0131na haz\u0131rlad\u0131\u011f\u0131m\u0131z \u00dclk\u00fc Tamer\u2019in hayattayken kitapla\u015fmam\u0131\u015f yaz\u0131lar\u0131n\u0131n ilk halkas\u0131. Onu yak\u0131ndan tan\u0131mak isteyenler i\u00e7in ise iyi bir giri\u015f kitab\u0131.<\/p>\n","protected":false},"excerpt":{"rendered":"<p>Hamlet\u2019i kim yazd\u0131? Tolstoy ve Dostoyevski\u2019nin en sevdi\u011fi roman neydi? Mark Twain nas\u0131l r\u00fcyalar g\u00f6r\u00fcrd\u00fc? Paul Klee i\u00e7in resmin tan\u0131m\u0131 neydi? Thomas Hobbes yatmadan \u00f6nce ne<span class=\"excerpt-hellip\"> [\u2026]<\/span><\/p>\n","protected":false},"featured_media":0,"template":"","meta":{"_monsterinsights_skip_tracking":false,"_monsterinsights_sitenote_active":false,"_monsterinsights_sitenote_note":"","_monsterinsights_sitenote_category":0},"product_brand":[],"product_cat":[12777,12291],"product_tag":[],"class_list":{"0":"post-729086","1":"product","2":"type-product","3":"status-publish","5":"product_cat-deneme","6":"product_cat-edebiyat","7":"pa_cilt-ciltsiz","8":"pa_tur-kitap","9":"pa_yayinevi-ketebe-yayinlari","10":"pa_yazar-ulku-tamer","12":"first","13":"instock","14":"sale","15":"shipping-taxable","16":"purchasable","17":"product-type-simple"},"_links":{"self":[{"href":"https:\/\/roveyayinevi.com.tr\/index.php\/wp-json\/wp\/v2\/product\/729086","targetHints":{"allow":["GET"]}}],"collection":[{"href":"https:\/\/roveyayinevi.com.tr\/index.php\/wp-json\/wp\/v2\/product"}],"about":[{"href":"https:\/\/roveyayinevi.com.tr\/index.php\/wp-json\/wp\/v2\/types\/product"}],"wp:attachment":[{"href":"https:\/\/roveyayinevi.com.tr\/index.php\/wp-json\/wp\/v2\/media?parent=729086"}],"wp:term":[{"taxonomy":"product_brand","embeddable":true,"href":"https:\/\/roveyayinevi.com.tr\/index.php\/wp-json\/wp\/v2\/product_brand?post=729086"},{"taxonomy":"product_cat","embeddable":true,"href":"https:\/\/roveyayinevi.com.tr\/index.php\/wp-json\/wp\/v2\/product_cat?post=729086"},{"taxonomy":"product_tag","embeddable":true,"href":"https:\/\/roveyayinevi.com.tr\/index.php\/wp-json\/wp\/v2\/product_tag?post=729086"}],"curies":[{"name":"wp","href":"https:\/\/api.w.org\/{rel}","templated":true}]}}