{"id":729085,"date":"2025-08-27T20:50:02","date_gmt":"2025-08-27T17:50:02","guid":{"rendered":"https:\/\/roveyayinevi.com.tr\/index.php\/urun\/ataturk-ve-ayasofya\/"},"modified":"2026-04-16T02:36:45","modified_gmt":"2026-04-15T23:36:45","slug":"ataturk-ve-ayasofya","status":"publish","type":"product","link":"https:\/\/roveyayinevi.com.tr\/index.php\/urun\/ataturk-ve-ayasofya\/","title":{"rendered":"Atat\u00fcrk ve Ayasofya"},"content":{"rendered":"<p>Ara\u015ft\u0131rmac\u0131-yazar Mustafa Solak, Ayasofya\u2019n\u0131n tekrar ibadete a\u00e7\u0131lmas\u0131 s\u00fcrecinde g\u00fcndeme gelen \u00e7ok \u00e7e\u015fitli iddialar\u0131 geni\u015f bir perspektif ve tarihsel bak\u0131\u015f a\u00e7\u0131s\u0131yla ele alarak ger\u00e7eklerin uzun y\u0131llara yay\u0131lan \u00f6yk\u00fcs\u00fcn\u00fc sunuyor.Ba\u015fl\u0131ca d\u00f6rt b\u00f6l\u00fcmden olu\u015fan kitap, \u201c\u0130\u015fgal Y\u0131llar\u0131nda Ayasofya\u201d, \u201cAyasofya\u2019n\u0131n M\u00fczeye D\u00f6n\u00fc\u015ft\u00fcr\u00fclmesi\u201d, \u201c\u0130ddialar ve Tart\u0131\u015fmalar\u201d, \u201cM\u00fczeden Camiye D\u00f6n\u00fc\u015f\u201d ba\u015fl\u0131klar\u0131 alt\u0131nda, t\u00fcm\u00fcyle belgelere dayanarak Ayasofya ger\u00e7e\u011fini g\u00f6zler \u00f6n\u00fcne seriyor. Siyasi ve sosyal tarihimiz a\u00e7\u0131s\u0131ndan \u00e7ok \u00f6nemli bir yere sahip bulunan ve uluslararas\u0131 boyut ta\u015f\u0131yan bu e\u015fsiz mek\u00e2n, Mustafa Solak\u2019\u0131n ayr\u0131nt\u0131l\u0131 ve titiz incelemesiyle t\u00fcm sorular\u0131n yan\u0131tland\u0131\u011f\u0131 bu kitapla apayr\u0131 bir siluet kazan\u0131yor.Ayasofya M\u00fczesi M\u00fcd\u00fcr\u00fc, arkeolog ve sanat tarih\u00e7isi Erdem Y\u00fccel, kitab\u0131n sunu\u015f yaz\u0131s\u0131nda \u015f\u00f6yle diyor:\u201cGer\u00e7ekten b\u00fcy\u00fck bir bo\u015fluktu; adeta i\u011fneyle kuyu kazmak gibi bir \u00e7al\u0131\u015fmay\u0131 gerektiriyordu. G\u00fcn olmu\u015f bunu kimin yapaca\u011f\u0131n\u0131 d\u00fc\u015f\u00fcnm\u00fc\u015ft\u00fcm. Say\u0131n Solak\u2019\u0131n yazm\u0131\u015f oldu\u011fu bu eser kolay bir \u00e7al\u0131\u015fma de\u011fildir. 1930\u2019lu y\u0131llardan bu yana bas\u0131n\u0131 incelemi\u015f, ar\u015fivleri didik didik edip en ince ayr\u0131nt\u0131y\u0131 bulmu\u015f ve o belgeleri bir araya getirerek yorumlam\u0131\u015f. Bu arada zaman zaman ortaya at\u0131lan yalan yanl\u0131\u015f iddialara da de\u011finerek ger\u00e7ekleri ortaya koymu\u015f.\u201d<\/p>\n","protected":false},"excerpt":{"rendered":"<p>Ara\u015ft\u0131rmac\u0131-yazar Mustafa Solak, Ayasofya\u2019n\u0131n tekrar ibadete a\u00e7\u0131lmas\u0131 s\u00fcrecinde g\u00fcndeme gelen \u00e7ok \u00e7e\u015fitli iddialar\u0131 geni\u015f bir perspektif ve tarihsel bak\u0131\u015f a\u00e7\u0131s\u0131yla ele alarak ger\u00e7eklerin uzun y\u0131llara yay\u0131lan<span class=\"excerpt-hellip\"> [\u2026]<\/span><\/p>\n","protected":false},"featured_media":0,"template":"","meta":{"_monsterinsights_skip_tracking":false,"_monsterinsights_sitenote_active":false,"_monsterinsights_sitenote_note":"","_monsterinsights_sitenote_category":0},"product_brand":[],"product_cat":[12530,12304],"product_tag":[],"class_list":{"0":"post-729085","1":"product","2":"type-product","3":"status-publish","5":"product_cat-mustafa-kemal-ataturk","6":"product_cat-tarih","7":"pa_cilt-ciltsiz","8":"pa_tur-kitap","9":"pa_yayinevi-kaynak-yayinlari","10":"pa_yazar-mustafa-solak","12":"first","13":"instock","14":"sale","15":"shipping-taxable","16":"purchasable","17":"product-type-simple"},"_links":{"self":[{"href":"https:\/\/roveyayinevi.com.tr\/index.php\/wp-json\/wp\/v2\/product\/729085","targetHints":{"allow":["GET"]}}],"collection":[{"href":"https:\/\/roveyayinevi.com.tr\/index.php\/wp-json\/wp\/v2\/product"}],"about":[{"href":"https:\/\/roveyayinevi.com.tr\/index.php\/wp-json\/wp\/v2\/types\/product"}],"wp:attachment":[{"href":"https:\/\/roveyayinevi.com.tr\/index.php\/wp-json\/wp\/v2\/media?parent=729085"}],"wp:term":[{"taxonomy":"product_brand","embeddable":true,"href":"https:\/\/roveyayinevi.com.tr\/index.php\/wp-json\/wp\/v2\/product_brand?post=729085"},{"taxonomy":"product_cat","embeddable":true,"href":"https:\/\/roveyayinevi.com.tr\/index.php\/wp-json\/wp\/v2\/product_cat?post=729085"},{"taxonomy":"product_tag","embeddable":true,"href":"https:\/\/roveyayinevi.com.tr\/index.php\/wp-json\/wp\/v2\/product_tag?post=729085"}],"curies":[{"name":"wp","href":"https:\/\/api.w.org\/{rel}","templated":true}]}}