{"id":729084,"date":"2025-08-27T20:50:01","date_gmt":"2025-08-27T17:50:01","guid":{"rendered":"https:\/\/roveyayinevi.com.tr\/index.php\/urun\/dunyada-kendim-kadar-az-bildigim-baska-hicbir-sey-yok-hermann-hesseden-hayat-dersleri\/"},"modified":"2026-04-03T02:44:12","modified_gmt":"2026-04-02T23:44:12","slug":"dunyada-kendim-kadar-az-bildigim-baska-hicbir-sey-yok-hermann-hesseden-hayat-dersleri","status":"publish","type":"product","link":"https:\/\/roveyayinevi.com.tr\/index.php\/urun\/dunyada-kendim-kadar-az-bildigim-baska-hicbir-sey-yok-hermann-hesseden-hayat-dersleri\/","title":{"rendered":"D\u00fcnyada Kendim Kadar Az Bildi\u011fim Ba\u015fka Hi\u00e7bir \u015eey Yok &#8211; Hermann  Hesse\u2019den Hayat  Dersleri"},"content":{"rendered":"<p>20. asr\u0131n en b\u00fcy\u00fck ve en \u00e7ok okunan yazarlar\u0131ndan Hermann Hesse\u2019nin eserleriyle hen\u00fcz tan\u0131\u015fmam\u0131\u015f olanlar, zorlu ya\u015fam \u00f6yk\u00fcs\u00fcne y\u00f6nelik kayda de\u011fer kareleri ve yap\u0131tlar\u0131ndaki en \u00e7arp\u0131c\u0131 kesitleri bir arada g\u00f6rmek isteyenler, usta kalemin s\u0131ra d\u0131\u015f\u0131 d\u00fcnyas\u0131na bu kitab\u0131n kap\u0131s\u0131ndan girebilirler.    B\u00fct\u00fcn d\u00fcnyay\u0131 ele ge\u00e7irmi\u015fsin de ruhun zarar g\u00f6rm\u00fc\u015f bundan, neye yarar?   \u00d6yle bir d\u00fcnya ki en hamarat okurun en uzun \u00f6mr\u00fc bile binde birini anlamaya yetmez.    G\u00f6nl\u00fcn kap\u0131s\u0131 olsa \u00fcst\u00fcnde \u015fu yazard\u0131: \u201cGir ama incitme\u2026\u201d    Birisi mutlulu\u011fu ya da erdemiyle \u00f6v\u00fcn\u00fcyor, b\u00f6b\u00fcrleniyorsa onda bunun ikisi de yok demektir.    Biz bir insandan nefret ediyorsak bu insan\u0131n g\u00f6r\u00fcnt\u00fcs\u00fcyle kar\u015f\u0131m\u0131za \u00e7\u0131kan kendi i\u00e7imizde yuvalanm\u0131\u015f birinden nefret ediyoruzdur. Bizim kendi i\u00e7imizde olmayan \u015fey, bizi k\u0131zd\u0131rmaz.   \u00d6zlemini \u00e7ekti\u011finiz o hakikat, yaln\u0131zca benli\u011finizde ya\u015f\u0131yor. Ben size kendi i\u00e7inizde var olandan ba\u015fka bir \u015fey veremem, ruhunuzdakinden bir ba\u015fka resim galerisini buyur edip \u00e7\u0131karamam \u00f6n\u00fcn\u00fcze<\/p>\n","protected":false},"excerpt":{"rendered":"<p>20. asr\u0131n en b\u00fcy\u00fck ve en \u00e7ok okunan yazarlar\u0131ndan Hermann Hesse\u2019nin eserleriyle hen\u00fcz tan\u0131\u015fmam\u0131\u015f olanlar, zorlu ya\u015fam \u00f6yk\u00fcs\u00fcne y\u00f6nelik kayda de\u011fer kareleri ve yap\u0131tlar\u0131ndaki en \u00e7arp\u0131c\u0131<span class=\"excerpt-hellip\"> [\u2026]<\/span><\/p>\n","protected":false},"featured_media":0,"template":"","meta":{"_monsterinsights_skip_tracking":false,"_monsterinsights_sitenote_active":false,"_monsterinsights_sitenote_note":"","_monsterinsights_sitenote_category":0},"product_brand":[],"product_cat":[12364,12376],"product_tag":[],"class_list":{"0":"post-729084","1":"product","2":"type-product","3":"status-publish","5":"product_cat-genel-konular","6":"product_cat-kisisel-gelisim","7":"pa_cilt-ciltsiz","8":"pa_tur-kitap","9":"pa_yayinevi-hayykitap","10":"pa_yazar-nimet-karadag","12":"first","13":"instock","14":"sale","15":"shipping-taxable","16":"purchasable","17":"product-type-simple"},"_links":{"self":[{"href":"https:\/\/roveyayinevi.com.tr\/index.php\/wp-json\/wp\/v2\/product\/729084","targetHints":{"allow":["GET"]}}],"collection":[{"href":"https:\/\/roveyayinevi.com.tr\/index.php\/wp-json\/wp\/v2\/product"}],"about":[{"href":"https:\/\/roveyayinevi.com.tr\/index.php\/wp-json\/wp\/v2\/types\/product"}],"wp:attachment":[{"href":"https:\/\/roveyayinevi.com.tr\/index.php\/wp-json\/wp\/v2\/media?parent=729084"}],"wp:term":[{"taxonomy":"product_brand","embeddable":true,"href":"https:\/\/roveyayinevi.com.tr\/index.php\/wp-json\/wp\/v2\/product_brand?post=729084"},{"taxonomy":"product_cat","embeddable":true,"href":"https:\/\/roveyayinevi.com.tr\/index.php\/wp-json\/wp\/v2\/product_cat?post=729084"},{"taxonomy":"product_tag","embeddable":true,"href":"https:\/\/roveyayinevi.com.tr\/index.php\/wp-json\/wp\/v2\/product_tag?post=729084"}],"curies":[{"name":"wp","href":"https:\/\/api.w.org\/{rel}","templated":true}]}}