{"id":729082,"date":"2025-08-27T20:49:59","date_gmt":"2025-08-27T17:49:59","guid":{"rendered":"https:\/\/roveyayinevi.com.tr\/index.php\/urun\/kirilgan-seylerin-bilimi\/"},"modified":"2026-04-16T02:36:45","modified_gmt":"2026-04-15T23:36:45","slug":"kirilgan-seylerin-bilimi","status":"publish","type":"product","link":"https:\/\/roveyayinevi.com.tr\/index.php\/urun\/kirilgan-seylerin-bilimi\/","title":{"rendered":"K\u0131r\u0131lgan \u015eeylerin Bilimi"},"content":{"rendered":"<p>Soru: MUC\u0130ZE NASIL YET\u0130\u015eT\u0130R\u0130L\u0130R? \u0130\u015fin asl\u0131, Bay Neely s\u0131n\u0131ftakilerden \u00f6nemli bir soru bulup bilimsel y\u00f6ntem kullanarak cevaplamalar\u0131n\u0131 istedi\u011finde, kastetti\u011fi  bu t\u00fcrden bir soru de\u011fildi. Ama Natalie\u2019nin bitki bilimci annesi depresyonda ve Natalie i\u00e7in cevaplanmas\u0131 gereken SORU tam da bu.   Fen \u00f6\u011fretmeni yumurta atma yar\u0131\u015fmas\u0131na kat\u0131lmas\u0131n\u0131 \u00f6nerince Natalie, bunun t\u00fcm sorunlar\u0131 i\u00e7in m\u00fckemmel bir \u00e7\u00f6z\u00fcm olaca\u011f\u0131n\u0131 d\u00fc\u015f\u00fcn\u00fcr.  B\u00f6ylece en iyi arkada\u015f\u0131 Twig ve yeni \u00e7ocuk Dari ile tak\u0131m olabilecek ve \u00f6d\u00fcl\u00fc kazan\u0131rlarsa, annesini mucizevi Kobalt Mavisi Orkidelerini g\u00f6rmeye g\u00f6t\u00fcrebilecektir. T\u00fcm imk\u00e2ns\u0131zl\u0131klara ra\u011fmen hayatta kalabilen bu b\u00fcy\u00fcl\u00fc \u00e7i\u00e7eklerin, annesine yeniden ya\u015fama sevinci a\u015f\u0131layaca\u011f\u0131na emindir Natalie. Neticede, anne babalar k\u0131r\u0131lganla\u015ft\u0131\u011f\u0131nda onlar\u0131 kurtarmak \u00e7ocuklar\u0131n g\u00f6revidir, \u00f6yle de\u011fil mi?   Newberry \u00d6d\u00fcll\u00fc Tae Keller\u2019dan umudun, sevginin ve mucizelerin bilimi \u00fcst\u00fcne b\u00fcy\u00fcleyici bir roman. <\/p>\n","protected":false},"excerpt":{"rendered":"<p>Soru: MUC\u0130ZE NASIL YET\u0130\u015eT\u0130R\u0130L\u0130R? \u0130\u015fin asl\u0131, Bay Neely s\u0131n\u0131ftakilerden \u00f6nemli bir soru bulup bilimsel y\u00f6ntem kullanarak cevaplamalar\u0131n\u0131 istedi\u011finde, kastetti\u011fi bu t\u00fcrden bir soru de\u011fildi. Ama Natalie\u2019nin<span class=\"excerpt-hellip\"> [\u2026]<\/span><\/p>\n","protected":false},"featured_media":0,"template":"","meta":{"_monsterinsights_skip_tracking":false,"_monsterinsights_sitenote_active":false,"_monsterinsights_sitenote_note":"","_monsterinsights_sitenote_category":0},"product_brand":[],"product_cat":[12275,12274],"product_tag":[],"class_list":{"0":"post-729082","1":"product","2":"type-product","3":"status-publish","5":"product_cat-6-12-yas-kitaplari","6":"product_cat-cocuk-ve-genclik-kitaplari","7":"pa_cilt-ciltsiz","8":"pa_tur-kitap","9":"pa_yayinevi-domingo-yayinevi","10":"pa_yazar-tae-keller","12":"first","13":"instock","14":"sale","15":"shipping-taxable","16":"purchasable","17":"product-type-simple"},"_links":{"self":[{"href":"https:\/\/roveyayinevi.com.tr\/index.php\/wp-json\/wp\/v2\/product\/729082","targetHints":{"allow":["GET"]}}],"collection":[{"href":"https:\/\/roveyayinevi.com.tr\/index.php\/wp-json\/wp\/v2\/product"}],"about":[{"href":"https:\/\/roveyayinevi.com.tr\/index.php\/wp-json\/wp\/v2\/types\/product"}],"wp:attachment":[{"href":"https:\/\/roveyayinevi.com.tr\/index.php\/wp-json\/wp\/v2\/media?parent=729082"}],"wp:term":[{"taxonomy":"product_brand","embeddable":true,"href":"https:\/\/roveyayinevi.com.tr\/index.php\/wp-json\/wp\/v2\/product_brand?post=729082"},{"taxonomy":"product_cat","embeddable":true,"href":"https:\/\/roveyayinevi.com.tr\/index.php\/wp-json\/wp\/v2\/product_cat?post=729082"},{"taxonomy":"product_tag","embeddable":true,"href":"https:\/\/roveyayinevi.com.tr\/index.php\/wp-json\/wp\/v2\/product_tag?post=729082"}],"curies":[{"name":"wp","href":"https:\/\/api.w.org\/{rel}","templated":true}]}}