{"id":729081,"date":"2025-08-27T20:49:58","date_gmt":"2025-08-27T17:49:58","guid":{"rendered":"https:\/\/roveyayinevi.com.tr\/index.php\/urun\/lustra\/"},"modified":"2026-04-16T02:36:45","modified_gmt":"2026-04-15T23:36:45","slug":"lustra","status":"publish","type":"product","link":"https:\/\/roveyayinevi.com.tr\/index.php\/urun\/lustra\/","title":{"rendered":"Lustra"},"content":{"rendered":"<p>\u201cLustra bir anafor-kitapt\u0131r. Pound\u2019un 1913-16 y\u0131llar\u0131 aras\u0131nda Londra\u2019da yazd\u0131\u011f\u0131 bu \u015fiirler imgeyle siyaseti, lirizmle konu\u015fmay\u0131, n\u00fckteyle hicvi, trubadur \u015fark\u0131lar\u0131yla k\u00fcbizmi, farkl\u0131 k\u00fclt\u00fcr ve tarihleri birbirine katar, kar\u0131\u015ft\u0131r\u0131r; ancak bu anafora tek bir renk veya katman hakim olmad\u0131\u011f\u0131 gibi, okuyan\u0131 dibine \u00e7ekip bo\u011fmak yerine kendi d\u00f6ng\u00fcs\u00fcne kat\u0131lmaya davet eder. Bu girdap modern \u015fiirin kurucu kaynaklar\u0131ndan biridir.\u201d<\/p>\n","protected":false},"excerpt":{"rendered":"<p>\u201cLustra bir anafor-kitapt\u0131r. Pound\u2019un 1913-16 y\u0131llar\u0131 aras\u0131nda Londra\u2019da yazd\u0131\u011f\u0131 bu \u015fiirler imgeyle siyaseti, lirizmle konu\u015fmay\u0131, n\u00fckteyle hicvi, trubadur \u015fark\u0131lar\u0131yla k\u00fcbizmi, farkl\u0131 k\u00fclt\u00fcr ve tarihleri birbirine katar,<span class=\"excerpt-hellip\"> [\u2026]<\/span><\/p>\n","protected":false},"featured_media":0,"template":"","meta":{"_monsterinsights_skip_tracking":false,"_monsterinsights_sitenote_active":false,"_monsterinsights_sitenote_note":"","_monsterinsights_sitenote_category":0},"product_brand":[],"product_cat":[12291,12509],"product_tag":[],"class_list":{"0":"post-729081","1":"product","2":"type-product","3":"status-publish","5":"product_cat-edebiyat","6":"product_cat-siir","7":"pa_cilt-ciltsiz","8":"pa_tur-kitap","9":"pa_yayinevi-ketebe-yayinlari","10":"pa_yazar-ezra-pound","12":"first","13":"instock","14":"sale","15":"shipping-taxable","16":"purchasable","17":"product-type-simple"},"_links":{"self":[{"href":"https:\/\/roveyayinevi.com.tr\/index.php\/wp-json\/wp\/v2\/product\/729081","targetHints":{"allow":["GET"]}}],"collection":[{"href":"https:\/\/roveyayinevi.com.tr\/index.php\/wp-json\/wp\/v2\/product"}],"about":[{"href":"https:\/\/roveyayinevi.com.tr\/index.php\/wp-json\/wp\/v2\/types\/product"}],"wp:attachment":[{"href":"https:\/\/roveyayinevi.com.tr\/index.php\/wp-json\/wp\/v2\/media?parent=729081"}],"wp:term":[{"taxonomy":"product_brand","embeddable":true,"href":"https:\/\/roveyayinevi.com.tr\/index.php\/wp-json\/wp\/v2\/product_brand?post=729081"},{"taxonomy":"product_cat","embeddable":true,"href":"https:\/\/roveyayinevi.com.tr\/index.php\/wp-json\/wp\/v2\/product_cat?post=729081"},{"taxonomy":"product_tag","embeddable":true,"href":"https:\/\/roveyayinevi.com.tr\/index.php\/wp-json\/wp\/v2\/product_tag?post=729081"}],"curies":[{"name":"wp","href":"https:\/\/api.w.org\/{rel}","templated":true}]}}