{"id":729079,"date":"2025-08-27T20:49:56","date_gmt":"2025-08-27T17:49:56","guid":{"rendered":"https:\/\/roveyayinevi.com.tr\/index.php\/urun\/bilimin-sihirbazlari\/"},"modified":"2026-04-16T02:36:45","modified_gmt":"2026-04-15T23:36:45","slug":"bilimin-sihirbazlari","status":"publish","type":"product","link":"https:\/\/roveyayinevi.com.tr\/index.php\/urun\/bilimin-sihirbazlari\/","title":{"rendered":"Bilimin  Sihirbazlar\u0131"},"content":{"rendered":"<p>Evrenle ilgili daha \u00f6nce kimsenin bilmedi\u011fi  bir ger\u00e7e\u011fi bilmek ne hissettirir? Matematik, do\u011fan\u0131n gizemlerini a\u00e7\u0131klamakta neden sihirli bir \u015fekilde etkili? Bu kitap bilim sihirbazlar\u0131yla ilgili. Bunlar matemati\u011fi kullanarak, daha \u00f6nce bilinmeyen gezegenlerden, g\u00f6r\u00fcnmez kuvvet \u00e7izgilerine, varl\u0131klar\u0131ndan habersiz oldu\u011fumuz atom alt\u0131 par\u00e7ac\u0131klardan, hatta kar\u015f\u0131-par\u00e7ac\u0131klardan uzayzamandaki dalgalanmalara kadar \u00f6nceden fark\u0131nda olmad\u0131\u011f\u0131m\u0131z pek \u00e7ok gizemi ayd\u0131nlatt\u0131lar. Bilinmeyen bir gezegenin varl\u0131\u011f\u0131 Urbain Le Verrier taraf\u0131ndan \u00f6ng\u00f6r\u00fcld\u00fc; Maxwell \u0131\u015f\u0131\u011f\u0131n bir elektrik ve manyetizma dalgas\u0131 oldu\u011fu \u015feklindeki \u00e7arp\u0131c\u0131 fark\u0131ndal\u0131\u011fa ula\u015ft\u0131; \u0130ngiliz fizik\u00e7i Paul Dirac o g\u00fcne dek varl\u0131\u011f\u0131na dair bir \u015f\u00fcphenin bile olmad\u0131\u011f\u0131 \u201ckar\u015f\u0131-madde\u201d evrenini ortaya \u00e7\u0131kard\u0131; Einstein \u0131\u015f\u0131\u011f\u0131n par\u00e7ac\u0131klar olu\u015ftu\u011funu ispatlamakla kalmay\u0131p, zaman\u0131n d\u00f6rd\u00fcnc\u00fc boyut oldu\u011funu g\u00f6stererek uzayzaman kavram\u0131n\u0131 ve genel k\u00fctle\u00e7ekim kuram\u0131n\u0131 bize kazand\u0131rd\u0131; Wolfgang Pauli varl\u0131\u011f\u0131 y\u0131llar sonra kan\u0131tlanacak n\u00f6trinolar\u0131 \u00f6ng\u00f6rd\u00fc; Robert Brout, Fran\u00e7ois Englert ve Higgs b\u00fct\u00fcn evreni kaplayan bir alan olmas\u0131 gerekti\u011fini \u00f6ne s\u00fcrd\u00fckten 50 y\u0131l sonra bu kuram kan\u0131tlanabildi. Bilimin merkezindeki sihri g\u00f6zler \u00f6n\u00fcne seren onlarca insan\u0131n \u00f6yk\u00fcleri ve bilimsel ba\u015far\u0131lar\u0131 bu kitapta yer al\u0131yor. \u201c\u0130yi pop\u00fcler bilim yaz\u0131m\u0131na en g\u00fczel \u00f6rnek.\u201d \u2013Jim Al-Khalili \u201dOla\u011fan\u00fcst\u00fc harika.\u201d \u2013Richard Dawkins \u201cHem e\u011flenceli hem de \u00e7ok \u00f6\u011fretici.\u201d \u2013The Times <\/p>\n","protected":false},"excerpt":{"rendered":"<p>Evrenle ilgili daha \u00f6nce kimsenin bilmedi\u011fi bir ger\u00e7e\u011fi bilmek ne hissettirir? Matematik, do\u011fan\u0131n gizemlerini a\u00e7\u0131klamakta neden sihirli bir \u015fekilde etkili? Bu kitap bilim sihirbazlar\u0131yla ilgili. Bunlar<span class=\"excerpt-hellip\"> [\u2026]<\/span><\/p>\n","protected":false},"featured_media":0,"template":"","meta":{"_monsterinsights_skip_tracking":false,"_monsterinsights_sitenote_active":false,"_monsterinsights_sitenote_note":"","_monsterinsights_sitenote_category":0},"product_brand":[],"product_cat":[13005,37328],"product_tag":[],"class_list":{"0":"post-729079","1":"product","2":"type-product","3":"status-publish","5":"product_cat-bilim-muhendislik","6":"product_cat-diger-bilim-muhendislik","7":"pa_cilt-ciltsiz","8":"pa_tur-kitap","9":"pa_yayinevi-alfa-yayinlari","10":"pa_yazar-marcus-chown","12":"first","13":"instock","14":"sale","15":"shipping-taxable","16":"purchasable","17":"product-type-simple"},"_links":{"self":[{"href":"https:\/\/roveyayinevi.com.tr\/index.php\/wp-json\/wp\/v2\/product\/729079","targetHints":{"allow":["GET"]}}],"collection":[{"href":"https:\/\/roveyayinevi.com.tr\/index.php\/wp-json\/wp\/v2\/product"}],"about":[{"href":"https:\/\/roveyayinevi.com.tr\/index.php\/wp-json\/wp\/v2\/types\/product"}],"wp:attachment":[{"href":"https:\/\/roveyayinevi.com.tr\/index.php\/wp-json\/wp\/v2\/media?parent=729079"}],"wp:term":[{"taxonomy":"product_brand","embeddable":true,"href":"https:\/\/roveyayinevi.com.tr\/index.php\/wp-json\/wp\/v2\/product_brand?post=729079"},{"taxonomy":"product_cat","embeddable":true,"href":"https:\/\/roveyayinevi.com.tr\/index.php\/wp-json\/wp\/v2\/product_cat?post=729079"},{"taxonomy":"product_tag","embeddable":true,"href":"https:\/\/roveyayinevi.com.tr\/index.php\/wp-json\/wp\/v2\/product_tag?post=729079"}],"curies":[{"name":"wp","href":"https:\/\/api.w.org\/{rel}","templated":true}]}}